{"id":1494,"date":"2020-03-17T15:59:42","date_gmt":"2020-03-17T14:59:42","guid":{"rendered":"https:\/\/www.gerharddeim.at\/?page_id=1494"},"modified":"2024-05-24T20:19:07","modified_gmt":"2024-05-24T18:19:07","slug":"probierpakete","status":"publish","type":"page","link":"http:\/\/www.gerharddeim.at\/en\/probierpakete\/","title":{"rendered":"Tasting boxes"},"content":{"rendered":"<div data-elementor-type=\"wp-page\" data-elementor-id=\"1494\" class=\"elementor elementor-1494\" data-elementor-post-type=\"page\">\n\t\t\t\t\t\t<section class=\"elementor-section elementor-top-section elementor-element elementor-element-8b92e4d elementor-section-full_width elementor-section-height-default elementor-section-height-default\" data-id=\"8b92e4d\" data-element_type=\"section\" data-settings=\"{&quot;background_background&quot;:&quot;classic&quot;}\">\n\t\t\t\t\t\t\t<div class=\"elementor-background-overlay\"><\/div>\n\t\t\t\t\t\t\t<div class=\"elementor-container elementor-column-gap-default\">\n\t\t\t\t\t<div class=\"elementor-column elementor-col-100 elementor-top-column elementor-element elementor-element-680d847\" data-id=\"680d847\" data-element_type=\"column\">\n\t\t\t<div class=\"elementor-widget-wrap elementor-element-populated\">\n\t\t\t\t\t\t<div class=\"elementor-element elementor-element-7d21fd3 elementor-widget elementor-widget-heading\" data-id=\"7d21fd3\" data-element_type=\"widget\" data-widget_type=\"heading.default\">\n\t\t\t\t<div class=\"elementor-widget-container\">\n\t\t\t\t\t<h2 class=\"elementor-heading-title elementor-size-default\">Tasting boxes<\/h2>\t\t\t\t<\/div>\n\t\t\t\t<\/div>\n\t\t\t\t<div class=\"elementor-element elementor-element-33d5cc4 elementor-widget elementor-widget-text-editor\" data-id=\"33d5cc4\" data-element_type=\"widget\" data-widget_type=\"text-editor.default\">\n\t\t\t\t<div class=\"elementor-widget-container\">\n\t\t\t\t\t\t\t\t\t<p><span style=\"font-size: 18px; letter-spacing: 0px;\">Free shipment for all our wines and our tasting packages within Austria. (other countries on request)<\/span><\/p>\n<p><span style=\"font-size: 18px; letter-spacing: 0px;\">&nbsp;<\/span><\/p>\n<p style=\"font-variant-ligatures: normal; font-variant-caps: normal; font-family: 'Playfair Display', sans-serif; font-size: 18px; font-style: normal; font-weight: 500;\"><span style=\"font-size: 18px; letter-spacing: 0px;\"><b>SCHAUMWEIN . PAKET<br><\/b><\/span><em>sparkling joy<\/em><i style=\"font-style: normal; font-size: 18px; letter-spacing: 0px;\"><br><\/i><span style=\"font-size: 18px; font-style: normal; font-weight: bold; letter-spacing: 0px;\">\u20ac 65,- \/ 6er Karton<\/span><\/p>\n<p style=\"font-variant-ligatures: normal; font-variant-caps: normal; font-family: 'Playfair Display', sans-serif; font-size: 18px; font-style: normal; font-weight: 500;\"><span style=\"font-family: 'Playfair Display', sans-serif; font-size: 18px; font-style: normal; font-variant-ligatures: normal; font-variant-caps: normal; font-weight: 500;\">3x 50:50<\/span><br><span style=\"font-family: 'Playfair Display', sans-serif; font-size: 18px; font-style: normal; font-variant-ligatures: normal; font-variant-caps: normal; font-weight: 500;\">3x Ros\u00e9 Frizzante<\/span><\/p><p style=\"font-variant-ligatures: normal; font-variant-caps: normal; font-family: 'Playfair Display', sans-serif; font-size: 18px; font-style: normal; font-weight: 500;\"><span style=\"font-family: 'Playfair Display', sans-serif; font-size: 18px; font-style: normal; font-variant-ligatures: normal; font-variant-caps: normal; font-weight: 500;\"><br><\/span><\/p>\n<p style=\"font-variant-ligatures: normal; font-variant-caps: normal; font-family: 'Playfair Display', sans-serif; font-size: 18px; font-style: normal; font-weight: 500;\"><span style=\"font-size: 18px; letter-spacing: 0px;\"><b>FR\u00dcHLINGS . PAKET<br><\/b><\/span><em>easy drinking<\/em><i style=\"font-style: normal; font-size: 18px; letter-spacing: 0px;\"><br><\/i><span style=\"font-size: 18px; font-style: normal; font-weight: bold; letter-spacing: 0px;\">\u20ac 40,- \/ box of 6<\/span><\/p>\n<p style=\"font-variant-ligatures: normal; font-variant-caps: normal; font-family: 'Playfair Display', sans-serif; font-size: 18px; font-style: normal; font-weight: 500;\"><span style=\"font-family: 'Playfair Display', sans-serif; font-size: 18px; font-style: normal; font-variant-ligatures: normal; font-variant-caps: normal; font-weight: 500;\">1x Muskateller<\/span><br><span style=\"font-family: 'Playfair Display', sans-serif; font-size: 18px; font-style: normal; font-variant-ligatures: normal; font-variant-caps: normal; font-weight: 500;\">1x Ros\u00e9<br><\/span><span style=\"font-family: 'Playfair Display', sans-serif; font-size: 18px; font-style: normal; font-variant-ligatures: normal; font-variant-caps: normal; font-weight: 500;\">1x Hauptsache Veltliner &#8230;<\/span><span style=\"font-family: 'Playfair Display', sans-serif; font-size: 18px; font-style: normal; font-variant-ligatures: normal; font-variant-caps: normal; font-weight: 500;\"><br><\/span><span style=\"font-size: 18px; letter-spacing: 0px;\">1x Weinzapfl Gr\u00fcner Veltliner<br>1x Kamptal Gr\u00fcner Veltliner<br>1x Kamptal Riesling<\/span><\/p>\n<p style=\"font-variant-ligatures: normal; font-variant-caps: normal; font-family: 'Playfair Display', sans-serif; font-size: 18px; font-style: normal; font-weight: 500;\"><span style=\"font-size: 18px; letter-spacing: 0px;\"><span style=\"font-size: 18px; font-style: normal; font-weight: bold;\">&nbsp;<\/span><\/span><\/p>\n<p style=\"font-variant-ligatures: normal; font-variant-caps: normal; font-family: 'Playfair Display', sans-serif; font-size: 18px; font-style: normal; font-weight: 500;\"><span style=\"font-size: 18px; letter-spacing: 0px;\"><span style=\"font-size: 18px; font-style: normal; font-weight: bold;\">KAMPTAL . PAKET<br><\/span><span style=\"font-size: 18px;\"><i style=\"font-size: 18px;\">taste origin<br><\/i><\/span><span style=\"font-size: 18px; font-style: normal; font-weight: bold;\">\u20ac 70,- \/ 6er Karton<\/span><\/span><\/p>\n<p style=\"font-variant-ligatures: normal; font-variant-caps: normal; font-family: 'Playfair Display', sans-serif; font-size: 18px; font-style: normal; font-weight: 500;\"><span style=\"font-variant-ligatures: normal; font-variant-caps: normal; font-family: 'Playfair Display', sans-serif; font-size: 18px; font-style: normal; font-weight: 500; letter-spacing: 0px;\">1x Kamptal Gr\u00fcner Veltliner<br>1x Kamptal Riesling<br><\/span><span style=\"font-variant-ligatures: normal; font-variant-caps: normal; font-family: 'Playfair Display', sans-serif; font-size: 18px; font-style: normal; font-weight: 500;\">1x Sch\u00f6nberg Gr\u00fcner Veltliner<\/span><br><span style=\"font-variant-ligatures: normal; font-variant-caps: normal; font-family: 'Playfair Display', sans-serif; font-size: 18px; font-style: normal; font-weight: 500;\">1x Sch\u00f6nberg Riesling<\/span><span style=\"font-variant-ligatures: normal; font-variant-caps: normal; font-family: 'Playfair Display', sans-serif; font-size: 18px; font-style: normal; font-weight: 500; letter-spacing: 0px;\"><br>1x Ried Bernthal<br>1x Ried Heiligenstein<\/span><\/p>\n<p style=\"font-variant-ligatures: normal; font-variant-caps: normal; font-family: 'Playfair Display', sans-serif; font-size: 18px; font-style: normal; font-weight: 500;\"><span style=\"font-variant-ligatures: normal; font-variant-caps: normal; font-family: 'Playfair Display', sans-serif; font-size: 18px; font-style: normal; font-weight: 500; letter-spacing: 0px;\">&nbsp;<\/span><\/p>\n<p style=\"font-variant-ligatures: normal; font-variant-caps: normal; font-family: 'Playfair Display', sans-serif; font-size: 18px;\"><span style=\"font-style: normal; font-weight: bold; font-size: 18px; letter-spacing: 0px;\">RIEDEN . PAKET<br><\/span><i style=\"font-size: 18px; letter-spacing: 0px;\">single vineyard wines<br><\/i><span style=\"font-style: normal; font-weight: bold; font-size: 18px; letter-spacing: 0px;\">\u20ac 105,- \/ 6er Karton<\/span><\/p>\n<p style=\"font-variant-ligatures: normal; font-variant-caps: normal; font-family: 'Playfair Display', sans-serif; font-size: 18px; font-style: normal;\"><span style=\"font-size: 18px; letter-spacing: 0px;\"><span style=\"font-size: 18px;\">2x Ried Bernthal&nbsp;<br>2x Ried Kalvarienberg&nbsp;<br><\/span><\/span><span style=\"font-size: 18px; letter-spacing: 0px;\"><span style=\"font-size: 18px;\">2x Ried Heiligenstein<br><\/span><\/span><\/p>\n<p><\/p>\n<p><span style=\"font-size: 18px; letter-spacing: 0px;\"><b>GENUSSPAKET .&nbsp; XXL<\/b><br><i>everything your heart desires<\/i><br><b>\u20ac 105,- \/ 12er Karton<\/b><\/span><\/p>\n<p><span style=\"font-size: 18px; letter-spacing: 0px;\">1x 50:50<br>1x Ros\u00e9 Frizzante<br>1x Muskateller Zwei G\u00e4rten<br>1x Ros\u00e9<br>1x Hauptsache Veltliner &#8230;<br><\/span><span style=\"font-family: 'Playfair Display', sans-serif; font-size: 18px; font-style: normal; font-variant-ligatures: normal; font-variant-caps: normal; font-weight: 500;\">1x Weinzapfl Gr\u00fcner Veltliner<br>1x Kamptal Gr\u00fcner Veltliner<br>1x Kamptal Riesling<br>1x Sch\u00f6nberg Gr\u00fcner Veltliner<\/span><br><span style=\"font-size: 18px; letter-spacing: 0px;\">1x Sch\u00f6nberg Riesling<br>1x Ried Bernthal<\/span><span style=\"font-family: 'Playfair Display', sans-serif; font-size: 18px; font-style: normal; font-variant-ligatures: normal; font-variant-caps: normal; font-weight: 500;\"><br><\/span><span style=\"font-size: 18px; letter-spacing: 0px;\">1x Zweigelt KK<br><\/span><\/p>\t\t\t\t\t\t\t\t<\/div>\n\t\t\t\t<\/div>\n\t\t\t\t<div class=\"elementor-element elementor-element-ca1d172 elementor-align-center elementor-widget elementor-widget-button\" data-id=\"ca1d172\" data-element_type=\"widget\" data-widget_type=\"button.default\">\n\t\t\t\t<div class=\"elementor-widget-container\">\n\t\t\t\t\t\t\t\t\t<div class=\"elementor-button-wrapper\">\n\t\t\t\t\t<a class=\"elementor-button elementor-button-link elementor-size-sm\" href=\"https:\/\/www.gerharddeim.at\/en\/kontakt\/\">\n\t\t\t\t\t\t<span class=\"elementor-button-content-wrapper\">\n\t\t\t\t\t\t\t\t\t<span class=\"elementor-button-text\">Bestellungen &gt;&gt;<\/span>\n\t\t\t\t\t<\/span>\n\t\t\t\t\t<\/a>\n\t\t\t\t<\/div>\n\t\t\t\t\t\t\t\t<\/div>\n\t\t\t\t<\/div>\n\t\t\t\t<div class=\"elementor-element elementor-element-4968314 elementor-widget elementor-widget-text-editor\" data-id=\"4968314\" data-element_type=\"widget\" data-widget_type=\"text-editor.default\">\n\t\t\t\t<div class=\"elementor-widget-container\">\n\t\t\t\t\t\t\t\t\t<p><span style=\"font-size: 18px; letter-spacing: 0px;\">Pricelists or Orders:<\/span><\/p><p><span style=\"font-size: 18px; letter-spacing: 0px;\">wein@deim.at<br \/>+43 664\/9446487<\/span><span style=\"font-size: 18px; letter-spacing: 0px;\">\u00a0<\/span><\/p>\t\t\t\t\t\t\t\t<\/div>\n\t\t\t\t<\/div>\n\t\t\t\t<div class=\"elementor-element elementor-element-a7be3dd elementor-align-center elementor-widget elementor-widget-button\" data-id=\"a7be3dd\" data-element_type=\"widget\" data-widget_type=\"button.default\">\n\t\t\t\t<div class=\"elementor-widget-container\">\n\t\t\t\t\t\t\t\t\t<div class=\"elementor-button-wrapper\">\n\t\t\t\t\t<a class=\"elementor-button elementor-button-link elementor-size-sm\" href=\"https:\/\/www.gerharddeim.at\/en\/weine\/\">\n\t\t\t\t\t\t<span class=\"elementor-button-content-wrapper\">\n\t\t\t\t\t\t\t\t\t<span class=\"elementor-button-text\">ZU DEN WEINEN &gt;&gt;<\/span>\n\t\t\t\t\t<\/span>\n\t\t\t\t\t<\/a>\n\t\t\t\t<\/div>\n\t\t\t\t\t\t\t\t<\/div>\n\t\t\t\t<\/div>\n\t\t\t\t<div class=\"elementor-element elementor-element-829d5a8 elementor-align-center elementor-widget elementor-widget-button\" data-id=\"829d5a8\" data-element_type=\"widget\" data-widget_type=\"button.default\">\n\t\t\t\t<div class=\"elementor-widget-container\">\n\t\t\t\t\t\t\t\t\t<div class=\"elementor-button-wrapper\">\n\t\t\t\t\t<a class=\"elementor-button elementor-button-link elementor-size-sm\" href=\"https:\/\/www.gerharddeim.at\/en\/weinblog\/\">\n\t\t\t\t\t\t<span class=\"elementor-button-content-wrapper\">\n\t\t\t\t\t\t\t\t\t<span class=\"elementor-button-text\">&lt;&lt; Weinblog<\/span>\n\t\t\t\t\t<\/span>\n\t\t\t\t\t<\/a>\n\t\t\t\t<\/div>\n\t\t\t\t\t\t\t\t<\/div>\n\t\t\t\t<\/div>\n\t\t\t\t\t<\/div>\n\t\t<\/div>\n\t\t\t\t\t<\/div>\n\t\t<\/section>\n\t\t\t\t<\/div>","protected":false},"excerpt":{"rendered":"<p>Probierpakete Wir versenden alle unsere Weine ab 12 Flaschen versandkostenfrei \u00f6sterreichweit. (andere L\u00e4nder auf Anfrage) &nbsp; SCHAUMWEIN . PAKETprickelnder Genuss\u20ac 65,- \/ 6er Karton 3x 50:503x Ros\u00e9 Frizzante FR\u00dcHLINGS . PAKETunbeschwerter Genuss\u20ac 40,- \/ 6er Karton 1x Muskateller1x Ros\u00e91x Hauptsache Veltliner &#8230;1x Weinzapfl Gr\u00fcner Veltliner1x Kamptal Gr\u00fcner Veltliner1x Kamptal Riesling &nbsp; KAMPTAL . PAKETHerkunft schmecken\u20ac [&hellip;]<\/p>","protected":false},"author":1,"featured_media":0,"parent":0,"menu_order":0,"comment_status":"closed","ping_status":"closed","template":"","meta":{"ocean_post_layout":"full-screen","ocean_both_sidebars_style":"","ocean_both_sidebars_content_width":0,"ocean_both_sidebars_sidebars_width":0,"ocean_sidebar":"0","ocean_second_sidebar":"0","ocean_disable_margins":"enable","ocean_add_body_class":"","ocean_shortcode_before_top_bar":"","ocean_shortcode_after_top_bar":"","ocean_shortcode_before_header":"","ocean_shortcode_after_header":"","ocean_has_shortcode":"","ocean_shortcode_after_title":"","ocean_shortcode_before_footer_widgets":"","ocean_shortcode_after_footer_widgets":"","ocean_shortcode_before_footer_bottom":"","ocean_shortcode_after_footer_bottom":"","ocean_display_top_bar":"off","ocean_display_header":"on","ocean_header_style":"","ocean_center_header_left_menu":"0","ocean_custom_header_template":"0","ocean_custom_logo":0,"ocean_custom_retina_logo":0,"ocean_custom_logo_max_width":0,"ocean_custom_logo_tablet_max_width":0,"ocean_custom_logo_mobile_max_width":0,"ocean_custom_logo_max_height":0,"ocean_custom_logo_tablet_max_height":0,"ocean_custom_logo_mobile_max_height":0,"ocean_header_custom_menu":"0","ocean_menu_typo_font_family":"0","ocean_menu_typo_font_subset":"","ocean_menu_typo_font_size":0,"ocean_menu_typo_font_size_tablet":0,"ocean_menu_typo_font_size_mobile":0,"ocean_menu_typo_font_size_unit":"px","ocean_menu_typo_font_weight":"","ocean_menu_typo_font_weight_tablet":"","ocean_menu_typo_font_weight_mobile":"","ocean_menu_typo_transform":"","ocean_menu_typo_transform_tablet":"","ocean_menu_typo_transform_mobile":"","ocean_menu_typo_line_height":0,"ocean_menu_typo_line_height_tablet":0,"ocean_menu_typo_line_height_mobile":0,"ocean_menu_typo_line_height_unit":"","ocean_menu_typo_spacing":0,"ocean_menu_typo_spacing_tablet":0,"ocean_menu_typo_spacing_mobile":0,"ocean_menu_typo_spacing_unit":"","ocean_menu_link_color":"","ocean_menu_link_color_hover":"","ocean_menu_link_color_active":"","ocean_menu_link_background":"","ocean_menu_link_hover_background":"","ocean_menu_link_active_background":"","ocean_menu_social_links_bg":"","ocean_menu_social_hover_links_bg":"","ocean_menu_social_links_color":"","ocean_menu_social_hover_links_color":"","ocean_disable_title":"on","ocean_disable_heading":"default","ocean_post_title":"","ocean_post_subheading":"","ocean_post_title_style":"","ocean_post_title_background_color":"","ocean_post_title_background":0,"ocean_post_title_bg_image_position":"","ocean_post_title_bg_image_attachment":"","ocean_post_title_bg_image_repeat":"","ocean_post_title_bg_image_size":"","ocean_post_title_height":0,"ocean_post_title_bg_overlay":0.5,"ocean_post_title_bg_overlay_color":"","ocean_disable_breadcrumbs":"default","ocean_breadcrumbs_color":"","ocean_breadcrumbs_separator_color":"","ocean_breadcrumbs_links_color":"","ocean_breadcrumbs_links_hover_color":"","ocean_display_footer_widgets":"on","ocean_display_footer_bottom":"off","ocean_custom_footer_template":"1156","footnotes":""},"class_list":["post-1494","page","type-page","status-publish","hentry","entry","owp-thumbs-layout-horizontal","owp-btn-normal","owp-tabs-layout-horizontal","has-no-thumbnails","has-product-nav"],"jetpack_sharing_enabled":true,"_links":{"self":[{"href":"http:\/\/www.gerharddeim.at\/en\/wp-json\/wp\/v2\/pages\/1494","targetHints":{"allow":["GET"]}}],"collection":[{"href":"http:\/\/www.gerharddeim.at\/en\/wp-json\/wp\/v2\/pages"}],"about":[{"href":"http:\/\/www.gerharddeim.at\/en\/wp-json\/wp\/v2\/types\/page"}],"author":[{"embeddable":true,"href":"http:\/\/www.gerharddeim.at\/en\/wp-json\/wp\/v2\/users\/1"}],"replies":[{"embeddable":true,"href":"http:\/\/www.gerharddeim.at\/en\/wp-json\/wp\/v2\/comments?post=1494"}],"version-history":[{"count":0,"href":"http:\/\/www.gerharddeim.at\/en\/wp-json\/wp\/v2\/pages\/1494\/revisions"}],"wp:attachment":[{"href":"http:\/\/www.gerharddeim.at\/en\/wp-json\/wp\/v2\/media?parent=1494"}],"curies":[{"name":"wp","href":"https:\/\/api.w.org\/{rel}","templated":true}]}}