{"id":1781,"date":"2020-11-04T10:20:42","date_gmt":"2020-11-04T09:20:42","guid":{"rendered":"https:\/\/www.gerharddeim.at\/?page_id=1781"},"modified":"2021-01-16T16:50:23","modified_gmt":"2021-01-16T15:50:23","slug":"a-la-carte-weinguide-2021","status":"publish","type":"page","link":"http:\/\/www.gerharddeim.at\/en\/a-la-carte-weinguide-2021\/","title":{"rendered":"A la Carte Wineguide 2021"},"content":{"rendered":"<div data-elementor-type=\"wp-page\" data-elementor-id=\"1781\" class=\"elementor elementor-1781\" data-elementor-post-type=\"page\">\n\t\t\t\t\t\t<section class=\"elementor-section elementor-top-section elementor-element elementor-element-f43e38d elementor-section-boxed elementor-section-height-default elementor-section-height-default\" data-id=\"f43e38d\" data-element_type=\"section\" data-settings=\"{&quot;background_background&quot;:&quot;classic&quot;}\">\n\t\t\t\t\t\t\t<div class=\"elementor-background-overlay\"><\/div>\n\t\t\t\t\t\t\t<div class=\"elementor-container elementor-column-gap-default\">\n\t\t\t\t\t<div class=\"elementor-column elementor-col-100 elementor-top-column elementor-element elementor-element-4eb84c9\" data-id=\"4eb84c9\" data-element_type=\"column\">\n\t\t\t<div class=\"elementor-widget-wrap elementor-element-populated\">\n\t\t\t\t\t\t<div class=\"elementor-element elementor-element-e99528a elementor-widget elementor-widget-heading\" data-id=\"e99528a\" data-element_type=\"widget\" data-widget_type=\"heading.default\">\n\t\t\t\t<div class=\"elementor-widget-container\">\n\t\t\t\t\t<h2 class=\"elementor-heading-title elementor-size-default\">A la Carte Wineguide 2021<\/h2>\t\t\t\t<\/div>\n\t\t\t\t<\/div>\n\t\t\t\t<div class=\"elementor-element elementor-element-30668d2 elementor-widget elementor-widget-text-editor\" data-id=\"30668d2\" data-element_type=\"widget\" data-widget_type=\"text-editor.default\">\n\t\t\t\t<div class=\"elementor-widget-container\">\n\t\t\t\t\t\t\t\t\t<p>This year, for the first time, we are represented in the A la Carte Wine Guide and are pleased to receive excellent ratings for our wines. All tasting notes at a glance (in german):<\/p><p><b>94 Ried Sch\u00f6nberger Irbling Riesling 2019<\/b><br \/>jugendliche Farbe, intensive, reife Fruchtnoten, Rancio, Weingartenpfirsich, Mandarine, k\u00f6rperreich, straff, markantes Frucht-S\u00e4ure-Spiel, dicht und pr\u00e4zise im Finish, fruchtiger Nachhall, sehr lang anhaltend<\/p><p><b>93,5 Ried Kalvarienberg Auslese 2017<\/b><br \/>jugendliche Farbnoten, komplexe Nase, Steinobst, Mandarine, Gew\u00fcrznelke, saftiger Wein, Melone und Bl\u00fctenhonig, Mandeln und nussige W\u00fcrze balancieren die Rests\u00fc\u00dfe, gute L\u00e4nge<\/p><p><b>93 Ried Sch\u00f6nberger Bernthal Gr\u00fcner Veltliner 2019<\/b><br \/>jugendliche Farbe, fruchtige Aromatik, Nashi-Birne, Nektarine, kandierte Orange, zarte W\u00fcrze, gehaltvoll, lebendige Textur, fruchtig-pikanter Abgang, zarter Gerbstoff, gute L\u00e4nge<\/p><p><b>93 Ried Sch\u00f6nberger Kalvarienberg Gr\u00fcner Veltliner 2019<\/b><br \/>helle Farbe, komplexe Nase, gelber Pfirsich, Melone, Mandarine, Antipasti-Noten, Zitrus, opulenter Wein, harmonische Textur, fruchtiger Abgang, lang anhaltend, Rancio und Gew\u00fcrznelke im Nachhall, Potenzial<\/p><p><b>91,5 Sch\u00f6nberg Riesling 2019<\/b><br \/>helle Farbe, nuanciertes Bukett, kandierte Ananas, Passionsfrucht, Limette, stoffig, lebendiger Trinkfluss, fruchtig-pr\u00e4ziser Abgang, langer Nachhall<\/p><p><b>91 Sch\u00f6nberg Gr\u00fcner Veltliner 2019<\/b><br \/>helles Gelb, saftige, reife Frucht, Mandarine, kandierte Ananas und Orange, Verbene, Nelken, stoffig, lebendiger Trinkfluss, fruchtig-w\u00fcrzig im Finish, langer Nachhall, Kumqauts im R\u00fcckaroma<\/p><p><b>90 Kamptal Gr\u00fcner Veltliner 2019<br \/><\/b>helle Farbe, feine Steinobstnoten, Limette, zarte W\u00fcrze, saftiger Wein, lebendige Struktur, fruchtig-pikanter Abgang, gute L\u00e4nge<\/p>\t\t\t\t\t\t\t\t<\/div>\n\t\t\t\t<\/div>\n\t\t\t\t<div class=\"elementor-element elementor-element-9ceb7c8 elementor-align-center elementor-widget elementor-widget-button\" data-id=\"9ceb7c8\" data-element_type=\"widget\" data-widget_type=\"button.default\">\n\t\t\t\t<div class=\"elementor-widget-container\">\n\t\t\t\t\t\t\t\t\t<div class=\"elementor-button-wrapper\">\n\t\t\t\t\t<a class=\"elementor-button elementor-button-link elementor-size-sm\" href=\"https:\/\/www.gerharddeim.at\/en\/weine\/\">\n\t\t\t\t\t\t<span class=\"elementor-button-content-wrapper\">\n\t\t\t\t\t\t\t\t\t<span class=\"elementor-button-text\">alle Weine &gt;&gt;<\/span>\n\t\t\t\t\t<\/span>\n\t\t\t\t\t<\/a>\n\t\t\t\t<\/div>\n\t\t\t\t\t\t\t\t<\/div>\n\t\t\t\t<\/div>\n\t\t\t\t<div class=\"elementor-element elementor-element-887e364 elementor-align-center elementor-widget elementor-widget-button\" data-id=\"887e364\" data-element_type=\"widget\" data-widget_type=\"button.default\">\n\t\t\t\t<div class=\"elementor-widget-container\">\n\t\t\t\t\t\t\t\t\t<div class=\"elementor-button-wrapper\">\n\t\t\t\t\t<a class=\"elementor-button elementor-button-link elementor-size-sm\" href=\"https:\/\/www.gerharddeim.at\/en\/weinblog\/\">\n\t\t\t\t\t\t<span class=\"elementor-button-content-wrapper\">\n\t\t\t\t\t\t\t\t\t<span class=\"elementor-button-text\">&lt;&lt; Weinblog<\/span>\n\t\t\t\t\t<\/span>\n\t\t\t\t\t<\/a>\n\t\t\t\t<\/div>\n\t\t\t\t\t\t\t\t<\/div>\n\t\t\t\t<\/div>\n\t\t\t\t\t<\/div>\n\t\t<\/div>\n\t\t\t\t\t<\/div>\n\t\t<\/section>\n\t\t\t\t<\/div>","protected":false},"excerpt":{"rendered":"<p>A la Carte Weinguide 2021 Erstmals sind wir heuer im A la Carte Weinguide vertreten und freuen uns \u00fcber hervorragende Bewertungen f\u00fcr unsere Weine. Alle Verkostungsnotizen im \u00dcberblick: 94 Ried Sch\u00f6nberger Irbling Riesling 2019 jugendliche Farbe, intensive, reife Fruchtnoten, Rancio, Weingartenpfirsich, Mandarine, k\u00f6rperreich, straff, markantes Frucht-S\u00e4ure-Spiel, dicht und pr\u00e4zise im Finish, fruchtiger Nachhall, sehr lang [&hellip;]<\/p>","protected":false},"author":1,"featured_media":0,"parent":0,"menu_order":0,"comment_status":"closed","ping_status":"closed","template":"","meta":{"ocean_post_layout":"full-screen","ocean_both_sidebars_style":"","ocean_both_sidebars_content_width":0,"ocean_both_sidebars_sidebars_width":0,"ocean_sidebar":"0","ocean_second_sidebar":"0","ocean_disable_margins":"enable","ocean_add_body_class":"","ocean_shortcode_before_top_bar":"","ocean_shortcode_after_top_bar":"","ocean_shortcode_before_header":"","ocean_shortcode_after_header":"","ocean_has_shortcode":"","ocean_shortcode_after_title":"","ocean_shortcode_before_footer_widgets":"","ocean_shortcode_after_footer_widgets":"","ocean_shortcode_before_footer_bottom":"","ocean_shortcode_after_footer_bottom":"","ocean_display_top_bar":"off","ocean_display_header":"on","ocean_header_style":"custom","ocean_center_header_left_menu":"0","ocean_custom_header_template":"0","ocean_custom_logo":0,"ocean_custom_retina_logo":0,"ocean_custom_logo_max_width":0,"ocean_custom_logo_tablet_max_width":0,"ocean_custom_logo_mobile_max_width":0,"ocean_custom_logo_max_height":0,"ocean_custom_logo_tablet_max_height":0,"ocean_custom_logo_mobile_max_height":0,"ocean_header_custom_menu":"0","ocean_menu_typo_font_family":"0","ocean_menu_typo_font_subset":"","ocean_menu_typo_font_size":0,"ocean_menu_typo_font_size_tablet":0,"ocean_menu_typo_font_size_mobile":0,"ocean_menu_typo_font_size_unit":"px","ocean_menu_typo_font_weight":"","ocean_menu_typo_font_weight_tablet":"","ocean_menu_typo_font_weight_mobile":"","ocean_menu_typo_transform":"","ocean_menu_typo_transform_tablet":"","ocean_menu_typo_transform_mobile":"","ocean_menu_typo_line_height":0,"ocean_menu_typo_line_height_tablet":0,"ocean_menu_typo_line_height_mobile":0,"ocean_menu_typo_line_height_unit":"","ocean_menu_typo_spacing":0,"ocean_menu_typo_spacing_tablet":0,"ocean_menu_typo_spacing_mobile":0,"ocean_menu_typo_spacing_unit":"","ocean_menu_link_color":"","ocean_menu_link_color_hover":"","ocean_menu_link_color_active":"","ocean_menu_link_background":"","ocean_menu_link_hover_background":"","ocean_menu_link_active_background":"","ocean_menu_social_links_bg":"","ocean_menu_social_hover_links_bg":"","ocean_menu_social_links_color":"","ocean_menu_social_hover_links_color":"","ocean_disable_title":"on","ocean_disable_heading":"default","ocean_post_title":"","ocean_post_subheading":"","ocean_post_title_style":"","ocean_post_title_background_color":"","ocean_post_title_background":0,"ocean_post_title_bg_image_position":"","ocean_post_title_bg_image_attachment":"","ocean_post_title_bg_image_repeat":"","ocean_post_title_bg_image_size":"","ocean_post_title_height":0,"ocean_post_title_bg_overlay":0.5,"ocean_post_title_bg_overlay_color":"","ocean_disable_breadcrumbs":"default","ocean_breadcrumbs_color":"","ocean_breadcrumbs_separator_color":"","ocean_breadcrumbs_links_color":"","ocean_breadcrumbs_links_hover_color":"","ocean_display_footer_widgets":"on","ocean_display_footer_bottom":"off","ocean_custom_footer_template":"1156","footnotes":""},"class_list":["post-1781","page","type-page","status-publish","hentry","entry","owp-thumbs-layout-horizontal","owp-btn-normal","owp-tabs-layout-horizontal","has-no-thumbnails","has-product-nav"],"jetpack_sharing_enabled":true,"_links":{"self":[{"href":"http:\/\/www.gerharddeim.at\/en\/wp-json\/wp\/v2\/pages\/1781","targetHints":{"allow":["GET"]}}],"collection":[{"href":"http:\/\/www.gerharddeim.at\/en\/wp-json\/wp\/v2\/pages"}],"about":[{"href":"http:\/\/www.gerharddeim.at\/en\/wp-json\/wp\/v2\/types\/page"}],"author":[{"embeddable":true,"href":"http:\/\/www.gerharddeim.at\/en\/wp-json\/wp\/v2\/users\/1"}],"replies":[{"embeddable":true,"href":"http:\/\/www.gerharddeim.at\/en\/wp-json\/wp\/v2\/comments?post=1781"}],"version-history":[{"count":0,"href":"http:\/\/www.gerharddeim.at\/en\/wp-json\/wp\/v2\/pages\/1781\/revisions"}],"wp:attachment":[{"href":"http:\/\/www.gerharddeim.at\/en\/wp-json\/wp\/v2\/media?parent=1781"}],"curies":[{"name":"wp","href":"https:\/\/api.w.org\/{rel}","templated":true}]}}