{"id":23488,"date":"2025-12-07T20:41:03","date_gmt":"2025-12-07T19:41:03","guid":{"rendered":"https:\/\/www.gerharddeim.at\/?page_id=23488"},"modified":"2025-12-07T21:05:01","modified_gmt":"2025-12-07T20:05:01","slug":"gault-millau-guide-2026","status":"publish","type":"page","link":"http:\/\/www.gerharddeim.at\/en\/gault-millau-guide-2026\/","title":{"rendered":"Gault &amp; Millau Guide 2026"},"content":{"rendered":"<div data-elementor-type=\"wp-page\" data-elementor-id=\"23488\" class=\"elementor elementor-23488\" data-elementor-post-type=\"page\">\n\t\t\t\t\t\t<section class=\"elementor-section elementor-top-section elementor-element elementor-element-42ee03f elementor-section-full_width elementor-section-height-default elementor-section-height-default\" data-id=\"42ee03f\" data-element_type=\"section\" data-settings=\"{&quot;background_background&quot;:&quot;classic&quot;}\">\n\t\t\t\t\t\t\t<div class=\"elementor-background-overlay\"><\/div>\n\t\t\t\t\t\t\t<div class=\"elementor-container elementor-column-gap-default\">\n\t\t\t\t\t<div class=\"elementor-column elementor-col-100 elementor-top-column elementor-element elementor-element-16f39f0\" data-id=\"16f39f0\" data-element_type=\"column\">\n\t\t\t<div class=\"elementor-widget-wrap elementor-element-populated\">\n\t\t\t\t\t\t<div class=\"elementor-element elementor-element-d6caed0 elementor-widget elementor-widget-heading\" data-id=\"d6caed0\" data-element_type=\"widget\" data-widget_type=\"heading.default\">\n\t\t\t\t<div class=\"elementor-widget-container\">\n\t\t\t\t\t<h2 class=\"elementor-heading-title elementor-size-default\">Gault &amp; Millau Guide 2026<\/h2>\t\t\t\t<\/div>\n\t\t\t\t<\/div>\n\t\t\t\t<div class=\"elementor-element elementor-element-8609688 elementor-widget elementor-widget-text-editor\" data-id=\"8609688\" data-element_type=\"widget\" data-widget_type=\"text-editor.default\">\n\t\t\t\t<div class=\"elementor-widget-container\">\n\t\t\t\t\t\t\t\t\t<p>Erstmals sind wir im Gault &amp; Millau Guide vertreten und werden mit 2 Trauben ausgezeichnet.\u00a0<\/p><p><em>&#8222;Als gelungener Klassiker gefiel uns im Tasting der Gr\u00fcne Veltliner Ried Kalvarienberg ausgezeichnet. Die Beerenauslese vom Riesling \u00fcberzeugt durch ihr gro\u00dfartig balanciertes S\u00fc\u00dfe-S\u00e4ure-Spiel und ihre feinmineralische Eleganz.&#8220;<\/em><\/p><p><span style=\"text-decoration: underline;\"><strong>Top bewertete Weine:<\/strong><\/span><\/p><div class=\"w-full\"><div class=\"flex flex-col gap-2\"><div class=\"flex flex-row items-center gap-3 py-2 border-b border-gray-200 last:border-b-0\"><span class=\"font-bold text-md w-10 flex-shrink-0\">93 Ried Kalvarienberg 2023<\/span><\/div><div class=\"flex flex-row items-center gap-3 py-2 border-b border-gray-200 last:border-b-0\"><span class=\"font-bold text-md w-10 flex-shrink-0\">93 <\/span><span class=\"flex-1 text-sm md:text-base\">Beerenauslese Riesling 2023<\/span><\/div><div class=\"flex flex-row items-center gap-3 py-2 border-b border-gray-200 last:border-b-0\"><span class=\"font-bold text-md w-10 flex-shrink-0\">92<\/span><span class=\"flex-1 text-sm md:text-base\">\u00a0Ried Heiligenstein 2023<\/span><\/div><div class=\"flex flex-row items-center gap-3 py-2 border-b border-gray-200 last:border-b-0\"><span class=\"font-bold text-md w-10 flex-shrink-0\">92<\/span><span class=\"flex-1 text-sm md:text-base\"> Ried Irbling 2023<\/span><\/div><div class=\"flex flex-row items-center gap-3 py-2 border-b border-gray-200 last:border-b-0\"><span class=\"font-bold text-md w-10 flex-shrink-0\">91<\/span><span class=\"flex-1 text-sm md:text-base\">\u00a0Ried Bernthal 2023<\/span><\/div><div class=\"flex flex-row items-center gap-3 py-2 border-b border-gray-200 last:border-b-0\"><span class=\"font-bold text-md w-10 flex-shrink-0\">90<\/span><span class=\"flex-1 text-sm md:text-base\">\u00a0Ried Gerichtsthal 2023<\/span><\/div><div class=\"flex flex-row items-center gap-3 py-2 border-b border-gray-200 last:border-b-0\"><span class=\"font-bold text-md w-10 flex-shrink-0\">90<\/span><span class=\"flex-1 text-sm md:text-base\"> Sch\u00f6nberg Gr\u00fcner Veltliner 2024<\/span><\/div><div class=\"flex flex-row items-center gap-3 py-2 border-b border-gray-200 last:border-b-0\"><span class=\"font-bold text-md w-10 flex-shrink-0\">90 Sch\u00f6nberg Riesling 2024<\/span><\/div><\/div><\/div>\t\t\t\t\t\t\t\t<\/div>\n\t\t\t\t<\/div>\n\t\t\t\t<div class=\"elementor-element elementor-element-5a90070 elementor-align-center elementor-widget elementor-widget-button\" data-id=\"5a90070\" data-element_type=\"widget\" data-widget_type=\"button.default\">\n\t\t\t\t<div class=\"elementor-widget-container\">\n\t\t\t\t\t\t\t\t\t<div class=\"elementor-button-wrapper\">\n\t\t\t\t\t<a class=\"elementor-button elementor-button-link elementor-size-sm\" href=\"https:\/\/www.gerharddeim.at\/en\/weine\/\">\n\t\t\t\t\t\t<span class=\"elementor-button-content-wrapper\">\n\t\t\t\t\t\t\t\t\t<span class=\"elementor-button-text\">Unsere Weine &gt;&gt;<\/span>\n\t\t\t\t\t<\/span>\n\t\t\t\t\t<\/a>\n\t\t\t\t<\/div>\n\t\t\t\t\t\t\t\t<\/div>\n\t\t\t\t<\/div>\n\t\t\t\t<div class=\"elementor-element elementor-element-a31353e elementor-align-center elementor-widget elementor-widget-button\" data-id=\"a31353e\" data-element_type=\"widget\" data-widget_type=\"button.default\">\n\t\t\t\t<div class=\"elementor-widget-container\">\n\t\t\t\t\t\t\t\t\t<div class=\"elementor-button-wrapper\">\n\t\t\t\t\t<a class=\"elementor-button elementor-button-link elementor-size-sm\" href=\"https:\/\/www.gerharddeim.at\/en\/\">\n\t\t\t\t\t\t<span class=\"elementor-button-content-wrapper\">\n\t\t\t\t\t\t\t\t\t<span class=\"elementor-button-text\">&lt;&lt; neuigkeiten<\/span>\n\t\t\t\t\t<\/span>\n\t\t\t\t\t<\/a>\n\t\t\t\t<\/div>\n\t\t\t\t\t\t\t\t<\/div>\n\t\t\t\t<\/div>\n\t\t\t\t\t<\/div>\n\t\t<\/div>\n\t\t\t\t\t<\/div>\n\t\t<\/section>\n\t\t\t\t<\/div>","protected":false},"excerpt":{"rendered":"<p>Gault &amp; Millau Guide 2026 Erstmals sind wir im Gault &amp; Millau Guide vertreten und werden mit 2 Trauben ausgezeichnet.\u00a0 &#8222;Als gelungener Klassiker gefiel uns im Tasting der Gr\u00fcne Veltliner Ried Kalvarienberg ausgezeichnet. Die Beerenauslese vom Riesling \u00fcberzeugt durch ihr gro\u00dfartig balanciertes S\u00fc\u00dfe-S\u00e4ure-Spiel und ihre feinmineralische Eleganz.&#8220; Top bewertete Weine: 93 Ried Kalvarienberg 202393 Beerenauslese [&hellip;]<\/p>","protected":false},"author":1,"featured_media":0,"parent":0,"menu_order":0,"comment_status":"closed","ping_status":"closed","template":"","meta":{"ocean_post_layout":"full-screen","ocean_both_sidebars_style":"","ocean_both_sidebars_content_width":0,"ocean_both_sidebars_sidebars_width":0,"ocean_sidebar":"","ocean_second_sidebar":"","ocean_disable_margins":"enable","ocean_add_body_class":"","ocean_shortcode_before_top_bar":"","ocean_shortcode_after_top_bar":"","ocean_shortcode_before_header":"","ocean_shortcode_after_header":"","ocean_has_shortcode":"","ocean_shortcode_after_title":"","ocean_shortcode_before_footer_widgets":"","ocean_shortcode_after_footer_widgets":"","ocean_shortcode_before_footer_bottom":"","ocean_shortcode_after_footer_bottom":"","ocean_display_top_bar":"off","ocean_display_header":"default","ocean_header_style":"","ocean_center_header_left_menu":"","ocean_custom_header_template":"","ocean_custom_logo":0,"ocean_custom_retina_logo":0,"ocean_custom_logo_max_width":0,"ocean_custom_logo_tablet_max_width":0,"ocean_custom_logo_mobile_max_width":0,"ocean_custom_logo_max_height":0,"ocean_custom_logo_tablet_max_height":0,"ocean_custom_logo_mobile_max_height":0,"ocean_header_custom_menu":"","ocean_menu_typo_font_family":"","ocean_menu_typo_font_subset":"","ocean_menu_typo_font_size":0,"ocean_menu_typo_font_size_tablet":0,"ocean_menu_typo_font_size_mobile":0,"ocean_menu_typo_font_size_unit":"px","ocean_menu_typo_font_weight":"","ocean_menu_typo_font_weight_tablet":"","ocean_menu_typo_font_weight_mobile":"","ocean_menu_typo_transform":"","ocean_menu_typo_transform_tablet":"","ocean_menu_typo_transform_mobile":"","ocean_menu_typo_line_height":0,"ocean_menu_typo_line_height_tablet":0,"ocean_menu_typo_line_height_mobile":0,"ocean_menu_typo_line_height_unit":"","ocean_menu_typo_spacing":0,"ocean_menu_typo_spacing_tablet":0,"ocean_menu_typo_spacing_mobile":0,"ocean_menu_typo_spacing_unit":"","ocean_menu_link_color":"","ocean_menu_link_color_hover":"","ocean_menu_link_color_active":"","ocean_menu_link_background":"","ocean_menu_link_hover_background":"","ocean_menu_link_active_background":"","ocean_menu_social_links_bg":"","ocean_menu_social_hover_links_bg":"","ocean_menu_social_links_color":"","ocean_menu_social_hover_links_color":"","ocean_disable_title":"on","ocean_disable_heading":"default","ocean_post_title":"","ocean_post_subheading":"","ocean_post_title_style":"","ocean_post_title_background_color":"","ocean_post_title_background":0,"ocean_post_title_bg_image_position":"","ocean_post_title_bg_image_attachment":"","ocean_post_title_bg_image_repeat":"","ocean_post_title_bg_image_size":"","ocean_post_title_height":0,"ocean_post_title_bg_overlay":0.5,"ocean_post_title_bg_overlay_color":"","ocean_disable_breadcrumbs":"default","ocean_breadcrumbs_color":"","ocean_breadcrumbs_separator_color":"","ocean_breadcrumbs_links_color":"","ocean_breadcrumbs_links_hover_color":"","ocean_display_footer_widgets":"default","ocean_display_footer_bottom":"default","ocean_custom_footer_template":"1074","footnotes":""},"class_list":["post-23488","page","type-page","status-publish","hentry","entry","owp-thumbs-layout-horizontal","owp-btn-normal","owp-tabs-layout-horizontal","has-no-thumbnails","has-product-nav"],"jetpack_sharing_enabled":true,"_links":{"self":[{"href":"http:\/\/www.gerharddeim.at\/en\/wp-json\/wp\/v2\/pages\/23488","targetHints":{"allow":["GET"]}}],"collection":[{"href":"http:\/\/www.gerharddeim.at\/en\/wp-json\/wp\/v2\/pages"}],"about":[{"href":"http:\/\/www.gerharddeim.at\/en\/wp-json\/wp\/v2\/types\/page"}],"author":[{"embeddable":true,"href":"http:\/\/www.gerharddeim.at\/en\/wp-json\/wp\/v2\/users\/1"}],"replies":[{"embeddable":true,"href":"http:\/\/www.gerharddeim.at\/en\/wp-json\/wp\/v2\/comments?post=23488"}],"version-history":[{"count":4,"href":"http:\/\/www.gerharddeim.at\/en\/wp-json\/wp\/v2\/pages\/23488\/revisions"}],"predecessor-version":[{"id":23493,"href":"http:\/\/www.gerharddeim.at\/en\/wp-json\/wp\/v2\/pages\/23488\/revisions\/23493"}],"wp:attachment":[{"href":"http:\/\/www.gerharddeim.at\/en\/wp-json\/wp\/v2\/media?parent=23488"}],"curies":[{"name":"wp","href":"https:\/\/api.w.org\/{rel}","templated":true}]}}