{"id":687,"date":"2020-01-20T09:49:24","date_gmt":"2020-01-20T08:49:24","guid":{"rendered":"https:\/\/www.gerharddeim.at\/?page_id=687"},"modified":"2024-11-24T11:28:55","modified_gmt":"2024-11-24T10:28:55","slug":"schoenberggv","status":"publish","type":"page","link":"http:\/\/www.gerharddeim.at\/en\/schoenberggv\/","title":{"rendered":"Sch\u00f6nberg GV"},"content":{"rendered":"<div data-elementor-type=\"wp-page\" data-elementor-id=\"687\" class=\"elementor elementor-687\" data-elementor-post-type=\"page\">\n\t\t\t\t\t\t<section class=\"elementor-section elementor-top-section elementor-element elementor-element-4941e04d elementor-section-height-min-height elementor-section-boxed elementor-section-height-default elementor-section-items-middle\" data-id=\"4941e04d\" data-element_type=\"section\" data-settings=\"{&quot;background_background&quot;:&quot;classic&quot;}\">\n\t\t\t\t\t\t<div class=\"elementor-container elementor-column-gap-wider\">\n\t\t\t\t\t<div class=\"elementor-column elementor-col-50 elementor-top-column elementor-element elementor-element-630f2968\" data-id=\"630f2968\" data-element_type=\"column\">\n\t\t\t<div class=\"elementor-widget-wrap elementor-element-populated\">\n\t\t\t\t\t\t<div class=\"elementor-element elementor-element-64c7ac17 elementor-widget elementor-widget-image\" data-id=\"64c7ac17\" data-element_type=\"widget\" data-widget_type=\"image.default\">\n\t\t\t\t<div class=\"elementor-widget-container\">\n\t\t\t\t\t\t\t\t\t\t\t\t\t\t\t<img fetchpriority=\"high\" decoding=\"async\" width=\"768\" height=\"3400\" src=\"https:\/\/www.gerharddeim.at\/wp-content\/uploads\/2021\/04\/SCHo\u0302NBERG-GV-comp-768x3400.png\" class=\"elementor-animation-grow attachment-medium_large size-medium_large wp-image-2470\" alt=\"\" srcset=\"https:\/\/www.gerharddeim.at\/wp-content\/uploads\/2021\/04\/SCHo\u0302NBERG-GV-comp-768x3400.png 768w, https:\/\/www.gerharddeim.at\/wp-content\/uploads\/2021\/04\/SCHo\u0302NBERG-GV-comp-300x1328.png 300w, https:\/\/www.gerharddeim.at\/wp-content\/uploads\/2021\/04\/SCHo\u0302NBERG-GV-comp-68x300.png 68w, https:\/\/www.gerharddeim.at\/wp-content\/uploads\/2021\/04\/SCHo\u0302NBERG-GV-comp-231x1024.png 231w, https:\/\/www.gerharddeim.at\/wp-content\/uploads\/2021\/04\/SCHo\u0302NBERG-GV-comp-347x1536.png 347w, https:\/\/www.gerharddeim.at\/wp-content\/uploads\/2021\/04\/SCHo\u0302NBERG-GV-comp-3x12.png 3w, https:\/\/www.gerharddeim.at\/wp-content\/uploads\/2021\/04\/SCHo\u0302NBERG-GV-comp-600x2656.png 600w, https:\/\/www.gerharddeim.at\/wp-content\/uploads\/2021\/04\/SCHo\u0302NBERG-GV-comp.png 1055w\" sizes=\"(max-width: 768px) 100vw, 768px\" \/>\t\t\t\t\t\t\t\t\t\t\t\t\t\t\t<\/div>\n\t\t\t\t<\/div>\n\t\t\t\t\t<\/div>\n\t\t<\/div>\n\t\t\t\t<div class=\"elementor-column elementor-col-50 elementor-top-column elementor-element elementor-element-bb2836c\" data-id=\"bb2836c\" data-element_type=\"column\" data-settings=\"{&quot;background_background&quot;:&quot;classic&quot;}\">\n\t\t\t<div class=\"elementor-widget-wrap elementor-element-populated\">\n\t\t\t\t\t<div class=\"elementor-background-overlay\"><\/div>\n\t\t\t\t\t\t<div class=\"elementor-element elementor-element-3d29b12 elementor-widget elementor-widget-menu-anchor\" data-id=\"3d29b12\" data-element_type=\"widget\" data-widget_type=\"menu-anchor.default\">\n\t\t\t\t<div class=\"elementor-widget-container\">\n\t\t\t\t\t\t\t<div class=\"elementor-menu-anchor\" id=\"abcd\"><\/div>\n\t\t\t\t\t\t<\/div>\n\t\t\t\t<\/div>\n\t\t\t\t<div class=\"elementor-element elementor-element-252b6a02 elementor-widget elementor-widget-heading\" data-id=\"252b6a02\" data-element_type=\"widget\" data-widget_type=\"heading.default\">\n\t\t\t\t<div class=\"elementor-widget-container\">\n\t\t\t\t\t<h2 class=\"elementor-heading-title elementor-size-default\">Sch\u00f6nberg Gr\u00fcner Veltliner<\/h2>\t\t\t\t<\/div>\n\t\t\t\t<\/div>\n\t\t\t\t<div class=\"elementor-element elementor-element-2b63ef00 elementor-widget elementor-widget-text-editor\" data-id=\"2b63ef00\" data-element_type=\"widget\" data-widget_type=\"text-editor.default\">\n\t\t\t\t<div class=\"elementor-widget-container\">\n\t\t\t\t\t\t\t\t\t<p>Appellation: Kamptal DAC Ortswein<br \/>Village: Sch\u00f6nberg<br \/>Rieden: Im Renner, Bernthal, Kalvarienberg<br \/>Grape Variety: Gr\u00fcner Veltliner<\/p><p>Characterised by a micro-climate with hot days and especially cool nights, Sch\u00f6nberg and it\u2019s surrounding vineyards guarantee wines full of freshness and elegance.<\/p>\t\t\t\t\t\t\t\t<\/div>\n\t\t\t\t<\/div>\n\t\t\t\t<div class=\"elementor-element elementor-element-1f719894 elementor-widget elementor-widget-toggle\" data-id=\"1f719894\" data-element_type=\"widget\" data-widget_type=\"toggle.default\">\n\t\t\t\t<div class=\"elementor-widget-container\">\n\t\t\t\t\t\t\t<div class=\"elementor-toggle\">\n\t\t\t\t\t\t\t<div class=\"elementor-toggle-item\">\n\t\t\t\t\t<div id=\"elementor-tab-title-5271\" class=\"elementor-tab-title\" data-tab=\"1\" role=\"button\" aria-controls=\"elementor-tab-content-5271\" aria-expanded=\"false\">\n\t\t\t\t\t\t\t\t\t\t\t\t<span class=\"elementor-toggle-icon elementor-toggle-icon-left\" aria-hidden=\"true\">\n\t\t\t\t\t\t\t\t\t\t\t\t\t\t\t<span class=\"elementor-toggle-icon-closed\"><i class=\"fas fa-angle-double-down\"><\/i><\/span>\n\t\t\t\t\t\t\t\t<span class=\"elementor-toggle-icon-opened\"><i class=\"elementor-toggle-icon-opened fas fa-angle-down\"><\/i><\/span>\n\t\t\t\t\t\t\t\t\t\t\t\t\t<\/span>\n\t\t\t\t\t\t\t\t\t\t\t\t<a class=\"elementor-toggle-title\" tabindex=\"0\">Vineyards<\/a>\n\t\t\t\t\t<\/div>\n\n\t\t\t\t\t<div id=\"elementor-tab-content-5271\" class=\"elementor-tab-content elementor-clearfix\" data-tab=\"1\" role=\"region\" aria-labelledby=\"elementor-tab-title-5271\"><p>Soil: loess, loam, weathered primary rock soil<br \/>Altitude: 230-300 Meters<br \/>Age of vines: 15-55 years<br \/>Planting density: 3000-4000 vines per hectar<br \/>Training system: Guyot<\/p><\/div>\n\t\t\t\t<\/div>\n\t\t\t\t\t\t\t<div class=\"elementor-toggle-item\">\n\t\t\t\t\t<div id=\"elementor-tab-title-5272\" class=\"elementor-tab-title\" data-tab=\"2\" role=\"button\" aria-controls=\"elementor-tab-content-5272\" aria-expanded=\"false\">\n\t\t\t\t\t\t\t\t\t\t\t\t<span class=\"elementor-toggle-icon elementor-toggle-icon-left\" aria-hidden=\"true\">\n\t\t\t\t\t\t\t\t\t\t\t\t\t\t\t<span class=\"elementor-toggle-icon-closed\"><i class=\"fas fa-angle-double-down\"><\/i><\/span>\n\t\t\t\t\t\t\t\t<span class=\"elementor-toggle-icon-opened\"><i class=\"elementor-toggle-icon-opened fas fa-angle-down\"><\/i><\/span>\n\t\t\t\t\t\t\t\t\t\t\t\t\t<\/span>\n\t\t\t\t\t\t\t\t\t\t\t\t<a class=\"elementor-toggle-title\" tabindex=\"0\">Vinification<\/a>\n\t\t\t\t\t<\/div>\n\n\t\t\t\t\t<div id=\"elementor-tab-content-5272\" class=\"elementor-tab-content elementor-clearfix\" data-tab=\"2\" role=\"region\" aria-labelledby=\"elementor-tab-title-5272\"><p>Harvest yield: 3000 litres per hectar<br \/>Harvest date: October<br \/>Maceration: whole cluster pressing<br \/>Maturation: big oak casks<br \/>Bottling: 6 months after harvest<\/p><\/div>\n\t\t\t\t<\/div>\n\t\t\t\t\t\t\t<div class=\"elementor-toggle-item\">\n\t\t\t\t\t<div id=\"elementor-tab-title-5273\" class=\"elementor-tab-title\" data-tab=\"3\" role=\"button\" aria-controls=\"elementor-tab-content-5273\" aria-expanded=\"false\">\n\t\t\t\t\t\t\t\t\t\t\t\t<span class=\"elementor-toggle-icon elementor-toggle-icon-left\" aria-hidden=\"true\">\n\t\t\t\t\t\t\t\t\t\t\t\t\t\t\t<span class=\"elementor-toggle-icon-closed\"><i class=\"fas fa-angle-double-down\"><\/i><\/span>\n\t\t\t\t\t\t\t\t<span class=\"elementor-toggle-icon-opened\"><i class=\"elementor-toggle-icon-opened fas fa-angle-down\"><\/i><\/span>\n\t\t\t\t\t\t\t\t\t\t\t\t\t<\/span>\n\t\t\t\t\t\t\t\t\t\t\t\t<a class=\"elementor-toggle-title\" tabindex=\"0\">Drinking recommendation<\/a>\n\t\t\t\t\t<\/div>\n\n\t\t\t\t\t<div id=\"elementor-tab-content-5273\" class=\"elementor-tab-content elementor-clearfix\" data-tab=\"3\" role=\"region\" aria-labelledby=\"elementor-tab-title-5273\"><p>Serving temperature: 10\u00b0C<br \/>Food pairing: veal, beef, roasted chicken, wide diversity of traditional Austrian recipes\u00a0<\/p><\/div>\n\t\t\t\t<\/div>\n\t\t\t\t\t\t\t<div class=\"elementor-toggle-item\">\n\t\t\t\t\t<div id=\"elementor-tab-title-5274\" class=\"elementor-tab-title\" data-tab=\"4\" role=\"button\" aria-controls=\"elementor-tab-content-5274\" aria-expanded=\"false\">\n\t\t\t\t\t\t\t\t\t\t\t\t<span class=\"elementor-toggle-icon elementor-toggle-icon-left\" aria-hidden=\"true\">\n\t\t\t\t\t\t\t\t\t\t\t\t\t\t\t<span class=\"elementor-toggle-icon-closed\"><i class=\"fas fa-angle-double-down\"><\/i><\/span>\n\t\t\t\t\t\t\t\t<span class=\"elementor-toggle-icon-opened\"><i class=\"elementor-toggle-icon-opened fas fa-angle-down\"><\/i><\/span>\n\t\t\t\t\t\t\t\t\t\t\t\t\t<\/span>\n\t\t\t\t\t\t\t\t\t\t\t\t<a class=\"elementor-toggle-title\" tabindex=\"0\">Rewards<\/a>\n\t\t\t\t\t<\/div>\n\n\t\t\t\t\t<div id=\"elementor-tab-content-5274\" class=\"elementor-tab-content elementor-clearfix\" data-tab=\"4\" role=\"region\" aria-labelledby=\"elementor-tab-title-5274\"><p>Jahrgang 2023:<br \/>92 points A la Carte<br \/>91 points Falstaff<br \/>3 Sterne + Best Buy Vinaria<br \/>Linzer Wein des Jahres 2025<\/p><p>Vintage 2022:<br \/>92 points Falstaff<br \/>92 points A la Carte<br \/>4 glasses wein.pur<br \/>3 stars Vinaria<br \/>2. Place Kamptal Wine Trophy<\/p><p>Vintage 2021:<br \/>SALON 2022 - 2nd place of Austria: regional wines | powerful white wines<br \/>92 points Falstaff\u00a0<br \/>92 points A la Carte<br \/>4 glasses wein.pur<br \/>3 stars Vinaria<\/p><p>Vintage 2020:<br \/>92 points Falstaff<br \/>91 points A la Carte<br \/>90 points Meininger Weinwirtschaft<\/p><p>Vintage 2019:<br \/>90 points Falstaff<br \/>91 points A la Carte<br \/>3 stars Vinaria<\/p><p>Vintage 2018:<br \/>4 glasses (90 to 94 points) wein.pur<br \/>90 points Falstaff<br \/>90 points A la Carte<\/p><p>Jahrgang 2015:<br \/>90 points Falstaff<br \/>1. Platz Ortswein Falstaff Kamptal Cup<\/p><\/div>\n\t\t\t\t<\/div>\n\t\t\t\t\t\t\t<div class=\"elementor-toggle-item\">\n\t\t\t\t\t<div id=\"elementor-tab-title-5275\" class=\"elementor-tab-title\" data-tab=\"5\" role=\"button\" aria-controls=\"elementor-tab-content-5275\" aria-expanded=\"false\">\n\t\t\t\t\t\t\t\t\t\t\t\t<span class=\"elementor-toggle-icon elementor-toggle-icon-left\" aria-hidden=\"true\">\n\t\t\t\t\t\t\t\t\t\t\t\t\t\t\t<span class=\"elementor-toggle-icon-closed\"><i class=\"fas fa-angle-double-down\"><\/i><\/span>\n\t\t\t\t\t\t\t\t<span class=\"elementor-toggle-icon-opened\"><i class=\"elementor-toggle-icon-opened fas fa-angle-down\"><\/i><\/span>\n\t\t\t\t\t\t\t\t\t\t\t\t\t<\/span>\n\t\t\t\t\t\t\t\t\t\t\t\t<a class=\"elementor-toggle-title\" tabindex=\"0\">Tasting notes<\/a>\n\t\t\t\t\t<\/div>\n\n\t\t\t\t\t<div id=\"elementor-tab-content-5275\" class=\"elementor-tab-content elementor-clearfix\" data-tab=\"5\" role=\"region\" aria-labelledby=\"elementor-tab-title-5275\"><p>Jahrgang 2023:<br \/><span style=\"text-decoration: underline;\"><strong>Willi Balanjuk, A la Carte:<\/strong><\/span> Helle Farbnoten, Kumquat, Steinobst, feine W\u00fcrze, gehaltvoll, dicht und lebendige Struktur, fruchtiges Finish<\/p><p>Vintage 2022:<br \/><span style=\"text-decoration: underline;\"><strong>Adi Schmid, Vinaria:<\/strong><\/span> Ein feingliedriger Ortswein mit k\u00fchler Note, Pfeffer, \u00c4pfel und Birnen, Marille, Exotik &#8211; Mango, feinfruchtig, saftig, elegant, ein ungemein stimmiger Gr\u00fcner Veltliner mit einiger Tiefe, typisch, frische S\u00e4ure, voller Pikanz.<br \/><span style=\"text-decoration: underline;\"><strong>Peter Moser, Falstaff: <\/strong><\/span>Mittleres Gelbgr\u00fcn, Silberreflexe. Feine Apfelfrucht, ein Hauch von Bl\u00fctenhonig, zart nach Honigmelone, einladendes Bukett. Komplex, saftig, wei\u00dfes Kernobst, feine S\u00e4urestruktur, reifer Apfel im Abgang, bereits gut antrinkbar.<br \/><strong><span style=\"text-decoration: underline;\">Andreas Hubmann, wein.pur:<\/span><\/strong> Wei\u00dfer Pfeffer, facettenreich, guter S\u00e4urebiss, mineralischer Abgang.<br \/><strong><span style=\"text-decoration: underline;\">Vinaria, GV Premium Verkostung:<\/span><\/strong> Aromatischer Veltliner mit dezenter exotischer Frucht, Stachelbeeren, dazu feine Apfel- und Birnennoten, leicht gew\u00fcrzig; zug\u00e4nglicher Wein mit charmanter Frucht und Pfefferw\u00fcrze, frische S\u00e4ure, gute Pikanz, sehr trinkvergn\u00fcglich.<\/p><p>Vintage 2021:<\/p><p><span style=\"text-decoration: underline;\"><strong>Peter Moser, Falstaff: <\/strong><\/span>Helles Gelbgr\u00fcn, Silberreflexe. Feine Kr\u00e4uternoten, zarter Zitrustouch, wei\u00dfe Apfelfrucht, etwas nach Papaya, mineralische Ankl\u00e4nge. Saftig, elegante , facettenreiche S\u00e4urestruktur, salzig-zitroniger Abgang, wei\u00dfes Kernobst im Nachhall, frischer Speisenbegleiter.<span style=\"text-decoration: underline;\"><strong><br \/>Andreas Hubmann, weinpur:<\/strong><\/span> Etwas Exotik, Mango-Papaya, komplex, harmonisch, sch\u00f6ne L\u00e4nge<br \/><strong><span style=\"text-decoration: underline;\">Wolfgang Wachter, Vinaria:<\/span><\/strong> Kompakt, sanfter Druck, leise Bodent\u00f6ne, Kr\u00e4uter; feines S\u00e4urenetz, \u00c4pfel, W\u00fcrze, fein gehalten, passende Substanz<\/p><p>Vintage 2020:<br \/><span style=\"text-decoration: underline;\"><strong>Peter Moser, Falstaff: <\/strong><\/span>Helles Gelbgr\u00fcn, Silberreflexe. Zart nach Mandarinenzesten, wei\u00dfer Apfel, ein Hauch von Mango und Wiesenkr\u00e4utern. Saftig, elegant, feine Kernobstnuancen, frischer S\u00e4urebogen, mineralisch-zitronig im Nachhall, bleibt gut haften.<br \/><span style=\"text-decoration: underline;\"><strong>Willi Balanjuk, A la Carte:<\/strong> <\/span>helle Farbe, nuancierte Frucht, Grapefruit, Verbene, leichte W\u00fcrze, kr\u00e4ftiger Wein, straff, dicht und lebendiger Trinkfluss, pikantes Finish, gute L\u00e4nge<br \/><strong><span style=\"text-decoration: underline;\">Wolfgang Wachter, Vinaria:<\/span><\/strong> Recht druckvoll mit pointierter gr\u00fcner W\u00fcrze und feiner Frucht; best\u00e4tigt was die Nase verspricht, sanfter Schub, Fruchtschmelz, harmonische W\u00fcrze, gute L\u00e4nge, elegante Pikanz.<br \/><strong><span style=\"text-decoration: underline;\">Meininger Weinwirtschaft:<\/span> <\/strong>k\u00fchle, etwas sauvignoneske Frucht, Papaya, Guave, Bergamotte; sehr frisch, leichtes S\u00fc\u00df-S\u00e4ure-Spiel, animierend<\/p><p>Vintage 2019:<br \/><strong><span style=\"text-decoration: underline;\">Willi Balanjuk, A la Carte:<\/span><\/strong> helles Gelb, saftige, reife Frucht, Mandarine, kandierte Ananas und Orange, Verbene, Nelken, stoffig, lebendiger Trinkfluss, fruchtig-w\u00fcrzig im Finish, langer Nachhall, Kumqauts im R\u00fcckaroma<br \/><strong><u>Wolfgang Wachter, Vinaria:<\/u><\/strong>\u00a0Freundlich, Kr\u00e4uter, Fichtennadeln, \u00c4pfel und Pfirsiche; ausgewogen, cremiger Touch, saftige Frucht, Sortenanimo, gute L\u00e4nge<\/p><p>Vintage 2018:<br \/>Pfeffer, W\u00fcrze, reifer Apfel, saftige Birne, dezenter Tabak, ein Hauch Ananas und Mango<\/p><\/div>\n\t\t\t\t<\/div>\n\t\t\t\t\t\t\t<div class=\"elementor-toggle-item\">\n\t\t\t\t\t<div id=\"elementor-tab-title-5276\" class=\"elementor-tab-title\" data-tab=\"6\" role=\"button\" aria-controls=\"elementor-tab-content-5276\" aria-expanded=\"false\">\n\t\t\t\t\t\t\t\t\t\t\t\t<span class=\"elementor-toggle-icon elementor-toggle-icon-left\" aria-hidden=\"true\">\n\t\t\t\t\t\t\t\t\t\t\t\t\t\t\t<span class=\"elementor-toggle-icon-closed\"><i class=\"fas fa-angle-double-down\"><\/i><\/span>\n\t\t\t\t\t\t\t\t<span class=\"elementor-toggle-icon-opened\"><i class=\"elementor-toggle-icon-opened fas fa-angle-down\"><\/i><\/span>\n\t\t\t\t\t\t\t\t\t\t\t\t\t<\/span>\n\t\t\t\t\t\t\t\t\t\t\t\t<a class=\"elementor-toggle-title\" tabindex=\"0\">Downloads<\/a>\n\t\t\t\t\t<\/div>\n\n\t\t\t\t\t<div id=\"elementor-tab-content-5276\" class=\"elementor-tab-content elementor-clearfix\" data-tab=\"6\" role=\"region\" aria-labelledby=\"elementor-tab-title-5276\"><p>Weindatenblatt<br \/>Flaschenfoto<\/p><\/div>\n\t\t\t\t<\/div>\n\t\t\t\t\t\t\t\t<\/div>\n\t\t\t\t\t\t<\/div>\n\t\t\t\t<\/div>\n\t\t\t\t<div class=\"elementor-element elementor-element-4afd1a16 elementor-align-center elementor-widget elementor-widget-button\" data-id=\"4afd1a16\" data-element_type=\"widget\" data-widget_type=\"button.default\">\n\t\t\t\t<div class=\"elementor-widget-container\">\n\t\t\t\t\t\t\t\t\t<div class=\"elementor-button-wrapper\">\n\t\t\t\t\t<a class=\"elementor-button elementor-button-link elementor-size-sm\" href=\"https:\/\/www.gerharddeim.at\/en\/weine\/\">\n\t\t\t\t\t\t<span class=\"elementor-button-content-wrapper\">\n\t\t\t\t\t\t\t\t\t<span class=\"elementor-button-text\">&lt;&lt; Weine<\/span>\n\t\t\t\t\t<\/span>\n\t\t\t\t\t<\/a>\n\t\t\t\t<\/div>\n\t\t\t\t\t\t\t\t<\/div>\n\t\t\t\t<\/div>\n\t\t\t\t\t<\/div>\n\t\t<\/div>\n\t\t\t\t\t<\/div>\n\t\t<\/section>\n\t\t\t\t<\/div>","protected":false},"excerpt":{"rendered":"<p>Sch\u00f6nberg Gr\u00fcner Veltliner Appellation: Kamptal DAC OrtsweinOrt: Sch\u00f6nbergRieden: Im Renner, Bernthal, KalvarienbergRebsorte: Gr\u00fcner Veltliner Charakterisiert durch ein Kleinklima mit hei\u00dfen Tagen und besonders k\u00fchlen N\u00e4chten, liegt Sch\u00f6nberg eingebettet in einem Talkessel im n\u00f6rdlichen Kamptal. Die unterschiedlichsten Bodenformationen rund um den Ort sind Grundsubstanz f\u00fcr elegante Weine. Rieden B\u00f6den: L\u00f6ss, Lehm, VerwitterungsbodenSeeh\u00f6he: 230-300 MeterAlter der Reben: [&hellip;]<\/p>","protected":false},"author":1,"featured_media":0,"parent":0,"menu_order":0,"comment_status":"closed","ping_status":"closed","template":"","meta":{"ocean_post_layout":"full-screen","ocean_both_sidebars_style":"","ocean_both_sidebars_content_width":0,"ocean_both_sidebars_sidebars_width":0,"ocean_sidebar":"0","ocean_second_sidebar":"0","ocean_disable_margins":"enable","ocean_add_body_class":"","ocean_shortcode_before_top_bar":"","ocean_shortcode_after_top_bar":"","ocean_shortcode_before_header":"","ocean_shortcode_after_header":"","ocean_has_shortcode":"","ocean_shortcode_after_title":"","ocean_shortcode_before_footer_widgets":"","ocean_shortcode_after_footer_widgets":"","ocean_shortcode_before_footer_bottom":"","ocean_shortcode_after_footer_bottom":"","ocean_display_top_bar":"off","ocean_display_header":"on","ocean_header_style":"","ocean_center_header_left_menu":"0","ocean_custom_header_template":"","ocean_custom_logo":0,"ocean_custom_retina_logo":0,"ocean_custom_logo_max_width":0,"ocean_custom_logo_tablet_max_width":0,"ocean_custom_logo_mobile_max_width":0,"ocean_custom_logo_max_height":0,"ocean_custom_logo_tablet_max_height":0,"ocean_custom_logo_mobile_max_height":0,"ocean_header_custom_menu":"0","ocean_menu_typo_font_family":"0","ocean_menu_typo_font_subset":"","ocean_menu_typo_font_size":0,"ocean_menu_typo_font_size_tablet":0,"ocean_menu_typo_font_size_mobile":0,"ocean_menu_typo_font_size_unit":"px","ocean_menu_typo_font_weight":"","ocean_menu_typo_font_weight_tablet":"","ocean_menu_typo_font_weight_mobile":"","ocean_menu_typo_transform":"","ocean_menu_typo_transform_tablet":"","ocean_menu_typo_transform_mobile":"","ocean_menu_typo_line_height":0,"ocean_menu_typo_line_height_tablet":0,"ocean_menu_typo_line_height_mobile":0,"ocean_menu_typo_line_height_unit":"","ocean_menu_typo_spacing":0,"ocean_menu_typo_spacing_tablet":0,"ocean_menu_typo_spacing_mobile":0,"ocean_menu_typo_spacing_unit":"","ocean_menu_link_color":"","ocean_menu_link_color_hover":"","ocean_menu_link_color_active":"","ocean_menu_link_background":"","ocean_menu_link_hover_background":"","ocean_menu_link_active_background":"","ocean_menu_social_links_bg":"","ocean_menu_social_hover_links_bg":"","ocean_menu_social_links_color":"","ocean_menu_social_hover_links_color":"","ocean_disable_title":"on","ocean_disable_heading":"default","ocean_post_title":"","ocean_post_subheading":"","ocean_post_title_style":"","ocean_post_title_background_color":"","ocean_post_title_background":0,"ocean_post_title_bg_image_position":"","ocean_post_title_bg_image_attachment":"","ocean_post_title_bg_image_repeat":"","ocean_post_title_bg_image_size":"","ocean_post_title_height":0,"ocean_post_title_bg_overlay":0.5,"ocean_post_title_bg_overlay_color":"","ocean_disable_breadcrumbs":"default","ocean_breadcrumbs_color":"","ocean_breadcrumbs_separator_color":"","ocean_breadcrumbs_links_color":"","ocean_breadcrumbs_links_hover_color":"","ocean_display_footer_widgets":"on","ocean_display_footer_bottom":"off","ocean_custom_footer_template":"1074","footnotes":""},"class_list":["post-687","page","type-page","status-publish","hentry","entry","owp-thumbs-layout-horizontal","owp-btn-normal","owp-tabs-layout-horizontal","has-no-thumbnails","has-product-nav"],"jetpack_sharing_enabled":true,"_links":{"self":[{"href":"http:\/\/www.gerharddeim.at\/en\/wp-json\/wp\/v2\/pages\/687","targetHints":{"allow":["GET"]}}],"collection":[{"href":"http:\/\/www.gerharddeim.at\/en\/wp-json\/wp\/v2\/pages"}],"about":[{"href":"http:\/\/www.gerharddeim.at\/en\/wp-json\/wp\/v2\/types\/page"}],"author":[{"embeddable":true,"href":"http:\/\/www.gerharddeim.at\/en\/wp-json\/wp\/v2\/users\/1"}],"replies":[{"embeddable":true,"href":"http:\/\/www.gerharddeim.at\/en\/wp-json\/wp\/v2\/comments?post=687"}],"version-history":[{"count":0,"href":"http:\/\/www.gerharddeim.at\/en\/wp-json\/wp\/v2\/pages\/687\/revisions"}],"wp:attachment":[{"href":"http:\/\/www.gerharddeim.at\/en\/wp-json\/wp\/v2\/media?parent=687"}],"curies":[{"name":"wp","href":"https:\/\/api.w.org\/{rel}","templated":true}]}}