{"id":736,"date":"2020-01-20T12:24:38","date_gmt":"2020-01-20T11:24:38","guid":{"rendered":"https:\/\/www.gerharddeim.at\/?page_id=736"},"modified":"2024-08-22T20:06:47","modified_gmt":"2024-08-22T18:06:47","slug":"muskateller","status":"publish","type":"page","link":"http:\/\/www.gerharddeim.at\/en\/muskateller\/","title":{"rendered":"Muskateller"},"content":{"rendered":"<div data-elementor-type=\"wp-page\" data-elementor-id=\"736\" class=\"elementor elementor-736\" data-elementor-post-type=\"page\">\n\t\t\t\t\t\t<section class=\"elementor-section elementor-top-section elementor-element elementor-element-1c8755f1 elementor-section-height-min-height elementor-section-boxed elementor-section-height-default elementor-section-items-middle\" data-id=\"1c8755f1\" data-element_type=\"section\" data-settings=\"{&quot;background_background&quot;:&quot;classic&quot;}\">\n\t\t\t\t\t\t<div class=\"elementor-container elementor-column-gap-wider\">\n\t\t\t\t\t<div class=\"elementor-column elementor-col-50 elementor-top-column elementor-element elementor-element-11d7dbf2\" data-id=\"11d7dbf2\" data-element_type=\"column\">\n\t\t\t<div class=\"elementor-widget-wrap elementor-element-populated\">\n\t\t\t\t\t\t<div class=\"elementor-element elementor-element-3d203938 elementor-widget elementor-widget-image\" data-id=\"3d203938\" data-element_type=\"widget\" data-widget_type=\"image.default\">\n\t\t\t\t<div class=\"elementor-widget-container\">\n\t\t\t\t\t\t\t\t\t\t\t\t\t\t\t<img fetchpriority=\"high\" decoding=\"async\" width=\"768\" height=\"3409\" src=\"https:\/\/www.gerharddeim.at\/wp-content\/uploads\/2021\/04\/MUSKATELLER-comp-768x3409.png\" class=\"elementor-animation-grow attachment-medium_large size-medium_large wp-image-2466\" alt=\"\" srcset=\"https:\/\/www.gerharddeim.at\/wp-content\/uploads\/2021\/04\/MUSKATELLER-comp-768x3409.png 768w, https:\/\/www.gerharddeim.at\/wp-content\/uploads\/2021\/04\/MUSKATELLER-comp-300x1331.png 300w, https:\/\/www.gerharddeim.at\/wp-content\/uploads\/2021\/04\/MUSKATELLER-comp-231x1024.png 231w, https:\/\/www.gerharddeim.at\/wp-content\/uploads\/2021\/04\/MUSKATELLER-comp-346x1536.png 346w, https:\/\/www.gerharddeim.at\/wp-content\/uploads\/2021\/04\/MUSKATELLER-comp-3x12.png 3w, https:\/\/www.gerharddeim.at\/wp-content\/uploads\/2021\/04\/MUSKATELLER-comp-600x2663.png 600w, https:\/\/www.gerharddeim.at\/wp-content\/uploads\/2021\/04\/MUSKATELLER-comp.png 1054w\" sizes=\"(max-width: 768px) 100vw, 768px\" \/>\t\t\t\t\t\t\t\t\t\t\t\t\t\t\t<\/div>\n\t\t\t\t<\/div>\n\t\t\t\t\t<\/div>\n\t\t<\/div>\n\t\t\t\t<div class=\"elementor-column elementor-col-50 elementor-top-column elementor-element elementor-element-2cc2bfde\" data-id=\"2cc2bfde\" data-element_type=\"column\" data-settings=\"{&quot;background_background&quot;:&quot;classic&quot;}\">\n\t\t\t<div class=\"elementor-widget-wrap elementor-element-populated\">\n\t\t\t\t\t<div class=\"elementor-background-overlay\"><\/div>\n\t\t\t\t\t\t<div class=\"elementor-element elementor-element-4fa6f3f elementor-widget elementor-widget-heading\" data-id=\"4fa6f3f\" data-element_type=\"widget\" data-widget_type=\"heading.default\">\n\t\t\t\t<div class=\"elementor-widget-container\">\n\t\t\t\t\t<h2 class=\"elementor-heading-title elementor-size-default\">Muskateller Zwei G\u00e4rten<\/h2>\t\t\t\t<\/div>\n\t\t\t\t<\/div>\n\t\t\t\t<div class=\"elementor-element elementor-element-65ca0ab7 elementor-widget elementor-widget-text-editor\" data-id=\"65ca0ab7\" data-element_type=\"widget\" data-widget_type=\"text-editor.default\">\n\t\t\t\t<div class=\"elementor-widget-container\">\n\t\t\t\t\t\t\t\t\t<p>Appellation: Nieder\u00f6sterreich<br \/>Village: Sch\u00f6nberg<br \/>Single Vineyards: Kalvarienberg, Oberalbing<br \/>Grape variety: Gelber Muskateller<\/p><p>Our Muskateller from two vineyards (\u201cZwei G\u00e4rten\u201d) underlies a difference in vegetation of about 7 to 10 days. Both vineyards are dominated by stoney soils and help us to produce elegant and delicate wines. Extremely selective harvesting ensures to receive an optimum in aromatic consisting of melissa, elderflower and nutmeg.<\/p>\t\t\t\t\t\t\t\t<\/div>\n\t\t\t\t<\/div>\n\t\t\t\t<div class=\"elementor-element elementor-element-7ce458f5 elementor-widget elementor-widget-toggle\" data-id=\"7ce458f5\" data-element_type=\"widget\" data-widget_type=\"toggle.default\">\n\t\t\t\t<div class=\"elementor-widget-container\">\n\t\t\t\t\t\t\t<div class=\"elementor-toggle\">\n\t\t\t\t\t\t\t<div class=\"elementor-toggle-item\">\n\t\t\t\t\t<div id=\"elementor-tab-title-2091\" class=\"elementor-tab-title\" data-tab=\"1\" role=\"button\" aria-controls=\"elementor-tab-content-2091\" aria-expanded=\"false\">\n\t\t\t\t\t\t\t\t\t\t\t\t<span class=\"elementor-toggle-icon elementor-toggle-icon-left\" aria-hidden=\"true\">\n\t\t\t\t\t\t\t\t\t\t\t\t\t\t\t<span class=\"elementor-toggle-icon-closed\"><i class=\"fas fa-angle-double-down\"><\/i><\/span>\n\t\t\t\t\t\t\t\t<span class=\"elementor-toggle-icon-opened\"><i class=\"elementor-toggle-icon-opened fas fa-angle-down\"><\/i><\/span>\n\t\t\t\t\t\t\t\t\t\t\t\t\t<\/span>\n\t\t\t\t\t\t\t\t\t\t\t\t<a class=\"elementor-toggle-title\" tabindex=\"0\">Vineyards<\/a>\n\t\t\t\t\t<\/div>\n\n\t\t\t\t\t<div id=\"elementor-tab-content-2091\" class=\"elementor-tab-content elementor-clearfix\" data-tab=\"1\" role=\"region\" aria-labelledby=\"elementor-tab-title-2091\"><p>Soil: weathered primary rock soil, gneiss, granite<br \/>Altitude: 300-350 Meters<br \/>Age of vines: up to 20 years<br \/>Planting density: 3500-4000 vines per hectar<br \/>Training system: Guyot<\/p><\/div>\n\t\t\t\t<\/div>\n\t\t\t\t\t\t\t<div class=\"elementor-toggle-item\">\n\t\t\t\t\t<div id=\"elementor-tab-title-2092\" class=\"elementor-tab-title\" data-tab=\"2\" role=\"button\" aria-controls=\"elementor-tab-content-2092\" aria-expanded=\"false\">\n\t\t\t\t\t\t\t\t\t\t\t\t<span class=\"elementor-toggle-icon elementor-toggle-icon-left\" aria-hidden=\"true\">\n\t\t\t\t\t\t\t\t\t\t\t\t\t\t\t<span class=\"elementor-toggle-icon-closed\"><i class=\"fas fa-angle-double-down\"><\/i><\/span>\n\t\t\t\t\t\t\t\t<span class=\"elementor-toggle-icon-opened\"><i class=\"elementor-toggle-icon-opened fas fa-angle-down\"><\/i><\/span>\n\t\t\t\t\t\t\t\t\t\t\t\t\t<\/span>\n\t\t\t\t\t\t\t\t\t\t\t\t<a class=\"elementor-toggle-title\" tabindex=\"0\">Vinification<\/a>\n\t\t\t\t\t<\/div>\n\n\t\t\t\t\t<div id=\"elementor-tab-content-2092\" class=\"elementor-tab-content elementor-clearfix\" data-tab=\"2\" role=\"region\" aria-labelledby=\"elementor-tab-title-2092\"><p>Harvest yield: 4500 litres per hectar<br \/>Harvest date: beginning to mid September<br \/>Maceration: short skin contact<br \/>Maturation: steel tank<br \/>Bottling: 6 months after harvest<\/p><\/div>\n\t\t\t\t<\/div>\n\t\t\t\t\t\t\t<div class=\"elementor-toggle-item\">\n\t\t\t\t\t<div id=\"elementor-tab-title-2093\" class=\"elementor-tab-title\" data-tab=\"3\" role=\"button\" aria-controls=\"elementor-tab-content-2093\" aria-expanded=\"false\">\n\t\t\t\t\t\t\t\t\t\t\t\t<span class=\"elementor-toggle-icon elementor-toggle-icon-left\" aria-hidden=\"true\">\n\t\t\t\t\t\t\t\t\t\t\t\t\t\t\t<span class=\"elementor-toggle-icon-closed\"><i class=\"fas fa-angle-double-down\"><\/i><\/span>\n\t\t\t\t\t\t\t\t<span class=\"elementor-toggle-icon-opened\"><i class=\"elementor-toggle-icon-opened fas fa-angle-down\"><\/i><\/span>\n\t\t\t\t\t\t\t\t\t\t\t\t\t<\/span>\n\t\t\t\t\t\t\t\t\t\t\t\t<a class=\"elementor-toggle-title\" tabindex=\"0\">Drinking recommendation<\/a>\n\t\t\t\t\t<\/div>\n\n\t\t\t\t\t<div id=\"elementor-tab-content-2093\" class=\"elementor-tab-content elementor-clearfix\" data-tab=\"3\" role=\"region\" aria-labelledby=\"elementor-tab-title-2093\"><p>Serving temperature: 8-10\u00b0C<br \/>Food pairing: aperitif, light food, seafood, (baked) fish, white meat, chicken, duck, fresh salad, fruity dessert<\/p><\/div>\n\t\t\t\t<\/div>\n\t\t\t\t\t\t\t<div class=\"elementor-toggle-item\">\n\t\t\t\t\t<div id=\"elementor-tab-title-2094\" class=\"elementor-tab-title\" data-tab=\"4\" role=\"button\" aria-controls=\"elementor-tab-content-2094\" aria-expanded=\"false\">\n\t\t\t\t\t\t\t\t\t\t\t\t<span class=\"elementor-toggle-icon elementor-toggle-icon-left\" aria-hidden=\"true\">\n\t\t\t\t\t\t\t\t\t\t\t\t\t\t\t<span class=\"elementor-toggle-icon-closed\"><i class=\"fas fa-angle-double-down\"><\/i><\/span>\n\t\t\t\t\t\t\t\t<span class=\"elementor-toggle-icon-opened\"><i class=\"elementor-toggle-icon-opened fas fa-angle-down\"><\/i><\/span>\n\t\t\t\t\t\t\t\t\t\t\t\t\t<\/span>\n\t\t\t\t\t\t\t\t\t\t\t\t<a class=\"elementor-toggle-title\" tabindex=\"0\">Rewards<\/a>\n\t\t\t\t\t<\/div>\n\n\t\t\t\t\t<div id=\"elementor-tab-content-2094\" class=\"elementor-tab-content elementor-clearfix\" data-tab=\"4\" role=\"region\" aria-labelledby=\"elementor-tab-title-2094\"><p>Jahrgang 2023:<br \/>Best Buy + 3 Sterne Vinaria<\/p><p>Vintage 2022:<br \/>3 glasses wein.pur<\/p><p>Vintage 2021:<br \/>2 stars Vinaria<\/p><p>Vintage 2019:<br \/>2 stars Vinaria<\/p><p>Vintage 2018:<br \/>Public favourite \"Allerhand\" Vinothek Alte Schmiede in Sch\u00f6nberg<br \/>3 glasses wein.pur<br \/>2 Sterne &#8211; Vinaria Weinguide 2019\/2020<\/p><\/div>\n\t\t\t\t<\/div>\n\t\t\t\t\t\t\t<div class=\"elementor-toggle-item\">\n\t\t\t\t\t<div id=\"elementor-tab-title-2095\" class=\"elementor-tab-title\" data-tab=\"5\" role=\"button\" aria-controls=\"elementor-tab-content-2095\" aria-expanded=\"false\">\n\t\t\t\t\t\t\t\t\t\t\t\t<span class=\"elementor-toggle-icon elementor-toggle-icon-left\" aria-hidden=\"true\">\n\t\t\t\t\t\t\t\t\t\t\t\t\t\t\t<span class=\"elementor-toggle-icon-closed\"><i class=\"fas fa-angle-double-down\"><\/i><\/span>\n\t\t\t\t\t\t\t\t<span class=\"elementor-toggle-icon-opened\"><i class=\"elementor-toggle-icon-opened fas fa-angle-down\"><\/i><\/span>\n\t\t\t\t\t\t\t\t\t\t\t\t\t<\/span>\n\t\t\t\t\t\t\t\t\t\t\t\t<a class=\"elementor-toggle-title\" tabindex=\"0\">Tasting notes<\/a>\n\t\t\t\t\t<\/div>\n\n\t\t\t\t\t<div id=\"elementor-tab-content-2095\" class=\"elementor-tab-content elementor-clearfix\" data-tab=\"5\" role=\"region\" aria-labelledby=\"elementor-tab-title-2095\"><p>Jahrgang 2023:<br><span style=\"text-decoration: underline;\"><strong>Vinaria, Muskateller Verkostung:<\/strong><\/span> Recht dezenter Ausdruck im Duft, traubig mit leichten Ankl\u00e4ngen nach Litschis und Zitronenzesten; sch\u00f6n saftiges Entree, erfrischend, merklich Kohlens\u00e4ure, klarer frischer Fruchtausdruck, zartbitter.<\/p><p><span style=\"font-size: 16px; background-color: rgba(255, 255, 255, 0);\">Vintage 2022:<br><\/span><span style=\"font-size: 16px; background-color: rgba(255, 255, 255, 0); text-decoration-line: underline;\"><strong>Adi Schmid, Vinaria:<\/strong><\/span><span style=\"font-size: 16px; background-color: rgba(255, 255, 255, 0);\"> Feines Bukett nach Holunderbl\u00fcten, Melisse, Zimt, Zitrus, niemals laut, trocken, einladend, frische S\u00e4ure, gibt Gas, mittlerer Abgang, Trinken ist angesagt.<br><\/span><span style=\"font-size: 16px; background-color: rgba(255, 255, 255, 0); text-decoration-line: underline;\"><strong>Andreas Hubmann, wein.pur:<\/strong><\/span><span style=\"font-size: 16px; background-color: rgba(255, 255, 255, 0);\"> Typisch, Zitronenmelisse, frisch, elegant, guter Trinkfluss.<\/span><\/p><p><span style=\"font-size: 16px; background-color: rgba(255, 255, 255, 0);\">Vintage 2021:<br><\/span><strong style=\"font-size: 16px; background-color: rgba(255, 255, 255, 0);\"><span style=\"text-decoration-line: underline;\">Wolfgang Wachter, Vinaria:<\/span><\/strong><span style=\"font-size: 16px; background-color: rgba(255, 255, 255, 0);\"> Einnehmend, unplakativ, gelbe Fr\u00fcchte, etwas Mandarinen, Hauch Holunderbl\u00fcten und Kr\u00e4uter; schlie\u00dft aromatisch an, Zitrus gibt den Ton an, lebhaft, trinkanimierend.<\/span><\/p>\n<p>Vintage 2020:<br><span style=\"text-decoration: underline;\"><strong>Wolfgang Wachter, Vinaria:<\/strong><\/span> Kr\u00e4uter, Zitrus, Prise Holunderbl\u00fcten; auf dem Gaumen dominiert Zitrus, unterlegt mit Kr\u00e4utern, akzentuierte S\u00e4ure, einige Substanz, frisch bei guter L\u00e4nge.<\/p>\n<p>Vintage 2019:<br><span style=\"text-decoration: underline;\"><strong>Wolfgang Wachter, Vinaria:<\/strong><\/span> Sanfter Druck, getrocknete Holunderbl\u00fcten, Zitronenmelisse, reife Zitronen, Granny Smith; gelbe Fr\u00fcchte, Zitrus, Kr\u00e4uter, Grapefruitzesten hinten, gute L\u00e4nge, distinguiert.<\/p>\n<p>Vintage 2018:<br>Holunderbl\u00fcten, Muskattrauben, feine Zitronenmelisse, jugendlicher Stil, knackig, pikantw\u00fcrzig-frische Frucht<\/p><\/div>\n\t\t\t\t<\/div>\n\t\t\t\t\t\t\t<div class=\"elementor-toggle-item\">\n\t\t\t\t\t<div id=\"elementor-tab-title-2096\" class=\"elementor-tab-title\" data-tab=\"6\" role=\"button\" aria-controls=\"elementor-tab-content-2096\" aria-expanded=\"false\">\n\t\t\t\t\t\t\t\t\t\t\t\t<span class=\"elementor-toggle-icon elementor-toggle-icon-left\" aria-hidden=\"true\">\n\t\t\t\t\t\t\t\t\t\t\t\t\t\t\t<span class=\"elementor-toggle-icon-closed\"><i class=\"fas fa-angle-double-down\"><\/i><\/span>\n\t\t\t\t\t\t\t\t<span class=\"elementor-toggle-icon-opened\"><i class=\"elementor-toggle-icon-opened fas fa-angle-down\"><\/i><\/span>\n\t\t\t\t\t\t\t\t\t\t\t\t\t<\/span>\n\t\t\t\t\t\t\t\t\t\t\t\t<a class=\"elementor-toggle-title\" tabindex=\"0\">Downloads<\/a>\n\t\t\t\t\t<\/div>\n\n\t\t\t\t\t<div id=\"elementor-tab-content-2096\" class=\"elementor-tab-content elementor-clearfix\" data-tab=\"6\" role=\"region\" aria-labelledby=\"elementor-tab-title-2096\"><p>Weindatenblatt<br \/>Flaschenfoto<\/p><\/div>\n\t\t\t\t<\/div>\n\t\t\t\t\t\t\t\t<\/div>\n\t\t\t\t\t\t<\/div>\n\t\t\t\t<\/div>\n\t\t\t\t<div class=\"elementor-element elementor-element-625d9fa4 elementor-align-center elementor-widget elementor-widget-button\" data-id=\"625d9fa4\" data-element_type=\"widget\" data-widget_type=\"button.default\">\n\t\t\t\t<div class=\"elementor-widget-container\">\n\t\t\t\t\t\t\t\t\t<div class=\"elementor-button-wrapper\">\n\t\t\t\t\t<a class=\"elementor-button elementor-button-link elementor-size-sm\" href=\"https:\/\/www.gerharddeim.at\/en\/weine\/\">\n\t\t\t\t\t\t<span class=\"elementor-button-content-wrapper\">\n\t\t\t\t\t\t\t\t\t<span class=\"elementor-button-text\">&lt;&lt; Weine<\/span>\n\t\t\t\t\t<\/span>\n\t\t\t\t\t<\/a>\n\t\t\t\t<\/div>\n\t\t\t\t\t\t\t\t<\/div>\n\t\t\t\t<\/div>\n\t\t\t\t\t<\/div>\n\t\t<\/div>\n\t\t\t\t\t<\/div>\n\t\t<\/section>\n\t\t\t\t<\/div>","protected":false},"excerpt":{"rendered":"<p>Muskateller Zwei G\u00e4rten Appellation: Nieder\u00f6sterreichOrt: Sch\u00f6nbergRieden: Kalvarienberg, OberalbingRebsorte: Gelber Muskateller Unsere Muskateller aus zwei Weing\u00e4rten unterliegen einem Vegetationsunterschied von 7 bis 10 Tagen. Beide Rieden werden von steinigen B\u00f6den dominiert und helfen uns feingliedrige, elegante Weine zu produzieren. Mehrere Lesedurchg\u00e4nge sichern eine optimale von Melisse, Holunder und Muskatnuss gepr\u00e4gte Aromareife. Rieden Boden: VerwitterungsbodenSeeh\u00f6he: 300-350 MeterAlter [&hellip;]<\/p>","protected":false},"author":1,"featured_media":0,"parent":0,"menu_order":0,"comment_status":"closed","ping_status":"closed","template":"","meta":{"ocean_post_layout":"full-screen","ocean_both_sidebars_style":"","ocean_both_sidebars_content_width":0,"ocean_both_sidebars_sidebars_width":0,"ocean_sidebar":"0","ocean_second_sidebar":"0","ocean_disable_margins":"enable","ocean_add_body_class":"","ocean_shortcode_before_top_bar":"","ocean_shortcode_after_top_bar":"","ocean_shortcode_before_header":"","ocean_shortcode_after_header":"","ocean_has_shortcode":"","ocean_shortcode_after_title":"","ocean_shortcode_before_footer_widgets":"","ocean_shortcode_after_footer_widgets":"","ocean_shortcode_before_footer_bottom":"","ocean_shortcode_after_footer_bottom":"","ocean_display_top_bar":"off","ocean_display_header":"on","ocean_header_style":"","ocean_center_header_left_menu":"0","ocean_custom_header_template":"","ocean_custom_logo":0,"ocean_custom_retina_logo":0,"ocean_custom_logo_max_width":0,"ocean_custom_logo_tablet_max_width":0,"ocean_custom_logo_mobile_max_width":0,"ocean_custom_logo_max_height":0,"ocean_custom_logo_tablet_max_height":0,"ocean_custom_logo_mobile_max_height":0,"ocean_header_custom_menu":"0","ocean_menu_typo_font_family":"0","ocean_menu_typo_font_subset":"","ocean_menu_typo_font_size":0,"ocean_menu_typo_font_size_tablet":0,"ocean_menu_typo_font_size_mobile":0,"ocean_menu_typo_font_size_unit":"px","ocean_menu_typo_font_weight":"","ocean_menu_typo_font_weight_tablet":"","ocean_menu_typo_font_weight_mobile":"","ocean_menu_typo_transform":"","ocean_menu_typo_transform_tablet":"","ocean_menu_typo_transform_mobile":"","ocean_menu_typo_line_height":0,"ocean_menu_typo_line_height_tablet":0,"ocean_menu_typo_line_height_mobile":0,"ocean_menu_typo_line_height_unit":"","ocean_menu_typo_spacing":0,"ocean_menu_typo_spacing_tablet":0,"ocean_menu_typo_spacing_mobile":0,"ocean_menu_typo_spacing_unit":"","ocean_menu_link_color":"","ocean_menu_link_color_hover":"","ocean_menu_link_color_active":"","ocean_menu_link_background":"","ocean_menu_link_hover_background":"","ocean_menu_link_active_background":"","ocean_menu_social_links_bg":"","ocean_menu_social_hover_links_bg":"","ocean_menu_social_links_color":"","ocean_menu_social_hover_links_color":"","ocean_disable_title":"on","ocean_disable_heading":"default","ocean_post_title":"","ocean_post_subheading":"","ocean_post_title_style":"","ocean_post_title_background_color":"","ocean_post_title_background":0,"ocean_post_title_bg_image_position":"","ocean_post_title_bg_image_attachment":"","ocean_post_title_bg_image_repeat":"","ocean_post_title_bg_image_size":"","ocean_post_title_height":0,"ocean_post_title_bg_overlay":0.5,"ocean_post_title_bg_overlay_color":"","ocean_disable_breadcrumbs":"default","ocean_breadcrumbs_color":"","ocean_breadcrumbs_separator_color":"","ocean_breadcrumbs_links_color":"","ocean_breadcrumbs_links_hover_color":"","ocean_display_footer_widgets":"on","ocean_display_footer_bottom":"off","ocean_custom_footer_template":"1074","footnotes":""},"class_list":["post-736","page","type-page","status-publish","hentry","entry","owp-thumbs-layout-horizontal","owp-btn-normal","owp-tabs-layout-horizontal","has-no-thumbnails","has-product-nav"],"jetpack_sharing_enabled":true,"_links":{"self":[{"href":"http:\/\/www.gerharddeim.at\/en\/wp-json\/wp\/v2\/pages\/736","targetHints":{"allow":["GET"]}}],"collection":[{"href":"http:\/\/www.gerharddeim.at\/en\/wp-json\/wp\/v2\/pages"}],"about":[{"href":"http:\/\/www.gerharddeim.at\/en\/wp-json\/wp\/v2\/types\/page"}],"author":[{"embeddable":true,"href":"http:\/\/www.gerharddeim.at\/en\/wp-json\/wp\/v2\/users\/1"}],"replies":[{"embeddable":true,"href":"http:\/\/www.gerharddeim.at\/en\/wp-json\/wp\/v2\/comments?post=736"}],"version-history":[{"count":0,"href":"http:\/\/www.gerharddeim.at\/en\/wp-json\/wp\/v2\/pages\/736\/revisions"}],"wp:attachment":[{"href":"http:\/\/www.gerharddeim.at\/en\/wp-json\/wp\/v2\/media?parent=736"}],"curies":[{"name":"wp","href":"https:\/\/api.w.org\/{rel}","templated":true}]}}