{"id":1625,"date":"2020-07-10T13:55:55","date_gmt":"2020-07-10T11:55:55","guid":{"rendered":"https:\/\/www.gerharddeim.at\/?page_id=1625"},"modified":"2021-01-16T17:09:51","modified_gmt":"2021-01-16T16:09:51","slug":"falstaff-weinguide-2020-21","status":"publish","type":"page","link":"https:\/\/www.gerharddeim.at\/en\/falstaff-weinguide-2020-21\/","title":{"rendered":"Falstaff Wineguide 2020\/21"},"content":{"rendered":"<div data-elementor-type=\"wp-page\" data-elementor-id=\"1625\" class=\"elementor elementor-1625\" data-elementor-post-type=\"page\">\n\t\t\t\t\t\t<section class=\"elementor-section elementor-top-section elementor-element elementor-element-539db99 elementor-section-boxed elementor-section-height-default elementor-section-height-default\" data-id=\"539db99\" data-element_type=\"section\" data-settings=\"{&quot;background_background&quot;:&quot;classic&quot;}\">\n\t\t\t\t\t\t\t<div class=\"elementor-background-overlay\"><\/div>\n\t\t\t\t\t\t\t<div class=\"elementor-container elementor-column-gap-default\">\n\t\t\t\t\t<div class=\"elementor-column elementor-col-100 elementor-top-column elementor-element elementor-element-a865c71\" data-id=\"a865c71\" data-element_type=\"column\">\n\t\t\t<div class=\"elementor-widget-wrap elementor-element-populated\">\n\t\t\t\t\t\t<div class=\"elementor-element elementor-element-5a464d4 elementor-widget elementor-widget-heading\" data-id=\"5a464d4\" data-element_type=\"widget\" data-widget_type=\"heading.default\">\n\t\t\t\t<div class=\"elementor-widget-container\">\n\t\t\t\t\t<h2 class=\"elementor-heading-title elementor-size-default\">Falstaff Wineguide 2020\/21<\/h2>\t\t\t\t<\/div>\n\t\t\t\t<\/div>\n\t\t\t\t<div class=\"elementor-element elementor-element-5000c54 elementor-widget elementor-widget-text-editor\" data-id=\"5000c54\" data-element_type=\"widget\" data-widget_type=\"text-editor.default\">\n\t\t\t\t<div class=\"elementor-widget-container\">\n\t\t\t\t\t\t\t\t\t<p>This year, for the first time, we are represented in the Falstaff Wineguide and are pleased to receive three times 93 points for our single vineyard wines. All tasting notes at a glance (in german):<\/p>\n<p><b>(93) Ried Sch\u00f6nberger Bernthal GV 2019<\/b><br>Zart kr\u00e4uterw\u00fcrzig unterlegte reife gelbe Apfelfrucht, mit kandierten Orangenzesten und Honigmelone unterlegt. Kraftvoll, saftig, feine Extrakts\u00fc\u00dfe, gut integrierter S\u00e4urebogen, elegant und gut anhaftend, verf\u00fcgt \u00fcber L\u00e4nge und sicheres Reifepotenzial.<\/p>\n<p><b>(93) Ried Sch\u00f6nberger Kalvarienberg GV 2019<\/b><br>Feine Holzw\u00fcrze, zart nach Vanille und Nougat, mit gelber Tropenfrucht unterlegt, dezenter Bl\u00fctenhonig. Sehr kraftvoll, reife gelbe Pfirsichfrucht, dezente Holznote im Kern, extrakts\u00fc\u00dfer Abgang, wird von Flaschenreife profitieren.<\/p>\n<p><b>(93) Ried Sch\u00f6nberger Irbling RR 2019<\/b><br>Zart nach Mandarinenzesten, feine gelbe Tropenfrucht, floraler Touch. Komplex, saftig, zart nach Ananas und Mango, extrakts\u00fc\u00df, finessenreich strukturiert, mit salziger Mineralik unterlegt, zeigt gute L\u00e4nge, sicheres Reifepotenzial.<\/p>\n<p><b>91 Sch\u00f6nberg Riesling 2019<\/b><br>Feine gelbe Tropenfrucht, ein Hauch von Limetten, mineralischer Touch. Saftig, wei\u00dfe Pfirsichfrucht, angenehme S\u00e4urestruktur, feine Fruchts\u00fc\u00dfe und mineralisch im Abgang, ein animierender Speisenbegleiter.<\/p>\n<p><b>90 Sch\u00f6nberg Gr\u00fcner Veltliner 2019<\/b><br>Mit Wiesenkr\u00e4utern unterlegter frischer Golden-Delicious-Apfel, ein Hauch von Orangenzesten. Saftig, straffe Textur, frische Kernobstnuancen, angenehme S\u00e4urestruktur, feine Fruchts\u00fc\u00dfe im Abgang.<\/p>\n<p><b>89 Kamptal Gr\u00fcner Veltliner 2019<\/b><\/p>\t\t\t\t\t\t\t\t<\/div>\n\t\t\t\t<\/div>\n\t\t\t\t<div class=\"elementor-element elementor-element-cf9b618 elementor-align-center elementor-widget elementor-widget-button\" data-id=\"cf9b618\" data-element_type=\"widget\" data-widget_type=\"button.default\">\n\t\t\t\t<div class=\"elementor-widget-container\">\n\t\t\t\t\t\t\t\t\t<div class=\"elementor-button-wrapper\">\n\t\t\t\t\t<a class=\"elementor-button elementor-button-link elementor-size-sm\" href=\"https:\/\/www.gerharddeim.at\/en\/weine\/\">\n\t\t\t\t\t\t<span class=\"elementor-button-content-wrapper\">\n\t\t\t\t\t\t\t\t\t<span class=\"elementor-button-text\">alle Weine &gt;&gt;<\/span>\n\t\t\t\t\t<\/span>\n\t\t\t\t\t<\/a>\n\t\t\t\t<\/div>\n\t\t\t\t\t\t\t\t<\/div>\n\t\t\t\t<\/div>\n\t\t\t\t<div class=\"elementor-element elementor-element-744551d elementor-align-center elementor-widget elementor-widget-button\" data-id=\"744551d\" data-element_type=\"widget\" data-widget_type=\"button.default\">\n\t\t\t\t<div class=\"elementor-widget-container\">\n\t\t\t\t\t\t\t\t\t<div class=\"elementor-button-wrapper\">\n\t\t\t\t\t<a class=\"elementor-button elementor-button-link elementor-size-sm\" href=\"https:\/\/www.gerharddeim.at\/en\/weinblog\/\">\n\t\t\t\t\t\t<span class=\"elementor-button-content-wrapper\">\n\t\t\t\t\t\t\t\t\t<span class=\"elementor-button-text\">&lt;&lt; Weinblog<\/span>\n\t\t\t\t\t<\/span>\n\t\t\t\t\t<\/a>\n\t\t\t\t<\/div>\n\t\t\t\t\t\t\t\t<\/div>\n\t\t\t\t<\/div>\n\t\t\t\t\t<\/div>\n\t\t<\/div>\n\t\t\t\t\t<\/div>\n\t\t<\/section>\n\t\t\t\t<\/div>","protected":false},"excerpt":{"rendered":"<p>Falstaff Weinguide 2020\/21 Erstmals sind wir heuer im Falstaff Weinguide vertreten und freuen uns \u00fcber hervorragende dreimal 93 Punkte f\u00fcr unsere Riedenweine. Alle Verkostungsnotizen im \u00dcberblick: (93) Ried Sch\u00f6nberger Bernthal GV 2019 Zart kr\u00e4uterw\u00fcrzig unterlegte reife gelbe Apfelfrucht, mit kandierten Orangenzesten und Honigmelone unterlegt. Kraftvoll, saftig, feine Extrakts\u00fc\u00dfe, gut integrierter S\u00e4urebogen, elegant und gut anhaftend, [&hellip;]<\/p>","protected":false},"author":1,"featured_media":0,"parent":0,"menu_order":0,"comment_status":"closed","ping_status":"closed","template":"","meta":{"ocean_post_layout":"full-screen","ocean_both_sidebars_style":"","ocean_both_sidebars_content_width":0,"ocean_both_sidebars_sidebars_width":0,"ocean_sidebar":"0","ocean_second_sidebar":"0","ocean_disable_margins":"enable","ocean_add_body_class":"","ocean_shortcode_before_top_bar":"","ocean_shortcode_after_top_bar":"","ocean_shortcode_before_header":"","ocean_shortcode_after_header":"","ocean_has_shortcode":"","ocean_shortcode_after_title":"","ocean_shortcode_before_footer_widgets":"","ocean_shortcode_after_footer_widgets":"","ocean_shortcode_before_footer_bottom":"","ocean_shortcode_after_footer_bottom":"","ocean_display_top_bar":"off","ocean_display_header":"on","ocean_header_style":"","ocean_center_header_left_menu":"0","ocean_custom_header_template":"0","ocean_custom_logo":0,"ocean_custom_retina_logo":0,"ocean_custom_logo_max_width":0,"ocean_custom_logo_tablet_max_width":0,"ocean_custom_logo_mobile_max_width":0,"ocean_custom_logo_max_height":0,"ocean_custom_logo_tablet_max_height":0,"ocean_custom_logo_mobile_max_height":0,"ocean_header_custom_menu":"0","ocean_menu_typo_font_family":"0","ocean_menu_typo_font_subset":"","ocean_menu_typo_font_size":0,"ocean_menu_typo_font_size_tablet":0,"ocean_menu_typo_font_size_mobile":0,"ocean_menu_typo_font_size_unit":"px","ocean_menu_typo_font_weight":"","ocean_menu_typo_font_weight_tablet":"","ocean_menu_typo_font_weight_mobile":"","ocean_menu_typo_transform":"","ocean_menu_typo_transform_tablet":"","ocean_menu_typo_transform_mobile":"","ocean_menu_typo_line_height":0,"ocean_menu_typo_line_height_tablet":0,"ocean_menu_typo_line_height_mobile":0,"ocean_menu_typo_line_height_unit":"","ocean_menu_typo_spacing":0,"ocean_menu_typo_spacing_tablet":0,"ocean_menu_typo_spacing_mobile":0,"ocean_menu_typo_spacing_unit":"","ocean_menu_link_color":"","ocean_menu_link_color_hover":"","ocean_menu_link_color_active":"","ocean_menu_link_background":"","ocean_menu_link_hover_background":"","ocean_menu_link_active_background":"","ocean_menu_social_links_bg":"","ocean_menu_social_hover_links_bg":"","ocean_menu_social_links_color":"","ocean_menu_social_hover_links_color":"","ocean_disable_title":"on","ocean_disable_heading":"default","ocean_post_title":"","ocean_post_subheading":"","ocean_post_title_style":"","ocean_post_title_background_color":"","ocean_post_title_background":0,"ocean_post_title_bg_image_position":"","ocean_post_title_bg_image_attachment":"","ocean_post_title_bg_image_repeat":"","ocean_post_title_bg_image_size":"","ocean_post_title_height":0,"ocean_post_title_bg_overlay":0.5,"ocean_post_title_bg_overlay_color":"","ocean_disable_breadcrumbs":"default","ocean_breadcrumbs_color":"","ocean_breadcrumbs_separator_color":"","ocean_breadcrumbs_links_color":"","ocean_breadcrumbs_links_hover_color":"","ocean_display_footer_widgets":"on","ocean_display_footer_bottom":"off","ocean_custom_footer_template":"1156","footnotes":""},"class_list":["post-1625","page","type-page","status-publish","hentry","entry","owp-thumbs-layout-horizontal","owp-btn-normal","owp-tabs-layout-horizontal","has-no-thumbnails","has-product-nav"],"jetpack_sharing_enabled":true,"_links":{"self":[{"href":"https:\/\/www.gerharddeim.at\/en\/wp-json\/wp\/v2\/pages\/1625","targetHints":{"allow":["GET"]}}],"collection":[{"href":"https:\/\/www.gerharddeim.at\/en\/wp-json\/wp\/v2\/pages"}],"about":[{"href":"https:\/\/www.gerharddeim.at\/en\/wp-json\/wp\/v2\/types\/page"}],"author":[{"embeddable":true,"href":"https:\/\/www.gerharddeim.at\/en\/wp-json\/wp\/v2\/users\/1"}],"replies":[{"embeddable":true,"href":"https:\/\/www.gerharddeim.at\/en\/wp-json\/wp\/v2\/comments?post=1625"}],"version-history":[{"count":0,"href":"https:\/\/www.gerharddeim.at\/en\/wp-json\/wp\/v2\/pages\/1625\/revisions"}],"wp:attachment":[{"href":"https:\/\/www.gerharddeim.at\/en\/wp-json\/wp\/v2\/media?parent=1625"}],"curies":[{"name":"wp","href":"https:\/\/api.w.org\/{rel}","templated":true}]}}