{"id":21620,"date":"2022-08-17T21:45:08","date_gmt":"2022-08-17T19:45:08","guid":{"rendered":"https:\/\/www.gerharddeim.at\/?page_id=21620"},"modified":"2022-08-21T19:55:15","modified_gmt":"2022-08-21T17:55:15","slug":"wein-pur-guide-2022-23","status":"publish","type":"page","link":"https:\/\/www.gerharddeim.at\/en\/wein-pur-guide-2022-23\/","title":{"rendered":"wein.pur Guide 2022\/23"},"content":{"rendered":"<div data-elementor-type=\"wp-page\" data-elementor-id=\"21620\" class=\"elementor elementor-21620\" data-elementor-post-type=\"page\">\n\t\t\t\t\t\t<section class=\"elementor-section elementor-top-section elementor-element elementor-element-68e66cb elementor-section-height-min-height elementor-section-stretched elementor-section-full_width elementor-section-height-default elementor-section-items-middle\" data-id=\"68e66cb\" data-element_type=\"section\" data-settings=\"{&quot;background_background&quot;:&quot;classic&quot;,&quot;stretch_section&quot;:&quot;section-stretched&quot;}\">\n\t\t\t\t\t\t\t<div class=\"elementor-background-overlay\"><\/div>\n\t\t\t\t\t\t\t<div class=\"elementor-container elementor-column-gap-default\">\n\t\t\t\t\t<div class=\"elementor-column elementor-col-100 elementor-top-column elementor-element elementor-element-afb4c20\" data-id=\"afb4c20\" data-element_type=\"column\">\n\t\t\t<div class=\"elementor-widget-wrap elementor-element-populated\">\n\t\t\t\t\t\t<div class=\"elementor-element elementor-element-857a6c8 elementor-widget elementor-widget-heading\" data-id=\"857a6c8\" data-element_type=\"widget\" data-widget_type=\"heading.default\">\n\t\t\t\t<div class=\"elementor-widget-container\">\n\t\t\t\t\t<h2 class=\"elementor-heading-title elementor-size-default\">wein.pur Guide 2022\/23<\/h2>\t\t\t\t<\/div>\n\t\t\t\t<\/div>\n\t\t\t\t<div class=\"elementor-element elementor-element-4fd32ac elementor-widget elementor-widget-text-editor\" data-id=\"4fd32ac\" data-element_type=\"widget\" data-widget_type=\"text-editor.default\">\n\t\t\t\t<div class=\"elementor-widget-container\">\n\t\t\t\t\t\t\t\t\t<p>Bestwertung von 5 Gl\u00e4sern f\u00fcr unseren Ried Kalvarienberg im wein.pur Guide 2022\/23. Verkostungsnotizen und Bewertungen von Andreas Hubmann:<\/p><p>Das Weingut Gerhard Deim bietet eine feine Auswahl an Weinen und jeder &#8222;Weingeschmack&#8220; kann hier seinen Liebling finden &#8211; und das in hervorragender Qualit\u00e4t! Da w\u00e4ren zwei Schaumweine: ein Ros\u00e9 Frizzante &#8211; sehr elegant &#8211; und ein &#8222;Fifty:Fifty&#8220; Sauvignon-Muskateller-Frizzante &#8211; vollmundig, trinkanimierend. Ein sehr typischer Muskateller und eine sehr gelungene Cuv\u00e9e aus Gr\u00fcnem Veltliner und Sauvignon Blanc finden sich in der leichten Vielfalt. Und dann sind da die beiden Kamptaler Paradesorten: Gr\u00fcner Veltliner und Riesling: die volle Bandbreite von ganz klassisch bis zur Top Reserve! Gerhard Deim versteht es auch hervorragend die Schattierungen dieser beiden Sorten in den unterschiedlichen Qualit\u00e4tstufen herauszuarbeiten. Auch ein Ros\u00e9 und zwei Rotweine, alle von der Sorte Zweigelt, werden angeboten: ein frisch-fruchtiger klassischer Zweigelt und ein Zweigelt Reserve, der alle St\u00fcckerl spielt! Schlussendlich findet sich auf der Weinliste auch noch ein S\u00fc\u00dfwein. Es w\u00e4re verwunderlich, wenn hier nicht jeder seinen Liebling findet. Noch ein Wort zum Weinjahr 2021 &#8211; einfach nur gro\u00dfartig!<\/p><p><span style=\"text-decoration: underline;\"><strong>5 Glasses (95 to 100 points)<\/strong><\/span><br \/><em>Absoluter Weltklasse-Wein f\u00fcr besonderes nachhaltiges, unvergessliches Weinerlebnis.<\/em><\/p><p>2020 Ried Kalvarienberg\u00a0<\/p><p><span style=\"text-decoration: underline;\"><strong>4 glasses (90 to 94 points)<\/strong><\/span><br \/><em>Wein mit herausragendem Sorten- und Gebietscharakter, auff\u00e4lliger Harmonie, Finesse und deutlicher L\u00e4nge. Er bereitet gro\u00dfes Trinkvergn\u00fcgen mit Reifepotenzial.<\/em><\/p><p>2021 Fifty:Fifty<br \/>2021 Sch\u00f6nberg Gr\u00fcner Veltliner<br \/>2021 Sch\u00f6nberg Riesling<br \/>2020 Ried Bernthal<br \/>2020 Ried Irbling<br \/>2018 Zweigelt Reserve<\/p><p><span style=\"text-decoration: underline;\"><strong>3 glasses<\/strong><\/span><br \/><em>Facettenreicher Vertreter seiner Sorte und Herkunft, der auf sehr hohem Niveau gro\u00dfen Trinkspa\u00df bereitet.<\/em><\/p><p>2021 Hauptsache Veltliner<br \/>2021 Kamptal Gr\u00fcner Veltliner<\/p>\t\t\t\t\t\t\t\t<\/div>\n\t\t\t\t<\/div>\n\t\t\t\t<div class=\"elementor-element elementor-element-9e7ef4a elementor-align-center elementor-widget elementor-widget-button\" data-id=\"9e7ef4a\" data-element_type=\"widget\" data-widget_type=\"button.default\">\n\t\t\t\t<div class=\"elementor-widget-container\">\n\t\t\t\t\t\t\t\t\t<div class=\"elementor-button-wrapper\">\n\t\t\t\t\t<a class=\"elementor-button elementor-button-link elementor-size-sm\" href=\"https:\/\/www.gerharddeim.at\/en\/weine\/\">\n\t\t\t\t\t\t<span class=\"elementor-button-content-wrapper\">\n\t\t\t\t\t\t\t\t\t<span class=\"elementor-button-text\">Weine &gt;&gt;<\/span>\n\t\t\t\t\t<\/span>\n\t\t\t\t\t<\/a>\n\t\t\t\t<\/div>\n\t\t\t\t\t\t\t\t<\/div>\n\t\t\t\t<\/div>\n\t\t\t\t<div class=\"elementor-element elementor-element-d9b6ca1 elementor-align-center elementor-widget elementor-widget-button\" data-id=\"d9b6ca1\" data-element_type=\"widget\" data-widget_type=\"button.default\">\n\t\t\t\t<div class=\"elementor-widget-container\">\n\t\t\t\t\t\t\t\t\t<div class=\"elementor-button-wrapper\">\n\t\t\t\t\t<a class=\"elementor-button elementor-button-link elementor-size-sm\" href=\"https:\/\/www.gerharddeim.at\/en\/weinblog\/\">\n\t\t\t\t\t\t<span class=\"elementor-button-content-wrapper\">\n\t\t\t\t\t\t\t\t\t<span class=\"elementor-button-text\">&lt;&lt; Weinblog<\/span>\n\t\t\t\t\t<\/span>\n\t\t\t\t\t<\/a>\n\t\t\t\t<\/div>\n\t\t\t\t\t\t\t\t<\/div>\n\t\t\t\t<\/div>\n\t\t\t\t\t<\/div>\n\t\t<\/div>\n\t\t\t\t\t<\/div>\n\t\t<\/section>\n\t\t\t\t<\/div>","protected":false},"excerpt":{"rendered":"<p>wein.pur Guide 2022\/23 Bestwertung von 5 Gl\u00e4sern f\u00fcr unseren Ried Kalvarienberg im wein.pur Guide 2022\/23. Verkostungsnotizen und Bewertungen von Andreas Hubmann: Das Weingut Gerhard Deim bietet eine feine Auswahl an Weinen und jeder &#8222;Weingeschmack&#8220; kann hier seinen Liebling finden &#8211; und das in hervorragender Qualit\u00e4t! Da w\u00e4ren zwei Schaumweine: ein Ros\u00e9 Frizzante &#8211; sehr elegant [&hellip;]<\/p>","protected":false},"author":1,"featured_media":0,"parent":0,"menu_order":0,"comment_status":"closed","ping_status":"closed","template":"","meta":{"ocean_post_layout":"full-screen","ocean_both_sidebars_style":"","ocean_both_sidebars_content_width":0,"ocean_both_sidebars_sidebars_width":0,"ocean_sidebar":"0","ocean_second_sidebar":"0","ocean_disable_margins":"enable","ocean_add_body_class":"","ocean_shortcode_before_top_bar":"","ocean_shortcode_after_top_bar":"","ocean_shortcode_before_header":"","ocean_shortcode_after_header":"","ocean_has_shortcode":"","ocean_shortcode_after_title":"","ocean_shortcode_before_footer_widgets":"","ocean_shortcode_after_footer_widgets":"","ocean_shortcode_before_footer_bottom":"","ocean_shortcode_after_footer_bottom":"","ocean_display_top_bar":"off","ocean_display_header":"default","ocean_header_style":"","ocean_center_header_left_menu":"0","ocean_custom_header_template":"0","ocean_custom_logo":0,"ocean_custom_retina_logo":0,"ocean_custom_logo_max_width":0,"ocean_custom_logo_tablet_max_width":0,"ocean_custom_logo_mobile_max_width":0,"ocean_custom_logo_max_height":0,"ocean_custom_logo_tablet_max_height":0,"ocean_custom_logo_mobile_max_height":0,"ocean_header_custom_menu":"0","ocean_menu_typo_font_family":"0","ocean_menu_typo_font_subset":"","ocean_menu_typo_font_size":0,"ocean_menu_typo_font_size_tablet":0,"ocean_menu_typo_font_size_mobile":0,"ocean_menu_typo_font_size_unit":"px","ocean_menu_typo_font_weight":"","ocean_menu_typo_font_weight_tablet":"","ocean_menu_typo_font_weight_mobile":"","ocean_menu_typo_transform":"","ocean_menu_typo_transform_tablet":"","ocean_menu_typo_transform_mobile":"","ocean_menu_typo_line_height":0,"ocean_menu_typo_line_height_tablet":0,"ocean_menu_typo_line_height_mobile":0,"ocean_menu_typo_line_height_unit":"","ocean_menu_typo_spacing":0,"ocean_menu_typo_spacing_tablet":0,"ocean_menu_typo_spacing_mobile":0,"ocean_menu_typo_spacing_unit":"","ocean_menu_link_color":"","ocean_menu_link_color_hover":"","ocean_menu_link_color_active":"","ocean_menu_link_background":"","ocean_menu_link_hover_background":"","ocean_menu_link_active_background":"","ocean_menu_social_links_bg":"","ocean_menu_social_hover_links_bg":"","ocean_menu_social_links_color":"","ocean_menu_social_hover_links_color":"","ocean_disable_title":"on","ocean_disable_heading":"default","ocean_post_title":"","ocean_post_subheading":"","ocean_post_title_style":"","ocean_post_title_background_color":"","ocean_post_title_background":0,"ocean_post_title_bg_image_position":"","ocean_post_title_bg_image_attachment":"","ocean_post_title_bg_image_repeat":"","ocean_post_title_bg_image_size":"","ocean_post_title_height":0,"ocean_post_title_bg_overlay":0.5,"ocean_post_title_bg_overlay_color":"","ocean_disable_breadcrumbs":"default","ocean_breadcrumbs_color":"","ocean_breadcrumbs_separator_color":"","ocean_breadcrumbs_links_color":"","ocean_breadcrumbs_links_hover_color":"","ocean_display_footer_widgets":"default","ocean_display_footer_bottom":"off","ocean_custom_footer_template":"1156","footnotes":""},"class_list":["post-21620","page","type-page","status-publish","hentry","entry","owp-thumbs-layout-horizontal","owp-btn-normal","owp-tabs-layout-horizontal","has-no-thumbnails","has-product-nav"],"jetpack_sharing_enabled":true,"_links":{"self":[{"href":"https:\/\/www.gerharddeim.at\/en\/wp-json\/wp\/v2\/pages\/21620","targetHints":{"allow":["GET"]}}],"collection":[{"href":"https:\/\/www.gerharddeim.at\/en\/wp-json\/wp\/v2\/pages"}],"about":[{"href":"https:\/\/www.gerharddeim.at\/en\/wp-json\/wp\/v2\/types\/page"}],"author":[{"embeddable":true,"href":"https:\/\/www.gerharddeim.at\/en\/wp-json\/wp\/v2\/users\/1"}],"replies":[{"embeddable":true,"href":"https:\/\/www.gerharddeim.at\/en\/wp-json\/wp\/v2\/comments?post=21620"}],"version-history":[{"count":0,"href":"https:\/\/www.gerharddeim.at\/en\/wp-json\/wp\/v2\/pages\/21620\/revisions"}],"wp:attachment":[{"href":"https:\/\/www.gerharddeim.at\/en\/wp-json\/wp\/v2\/media?parent=21620"}],"curies":[{"name":"wp","href":"https:\/\/api.w.org\/{rel}","templated":true}]}}