{"id":22734,"date":"2024-11-01T19:24:51","date_gmt":"2024-11-01T18:24:51","guid":{"rendered":"https:\/\/www.gerharddeim.at\/?page_id=22734"},"modified":"2024-11-03T10:53:34","modified_gmt":"2024-11-03T09:53:34","slug":"vinaria-weinguide-2024-25","status":"publish","type":"page","link":"https:\/\/www.gerharddeim.at\/en\/vinaria-weinguide-2024-25\/","title":{"rendered":"Vinaria Weinguide 2024\/25"},"content":{"rendered":"<div data-elementor-type=\"wp-page\" data-elementor-id=\"22734\" class=\"elementor elementor-22734\" data-elementor-post-type=\"page\">\n\t\t\t\t\t\t<section class=\"elementor-section elementor-top-section elementor-element elementor-element-936260d elementor-section-full_width elementor-section-height-default elementor-section-height-default\" data-id=\"936260d\" data-element_type=\"section\" data-settings=\"{&quot;background_background&quot;:&quot;classic&quot;}\">\n\t\t\t\t\t\t\t<div class=\"elementor-background-overlay\"><\/div>\n\t\t\t\t\t\t\t<div class=\"elementor-container elementor-column-gap-default\">\n\t\t\t\t\t<div class=\"elementor-column elementor-col-100 elementor-top-column elementor-element elementor-element-caddb3d\" data-id=\"caddb3d\" data-element_type=\"column\">\n\t\t\t<div class=\"elementor-widget-wrap elementor-element-populated\">\n\t\t\t\t\t\t<div class=\"elementor-element elementor-element-7469245 elementor-widget elementor-widget-heading\" data-id=\"7469245\" data-element_type=\"widget\" data-widget_type=\"heading.default\">\n\t\t\t\t<div class=\"elementor-widget-container\">\n\t\t\t\t\t<h2 class=\"elementor-heading-title elementor-size-default\">Vinaria Weinguide 2024\/25<\/h2>\t\t\t\t<\/div>\n\t\t\t\t<\/div>\n\t\t\t\t<div class=\"elementor-element elementor-element-597c71c elementor-widget elementor-widget-text-editor\" data-id=\"597c71c\" data-element_type=\"widget\" data-widget_type=\"text-editor.default\">\n\t\t\t\t<div class=\"elementor-widget-container\">\n\t\t\t\t\t\t\t\t\t<p>2022 Ried Irbling wird mit 5 Sternen ausgezeichnet und schafft es in die Liste der Top-Weine des Vinaria Weinguides 2024\/25. Unser Weingut wird mit 3 Kronen ausgezeichnet.<\/p><p><span style=\"text-decoration: underline;\"><strong>Adi Schmid:<\/strong><\/span><\/p><p>Die aktuelle Serie der Weine von Vater und Sohn Gerhard Deim kann sich sehen lassen. Diese sind nicht nur von \u00fcberragender Qualit\u00e4t, sie interpretieren das Kamptal und Sch\u00f6nberg schlichtweg perfekt. Das ist Herkunft in seiner reinsten Form. Schon der 2023 Gr\u00fcner Veltliner Weinzapfl ist prachtvoll. Aus diesem Weingarten stammte der erste Wein, den Gerhard Deim sen. dereinst in Eigenregie gekeltert hat. Zwei hervorragende Gebietsweine &#8211; Gr\u00fcner Veltliner und Riesling 2023 &#8211; machen enorm Spa\u00df. \u00dcbertroffen von den beiden Ortsweinen Sch\u00f6nberg Gr\u00fcner Veltliner und Riesling 2023. Da bleibt kein Wunsch offen. Bei den Lagenweinen wird es dann dramatisch. 2022 Riesling Ried Irbling &#8211; Gneis\/Schiefer ist so spannend wie ein Krimi, voller Spannkraft und Tiefe, zweifellos ein gro\u00dfer Wein. Erstmal gibt es im Hause Gerhard Deim einen Riesling vom Z\u00f6binger Heiligenstein, Jahrgang 2022, ein wunderbarer Riesling. Doch ich habe den Irbling vorne. Zwei Premium Gr\u00fcne Veltliner findet man hier &#8211; 2022 Ried Kalvarienberg, der sich in seiner femininen Art edelst darstellt, und 2022 Ried Bernthal, ein Wein voller Komplexit\u00e4t und Ausdruck. Der h\u00f6chst charmante Ros\u00e9 2023 hat mein Herz im Sturm erobert. Rotwein k\u00f6nnen sie auch, die Deims, man verkoste nur den 2022 Zweigelt Reserve Alte Reben, und man ist \u00fcberzeugt. Ein Rotwein mit einigem Lagerpotenzial.<\/p><p><span style=\"text-decoration: underline;\"><strong>5 Sterne<\/strong><\/span><br \/><em>Top, die herausragendsten Weine des Jahrgangs aus \u00d6sterreich<\/em><\/p><p>2022 Ried Irbling <span style=\"text-decoration: underline;\"><strong>TOP<\/strong><\/span><\/p><p><strong><span style=\"text-decoration: underline;\">4 Sterne<\/span><br \/><\/strong><em>ausgezeichneter Wein<\/em><\/p><p>2022 Ried Kalvarienberg <span style=\"text-decoration: underline;\"><strong>TIPP<\/strong><\/span><br \/>2022 Ried Bernthal<\/p><p><strong><span style=\"text-decoration: underline;\">3 Sterne<\/span><br \/><\/strong><em>sehr guter Wein<\/em><\/p><p>2022 Ried Heiligenstein<br \/>2023 Sch\u00f6nberg Riesling<br \/>2023 Sch\u00f6nberg Gr\u00fcner Veltliner<\/p><p>All notes and description on our website:<\/p>\t\t\t\t\t\t\t\t<\/div>\n\t\t\t\t<\/div>\n\t\t\t\t<div class=\"elementor-element elementor-element-f7a46db elementor-align-center elementor-widget elementor-widget-button\" data-id=\"f7a46db\" data-element_type=\"widget\" data-widget_type=\"button.default\">\n\t\t\t\t<div class=\"elementor-widget-container\">\n\t\t\t\t\t\t\t\t\t<div class=\"elementor-button-wrapper\">\n\t\t\t\t\t<a class=\"elementor-button elementor-button-link elementor-size-sm\" href=\"https:\/\/www.gerharddeim.at\/en\/weine\/\">\n\t\t\t\t\t\t<span class=\"elementor-button-content-wrapper\">\n\t\t\t\t\t\t\t\t\t<span class=\"elementor-button-text\">Unsere Weine &gt;&gt;<\/span>\n\t\t\t\t\t<\/span>\n\t\t\t\t\t<\/a>\n\t\t\t\t<\/div>\n\t\t\t\t\t\t\t\t<\/div>\n\t\t\t\t<\/div>\n\t\t\t\t\t<\/div>\n\t\t<\/div>\n\t\t\t\t\t<\/div>\n\t\t<\/section>\n\t\t\t\t<\/div>","protected":false},"excerpt":{"rendered":"<p>Vinaria Weinguide 2024\/25 2022 Ried Irbling wird mit 5 Sternen ausgezeichnet und schafft es in die Liste der Top-Weine des Vinaria Weinguides 2024\/25. Unser Weingut wird mit 3 Kronen ausgezeichnet. Adi Schmid: Die aktuelle Serie der Weine von Vater und Sohn Gerhard Deim kann sich sehen lassen. Diese sind nicht nur von \u00fcberragender Qualit\u00e4t, sie [&hellip;]<\/p>","protected":false},"author":1,"featured_media":0,"parent":0,"menu_order":0,"comment_status":"closed","ping_status":"closed","template":"","meta":{"ocean_post_layout":"full-screen","ocean_both_sidebars_style":"","ocean_both_sidebars_content_width":0,"ocean_both_sidebars_sidebars_width":0,"ocean_sidebar":"0","ocean_second_sidebar":"0","ocean_disable_margins":"enable","ocean_add_body_class":"","ocean_shortcode_before_top_bar":"","ocean_shortcode_after_top_bar":"","ocean_shortcode_before_header":"","ocean_shortcode_after_header":"","ocean_has_shortcode":"","ocean_shortcode_after_title":"","ocean_shortcode_before_footer_widgets":"","ocean_shortcode_after_footer_widgets":"","ocean_shortcode_before_footer_bottom":"","ocean_shortcode_after_footer_bottom":"","ocean_display_top_bar":"off","ocean_display_header":"default","ocean_header_style":"","ocean_center_header_left_menu":"0","ocean_custom_header_template":"0","ocean_custom_logo":0,"ocean_custom_retina_logo":0,"ocean_custom_logo_max_width":0,"ocean_custom_logo_tablet_max_width":0,"ocean_custom_logo_mobile_max_width":0,"ocean_custom_logo_max_height":0,"ocean_custom_logo_tablet_max_height":0,"ocean_custom_logo_mobile_max_height":0,"ocean_header_custom_menu":"0","ocean_menu_typo_font_family":"0","ocean_menu_typo_font_subset":"","ocean_menu_typo_font_size":0,"ocean_menu_typo_font_size_tablet":0,"ocean_menu_typo_font_size_mobile":0,"ocean_menu_typo_font_size_unit":"px","ocean_menu_typo_font_weight":"","ocean_menu_typo_font_weight_tablet":"","ocean_menu_typo_font_weight_mobile":"","ocean_menu_typo_transform":"","ocean_menu_typo_transform_tablet":"","ocean_menu_typo_transform_mobile":"","ocean_menu_typo_line_height":0,"ocean_menu_typo_line_height_tablet":0,"ocean_menu_typo_line_height_mobile":0,"ocean_menu_typo_line_height_unit":"","ocean_menu_typo_spacing":0,"ocean_menu_typo_spacing_tablet":0,"ocean_menu_typo_spacing_mobile":0,"ocean_menu_typo_spacing_unit":"","ocean_menu_link_color":"","ocean_menu_link_color_hover":"","ocean_menu_link_color_active":"","ocean_menu_link_background":"","ocean_menu_link_hover_background":"","ocean_menu_link_active_background":"","ocean_menu_social_links_bg":"","ocean_menu_social_hover_links_bg":"","ocean_menu_social_links_color":"","ocean_menu_social_hover_links_color":"","ocean_disable_title":"on","ocean_disable_heading":"default","ocean_post_title":"","ocean_post_subheading":"","ocean_post_title_style":"","ocean_post_title_background_color":"","ocean_post_title_background":0,"ocean_post_title_bg_image_position":"","ocean_post_title_bg_image_attachment":"","ocean_post_title_bg_image_repeat":"","ocean_post_title_bg_image_size":"","ocean_post_title_height":0,"ocean_post_title_bg_overlay":0.5,"ocean_post_title_bg_overlay_color":"","ocean_disable_breadcrumbs":"default","ocean_breadcrumbs_color":"","ocean_breadcrumbs_separator_color":"","ocean_breadcrumbs_links_color":"","ocean_breadcrumbs_links_hover_color":"","ocean_display_footer_widgets":"default","ocean_display_footer_bottom":"off","ocean_custom_footer_template":"1156","footnotes":""},"class_list":["post-22734","page","type-page","status-publish","hentry","entry","owp-thumbs-layout-horizontal","owp-btn-normal","owp-tabs-layout-horizontal","has-no-thumbnails","has-product-nav"],"jetpack_sharing_enabled":true,"_links":{"self":[{"href":"https:\/\/www.gerharddeim.at\/en\/wp-json\/wp\/v2\/pages\/22734","targetHints":{"allow":["GET"]}}],"collection":[{"href":"https:\/\/www.gerharddeim.at\/en\/wp-json\/wp\/v2\/pages"}],"about":[{"href":"https:\/\/www.gerharddeim.at\/en\/wp-json\/wp\/v2\/types\/page"}],"author":[{"embeddable":true,"href":"https:\/\/www.gerharddeim.at\/en\/wp-json\/wp\/v2\/users\/1"}],"replies":[{"embeddable":true,"href":"https:\/\/www.gerharddeim.at\/en\/wp-json\/wp\/v2\/comments?post=22734"}],"version-history":[{"count":0,"href":"https:\/\/www.gerharddeim.at\/en\/wp-json\/wp\/v2\/pages\/22734\/revisions"}],"wp:attachment":[{"href":"https:\/\/www.gerharddeim.at\/en\/wp-json\/wp\/v2\/media?parent=22734"}],"curies":[{"name":"wp","href":"https:\/\/api.w.org\/{rel}","templated":true}]}}