{"id":667,"date":"2020-01-20T08:33:10","date_gmt":"2020-01-20T07:33:10","guid":{"rendered":"https:\/\/www.gerharddeim.at\/?page_id=667"},"modified":"2025-11-09T16:01:42","modified_gmt":"2025-11-09T15:01:42","slug":"bernthalgv","status":"publish","type":"page","link":"https:\/\/www.gerharddeim.at\/en\/bernthalgv\/","title":{"rendered":"Bernthal GV"},"content":{"rendered":"<div data-elementor-type=\"wp-page\" data-elementor-id=\"667\" class=\"elementor elementor-667\" data-elementor-post-type=\"page\">\n\t\t\t\t\t\t<section class=\"elementor-section elementor-top-section elementor-element elementor-element-4f331588 elementor-section-height-min-height elementor-section-boxed elementor-section-height-default elementor-section-items-middle\" data-id=\"4f331588\" data-element_type=\"section\" data-settings=\"{&quot;background_background&quot;:&quot;classic&quot;}\">\n\t\t\t\t\t\t<div class=\"elementor-container elementor-column-gap-wider\">\n\t\t\t\t\t<div class=\"elementor-column elementor-col-50 elementor-top-column elementor-element elementor-element-11fd0f97\" data-id=\"11fd0f97\" data-element_type=\"column\">\n\t\t\t<div class=\"elementor-widget-wrap elementor-element-populated\">\n\t\t\t\t\t\t<div class=\"elementor-element elementor-element-15ec78a7 elementor-widget elementor-widget-image\" data-id=\"15ec78a7\" data-element_type=\"widget\" data-widget_type=\"image.default\">\n\t\t\t\t<div class=\"elementor-widget-container\">\n\t\t\t\t\t\t\t\t\t\t\t\t\t\t\t<img fetchpriority=\"high\" decoding=\"async\" width=\"768\" height=\"2836\" src=\"https:\/\/www.gerharddeim.at\/wp-content\/uploads\/2021\/04\/Ried-BERNTHAL-GV-comp-768x2836.png\" class=\"elementor-animation-grow attachment-medium_large size-medium_large wp-image-2472\" alt=\"\" srcset=\"https:\/\/www.gerharddeim.at\/wp-content\/uploads\/2021\/04\/Ried-BERNTHAL-GV-comp-768x2836.png 768w, https:\/\/www.gerharddeim.at\/wp-content\/uploads\/2021\/04\/Ried-BERNTHAL-GV-comp-300x1108.png 300w, https:\/\/www.gerharddeim.at\/wp-content\/uploads\/2021\/04\/Ried-BERNTHAL-GV-comp-81x300.png 81w, https:\/\/www.gerharddeim.at\/wp-content\/uploads\/2021\/04\/Ried-BERNTHAL-GV-comp-277x1024.png 277w, https:\/\/www.gerharddeim.at\/wp-content\/uploads\/2021\/04\/Ried-BERNTHAL-GV-comp-416x1536.png 416w, https:\/\/www.gerharddeim.at\/wp-content\/uploads\/2021\/04\/Ried-BERNTHAL-GV-comp-555x2048.png 555w, https:\/\/www.gerharddeim.at\/wp-content\/uploads\/2021\/04\/Ried-BERNTHAL-GV-comp-3x12.png 3w, https:\/\/www.gerharddeim.at\/wp-content\/uploads\/2021\/04\/Ried-BERNTHAL-GV-comp-600x2216.png 600w, https:\/\/www.gerharddeim.at\/wp-content\/uploads\/2021\/04\/Ried-BERNTHAL-GV-comp.png 1135w\" sizes=\"(max-width: 768px) 100vw, 768px\" \/>\t\t\t\t\t\t\t\t\t\t\t\t\t\t\t<\/div>\n\t\t\t\t<\/div>\n\t\t\t\t\t<\/div>\n\t\t<\/div>\n\t\t\t\t<div class=\"elementor-column elementor-col-50 elementor-top-column elementor-element elementor-element-2adff2aa\" data-id=\"2adff2aa\" data-element_type=\"column\" data-settings=\"{&quot;background_background&quot;:&quot;classic&quot;}\">\n\t\t\t<div class=\"elementor-widget-wrap elementor-element-populated\">\n\t\t\t\t\t<div class=\"elementor-background-overlay\"><\/div>\n\t\t\t\t\t\t<div class=\"elementor-element elementor-element-1a1ad221 elementor-widget elementor-widget-heading\" data-id=\"1a1ad221\" data-element_type=\"widget\" data-widget_type=\"heading.default\">\n\t\t\t\t<div class=\"elementor-widget-container\">\n\t\t\t\t\t<h2 class=\"elementor-heading-title elementor-size-default\">Ried Bernthal<\/h2>\t\t\t\t<\/div>\n\t\t\t\t<\/div>\n\t\t\t\t<div class=\"elementor-element elementor-element-3c8fe37f elementor-widget elementor-widget-text-editor\" data-id=\"3c8fe37f\" data-element_type=\"widget\" data-widget_type=\"text-editor.default\">\n\t\t\t\t<div class=\"elementor-widget-container\">\n\t\t\t\t\t\t\t\t\t<p>Appellation: Kamptal DAC Riedenwein<br \/>Village &amp; vineyard name: Sch\u00f6nberger Bernthal<br \/>Grape Variety: Gr\u00fcner Veltliner<\/p><p>Ried (single vineyard) Bernthal connects the two villages Sch\u00f6nberg and Mollands. The south-east facing terraces offer morning sun and help the grapes to dry quickly in autumn. Deep and fertile loess loam soil help to develop very elegant but still powerful wines.<\/p>\t\t\t\t\t\t\t\t<\/div>\n\t\t\t\t<\/div>\n\t\t\t\t<div class=\"elementor-element elementor-element-2b2a3bf2 elementor-widget elementor-widget-toggle\" data-id=\"2b2a3bf2\" data-element_type=\"widget\" data-widget_type=\"toggle.default\">\n\t\t\t\t<div class=\"elementor-widget-container\">\n\t\t\t\t\t\t\t<div class=\"elementor-toggle\">\n\t\t\t\t\t\t\t<div class=\"elementor-toggle-item\">\n\t\t\t\t\t<div id=\"elementor-tab-title-7241\" class=\"elementor-tab-title\" data-tab=\"1\" role=\"button\" aria-controls=\"elementor-tab-content-7241\" aria-expanded=\"false\">\n\t\t\t\t\t\t\t\t\t\t\t\t<span class=\"elementor-toggle-icon elementor-toggle-icon-left\" aria-hidden=\"true\">\n\t\t\t\t\t\t\t\t\t\t\t\t\t\t\t<span class=\"elementor-toggle-icon-closed\"><i class=\"fas fa-angle-double-down\"><\/i><\/span>\n\t\t\t\t\t\t\t\t<span class=\"elementor-toggle-icon-opened\"><i class=\"elementor-toggle-icon-opened fas fa-angle-down\"><\/i><\/span>\n\t\t\t\t\t\t\t\t\t\t\t\t\t<\/span>\n\t\t\t\t\t\t\t\t\t\t\t\t<a class=\"elementor-toggle-title\" tabindex=\"0\">Ried Bernthal<\/a>\n\t\t\t\t\t<\/div>\n\n\t\t\t\t\t<div id=\"elementor-tab-content-7241\" class=\"elementor-tab-content elementor-clearfix\" data-tab=\"1\" role=\"region\" aria-labelledby=\"elementor-tab-title-7241\"><p>Soil: deep and fertile loess-loam terraces<br \/>Altitude: 240-320 Meters<br \/>Orientation: South-East\u00a0<br \/>Age of vines: 15-50 years<br \/>Planting density: 3000-4000 vines per hectar<br \/>Training system: Guyot<\/p><\/div>\n\t\t\t\t<\/div>\n\t\t\t\t\t\t\t<div class=\"elementor-toggle-item\">\n\t\t\t\t\t<div id=\"elementor-tab-title-7242\" class=\"elementor-tab-title\" data-tab=\"2\" role=\"button\" aria-controls=\"elementor-tab-content-7242\" aria-expanded=\"false\">\n\t\t\t\t\t\t\t\t\t\t\t\t<span class=\"elementor-toggle-icon elementor-toggle-icon-left\" aria-hidden=\"true\">\n\t\t\t\t\t\t\t\t\t\t\t\t\t\t\t<span class=\"elementor-toggle-icon-closed\"><i class=\"fas fa-angle-double-down\"><\/i><\/span>\n\t\t\t\t\t\t\t\t<span class=\"elementor-toggle-icon-opened\"><i class=\"elementor-toggle-icon-opened fas fa-angle-down\"><\/i><\/span>\n\t\t\t\t\t\t\t\t\t\t\t\t\t<\/span>\n\t\t\t\t\t\t\t\t\t\t\t\t<a class=\"elementor-toggle-title\" tabindex=\"0\">Vinification<\/a>\n\t\t\t\t\t<\/div>\n\n\t\t\t\t\t<div id=\"elementor-tab-content-7242\" class=\"elementor-tab-content elementor-clearfix\" data-tab=\"2\" role=\"region\" aria-labelledby=\"elementor-tab-title-7242\"><p>Harvest yield: 2500 litres per hectar<br \/>Harvest date: mid-October<br \/>Maceration: short skin contact<br \/>Maturation: 500 litre oak and acacia barrels<br \/>Bottling: 10 months after harvest<\/p><\/div>\n\t\t\t\t<\/div>\n\t\t\t\t\t\t\t<div class=\"elementor-toggle-item\">\n\t\t\t\t\t<div id=\"elementor-tab-title-7243\" class=\"elementor-tab-title\" data-tab=\"3\" role=\"button\" aria-controls=\"elementor-tab-content-7243\" aria-expanded=\"false\">\n\t\t\t\t\t\t\t\t\t\t\t\t<span class=\"elementor-toggle-icon elementor-toggle-icon-left\" aria-hidden=\"true\">\n\t\t\t\t\t\t\t\t\t\t\t\t\t\t\t<span class=\"elementor-toggle-icon-closed\"><i class=\"fas fa-angle-double-down\"><\/i><\/span>\n\t\t\t\t\t\t\t\t<span class=\"elementor-toggle-icon-opened\"><i class=\"elementor-toggle-icon-opened fas fa-angle-down\"><\/i><\/span>\n\t\t\t\t\t\t\t\t\t\t\t\t\t<\/span>\n\t\t\t\t\t\t\t\t\t\t\t\t<a class=\"elementor-toggle-title\" tabindex=\"0\">Drinking recommendation<\/a>\n\t\t\t\t\t<\/div>\n\n\t\t\t\t\t<div id=\"elementor-tab-content-7243\" class=\"elementor-tab-content elementor-clearfix\" data-tab=\"3\" role=\"region\" aria-labelledby=\"elementor-tab-title-7243\"><p>Serving temperature: 12\u00b0C<br \/>Food pairing: fish, seafood, wide diversity of traditional Austrian recipes\u00a0<\/p><\/div>\n\t\t\t\t<\/div>\n\t\t\t\t\t\t\t<div class=\"elementor-toggle-item\">\n\t\t\t\t\t<div id=\"elementor-tab-title-7244\" class=\"elementor-tab-title\" data-tab=\"4\" role=\"button\" aria-controls=\"elementor-tab-content-7244\" aria-expanded=\"false\">\n\t\t\t\t\t\t\t\t\t\t\t\t<span class=\"elementor-toggle-icon elementor-toggle-icon-left\" aria-hidden=\"true\">\n\t\t\t\t\t\t\t\t\t\t\t\t\t\t\t<span class=\"elementor-toggle-icon-closed\"><i class=\"fas fa-angle-double-down\"><\/i><\/span>\n\t\t\t\t\t\t\t\t<span class=\"elementor-toggle-icon-opened\"><i class=\"elementor-toggle-icon-opened fas fa-angle-down\"><\/i><\/span>\n\t\t\t\t\t\t\t\t\t\t\t\t\t<\/span>\n\t\t\t\t\t\t\t\t\t\t\t\t<a class=\"elementor-toggle-title\" tabindex=\"0\">Rewards<\/a>\n\t\t\t\t\t<\/div>\n\n\t\t\t\t\t<div id=\"elementor-tab-content-7244\" class=\"elementor-tab-content elementor-clearfix\" data-tab=\"4\" role=\"region\" aria-labelledby=\"elementor-tab-title-7244\"><p>Jahrgang 2023:<br>93 points Falstaff<br>4 Sterne + Tipp Vinaria<br>2. Place Kamptal Wine Trophy<br>2. Platz Gro\u00dfe H\u00e4mmer Alte Schmiede<\/p>\n<p>Vintage 2022:<br>92+ Punkte A la Carte<br>92 points Falstaff<br>4 stars + tip Vinaria<br>Finalist N\u00d6 Landesweinpr\u00e4mierung<br>1. Platz Gro\u00dfe H\u00e4mmer Alte Schmiede<\/p>\n<p>Vintage 2021:<br>93 points A la Carte<br>92 points Falstaff<br>2. Place Kamptal Wine Trophy<br>4+ Gl\u00e4ser wein.pur<br>3 stars Vinaria<br>3. Place \"Gro\u00dfe H\u00e4mmer\" Vinothek Alte Schmiede in Sch\u00f6nberg<\/p>\n<p>Vintage 2020:<br>93 points A la Carte<br>92 points Falstaff<br>finalist N\u00d6 Landesweinpr\u00e4mierung (among the best of Lower Austria)<br>finalist \"Gro\u00dfe H\u00e4mmer\" Vinothek Alte Schmiede in Sch\u00f6nberg<br>4 glasses wein.pur<br>3 stars Vinaria<\/p>\n<p>Vintage 2019:<br>5 stars Vinaria<br>TOP 8 Vinaria Gr\u00fcner Veltliner Premium 2019<br>93 points Falstaff<br>93 points A la Carte<\/p>\n<p>Vintage 2018:<br>5 stars &amp; 5th best Gr\u00fcner Veltliner worldwide (2nd best of vintage 2018) - Vinaria and Winestate Magazine<br>91 points Falstaff<br>90 points A la Carte<br>4 glasses (90 to 94 points) wein.pur<br>finalist \"Gro\u00dfe H\u00e4mmer\" Vinothek Alte Schmiede in Sch\u00f6nberg<\/p><\/div>\n\t\t\t\t<\/div>\n\t\t\t\t\t\t\t<div class=\"elementor-toggle-item\">\n\t\t\t\t\t<div id=\"elementor-tab-title-7245\" class=\"elementor-tab-title\" data-tab=\"5\" role=\"button\" aria-controls=\"elementor-tab-content-7245\" aria-expanded=\"false\">\n\t\t\t\t\t\t\t\t\t\t\t\t<span class=\"elementor-toggle-icon elementor-toggle-icon-left\" aria-hidden=\"true\">\n\t\t\t\t\t\t\t\t\t\t\t\t\t\t\t<span class=\"elementor-toggle-icon-closed\"><i class=\"fas fa-angle-double-down\"><\/i><\/span>\n\t\t\t\t\t\t\t\t<span class=\"elementor-toggle-icon-opened\"><i class=\"elementor-toggle-icon-opened fas fa-angle-down\"><\/i><\/span>\n\t\t\t\t\t\t\t\t\t\t\t\t\t<\/span>\n\t\t\t\t\t\t\t\t\t\t\t\t<a class=\"elementor-toggle-title\" tabindex=\"0\">Tasting notes<\/a>\n\t\t\t\t\t<\/div>\n\n\t\t\t\t\t<div id=\"elementor-tab-content-7245\" class=\"elementor-tab-content elementor-clearfix\" data-tab=\"5\" role=\"region\" aria-labelledby=\"elementor-tab-title-7245\"><p>Vintage 2022:<br \/><span style=\"text-decoration: underline;\"><strong>Adi Schmid, Vinaria:<\/strong><\/span> Ein komplexer, eleganter Gr\u00fcner Veltliner mit Holzfassausbau, sehr sch\u00f6nes\u00a0 strukturgebendes Holz, Steinobst, wunderbare Exotik, Ananas, Mango, etwas Vanille, feine Frucht. Entwickelt Druck nach hinten. Unglaublich hochwertig. Ein Wein von Klasse.<span style=\"text-decoration: underline;\"><strong><br \/>Willi Balanjuk, A la Carte:<\/strong><\/span>\u00a0Jugendliche Farbe, nuanciertes Bukett, kandierte Orange, Antipasti-Noten, balancierte Textur, fruchtig-w\u00fcrziger Abgang, langer Nachhall.<\/p><p>Vintage 2021:<br \/><span style=\"text-decoration: underline;\"><strong>Adi Schmid, Vinaria:<\/strong><\/span> Wachsnoten, Pfefferschleier, fast sakral wirkend, gelber Apfel, Pfirsich, Marille, Waldhonig, fruchtig-kernig, straffe S\u00e4ure, l\u00f6ssige Intension, schmelzig, einige Exotik, verf\u00fcgt \u00fcber einigen Tiefgang. Ein wunderbarer, kompakter Wein mit einiger Substanz.<br \/><span style=\"text-decoration: underline;\"><strong>Peter Moser, Falstaff: <\/strong><\/span>Mittleres Gelbgr\u00fcn, silberfarbene Reflexe. Feine Maracujanoten, etwas nach Orangenzesten, ein Hauch von Passionsfrucht, Melisse klingt an, mit Bl\u00fctenhonig unterlegt. Saftig, straff, wei\u00dfes Steinobst im Abgang, salziger Nachhall, bleibt gut haften, vielseitig einsetzbar.<span style=\"text-decoration: underline;\"><strong><br \/>Wolfgang Wachter, Vinaria:<\/strong><\/span> Reife \u00c4pfel, helles Steinobst, zarteste W\u00fcrze, konsolidiert; aromatisches Dacapo, Fruchtschmelz, einige Kraft ohne \u00dcppigkeit, feiner S\u00e4urebogen, L\u00f6ss kommt durch, fruchtig-w\u00fcrziges Finale.<br \/><span style=\"text-decoration: underline;\"><strong>Andreas Hubmann, wein.pur:<\/strong><\/span> Exotischer Fr\u00fcchtemix, komplex, harmonisch, kraftvoll, sehr lang.<\/p><p>Vintage 2020:<br \/><u style=\"font-weight: bold;\">Willi Balanjuk, A la Carte:<\/u> Helles Gelbgr\u00fcn, Silberreflexe. Zart nach Mandarinenzesten, wei\u00dfer Apfel, ein Hauch von Mango und Wiesenkr\u00e4utern. Saftig, elegant, feine Kernobstnuancen, frischer S\u00e4urebogen, mineralisch-zitronig im Nachhall, bleibt gut haften.<u style=\"font-weight: bold;\"><br \/>Peter Moser, Falstaff:<\/u>\u00a0Feine Gew\u00fcrznuancen, ein hauch von Tabak und Anis, gelbe Apfelfrucht, frische Orangenzesten. Saftig, gelbe Frucht, zart nach Marille, dezente S\u00e4ure, fruchts\u00fc\u00dfer Nachhall, bereits zug\u00e4nglich.<br \/><span style=\"text-decoration: underline;\"><strong>Andreas Hubmann, wein.pur Guide:<\/strong><\/span> Reife gelbe \u00c4pfel, facettenreich, vollmundig, dicht und lang.<br \/><u style=\"font-size: 16px; background-color: rgba(255, 255, 255, 0); font-weight: bold;\">Wolfang Wachter, Vinaria:<\/u><span style=\"font-size: 16px; background-color: rgba(255, 255, 255, 0);\"> Dezent, bodenst\u00e4mmige W\u00fcrze, samtig, Ankl\u00e4nge von Grapefruits und Ananas; druckvoll, geschmeidig, viel exotisch angehauchte Frucht, cremiger Touch, gro\u00dfe L\u00e4nge, fruchtbetonter Abgang<\/span><\/p><p>Vintage 2019:<br \/><strong><u>Willi Balanjuk, A la Carte:<\/u><\/strong>\u00a0helle Farbe, ausgepr\u00e4gte, reife Frucht, Honigmelone, kandierte Birne, Kr\u00e4uter, gehaltvoll, balancierte, weiche Textur, fruchtiger Abgang, lang anhaltend, zarter Gerbstoff im Finish<br \/><strong><u>Wolfgang Wachter, Vinaria:<\/u><\/strong>\u00a0Druckvoll, Steinobst, Birne, W\u00fcrzeschleier, L\u00f6ss erkennbar; stoffig, reife Frucht, W\u00fcrze betonter als im Duft, bodentypischer Schmelz, lang, im Nachhall auch Zitrus.<\/p><p>Vintage 2018:<br \/><strong><u>Wolfgang Wachter, Vinaria:<\/u> <\/strong>Druckvoll, der Lehm-Lo\u0308ss-Boden kommt durch, feine W\u00fcrze, reife \u00c4pfel, Quitten; schlie\u00dft am Gaumen nahtlos an, kraftvoll, cremiger Touch, einige Tiefe und Facetten, Frucht und bodenst\u00e4mmige Noten im langen Abgang.<\/p><\/div>\n\t\t\t\t<\/div>\n\t\t\t\t\t\t\t<div class=\"elementor-toggle-item\">\n\t\t\t\t\t<div id=\"elementor-tab-title-7246\" class=\"elementor-tab-title\" data-tab=\"6\" role=\"button\" aria-controls=\"elementor-tab-content-7246\" aria-expanded=\"false\">\n\t\t\t\t\t\t\t\t\t\t\t\t<span class=\"elementor-toggle-icon elementor-toggle-icon-left\" aria-hidden=\"true\">\n\t\t\t\t\t\t\t\t\t\t\t\t\t\t\t<span class=\"elementor-toggle-icon-closed\"><i class=\"fas fa-angle-double-down\"><\/i><\/span>\n\t\t\t\t\t\t\t\t<span class=\"elementor-toggle-icon-opened\"><i class=\"elementor-toggle-icon-opened fas fa-angle-down\"><\/i><\/span>\n\t\t\t\t\t\t\t\t\t\t\t\t\t<\/span>\n\t\t\t\t\t\t\t\t\t\t\t\t<a class=\"elementor-toggle-title\" tabindex=\"0\">Downloads<\/a>\n\t\t\t\t\t<\/div>\n\n\t\t\t\t\t<div id=\"elementor-tab-content-7246\" class=\"elementor-tab-content elementor-clearfix\" data-tab=\"6\" role=\"region\" aria-labelledby=\"elementor-tab-title-7246\"><p>Weindatenblatt<br \/>Flaschenfoto<\/p><\/div>\n\t\t\t\t<\/div>\n\t\t\t\t\t\t\t\t<\/div>\n\t\t\t\t\t\t<\/div>\n\t\t\t\t<\/div>\n\t\t\t\t<div class=\"elementor-element elementor-element-6f5282c3 elementor-align-center elementor-widget elementor-widget-button\" data-id=\"6f5282c3\" data-element_type=\"widget\" data-widget_type=\"button.default\">\n\t\t\t\t<div class=\"elementor-widget-container\">\n\t\t\t\t\t\t\t\t\t<div class=\"elementor-button-wrapper\">\n\t\t\t\t\t<a class=\"elementor-button elementor-button-link elementor-size-sm\" href=\"https:\/\/www.gerharddeim.at\/en\/weine\/\">\n\t\t\t\t\t\t<span class=\"elementor-button-content-wrapper\">\n\t\t\t\t\t\t\t\t\t<span class=\"elementor-button-text\">&lt;&lt; Weine<\/span>\n\t\t\t\t\t<\/span>\n\t\t\t\t\t<\/a>\n\t\t\t\t<\/div>\n\t\t\t\t\t\t\t\t<\/div>\n\t\t\t\t<\/div>\n\t\t\t\t\t<\/div>\n\t\t<\/div>\n\t\t\t\t\t<\/div>\n\t\t<\/section>\n\t\t\t\t<\/div>","protected":false},"excerpt":{"rendered":"<p>Ried Bernthal Appellation: Kamptal DAC RiedenweinRied: Sch\u00f6nberger BernthalRebsorte: Gr\u00fcner Veltliner Von Sch\u00f6nberg weg schwingt sich das Bernthal nach Westen dem Weinort Mollands empor. Tiefgr\u00fcndige, wasserspeichernde L\u00f6ss-Lehm-B\u00f6den und windgesch\u00fctzte, s\u00fcd\u00f6stlich ausgerichtete Terrassen mit Morgensonne sind Grundsubstanz f\u00fcr kr\u00e4ftige, volle Weine mit reifer Fruchtauspr\u00e4gung. Ried Bernthal Boden: tiefgr\u00fcndige L\u00f6ss-, LehmterrassenSeeh\u00f6he: 240-320 MeterAusrichtung: S\u00fcdost\u00a0Alter der Reben: 15 bis [&hellip;]<\/p>","protected":false},"author":1,"featured_media":0,"parent":0,"menu_order":0,"comment_status":"closed","ping_status":"closed","template":"","meta":{"ocean_post_layout":"full-screen","ocean_both_sidebars_style":"","ocean_both_sidebars_content_width":0,"ocean_both_sidebars_sidebars_width":0,"ocean_sidebar":"0","ocean_second_sidebar":"0","ocean_disable_margins":"enable","ocean_add_body_class":"","ocean_shortcode_before_top_bar":"","ocean_shortcode_after_top_bar":"","ocean_shortcode_before_header":"","ocean_shortcode_after_header":"","ocean_has_shortcode":"","ocean_shortcode_after_title":"","ocean_shortcode_before_footer_widgets":"","ocean_shortcode_after_footer_widgets":"","ocean_shortcode_before_footer_bottom":"","ocean_shortcode_after_footer_bottom":"","ocean_display_top_bar":"off","ocean_display_header":"on","ocean_header_style":"","ocean_center_header_left_menu":"0","ocean_custom_header_template":"0","ocean_custom_logo":0,"ocean_custom_retina_logo":0,"ocean_custom_logo_max_width":0,"ocean_custom_logo_tablet_max_width":0,"ocean_custom_logo_mobile_max_width":0,"ocean_custom_logo_max_height":0,"ocean_custom_logo_tablet_max_height":0,"ocean_custom_logo_mobile_max_height":0,"ocean_header_custom_menu":"0","ocean_menu_typo_font_family":"0","ocean_menu_typo_font_subset":"","ocean_menu_typo_font_size":0,"ocean_menu_typo_font_size_tablet":0,"ocean_menu_typo_font_size_mobile":0,"ocean_menu_typo_font_size_unit":"px","ocean_menu_typo_font_weight":"","ocean_menu_typo_font_weight_tablet":"","ocean_menu_typo_font_weight_mobile":"","ocean_menu_typo_transform":"","ocean_menu_typo_transform_tablet":"","ocean_menu_typo_transform_mobile":"","ocean_menu_typo_line_height":0,"ocean_menu_typo_line_height_tablet":0,"ocean_menu_typo_line_height_mobile":0,"ocean_menu_typo_line_height_unit":"","ocean_menu_typo_spacing":0,"ocean_menu_typo_spacing_tablet":0,"ocean_menu_typo_spacing_mobile":0,"ocean_menu_typo_spacing_unit":"","ocean_menu_link_color":"","ocean_menu_link_color_hover":"","ocean_menu_link_color_active":"","ocean_menu_link_background":"","ocean_menu_link_hover_background":"","ocean_menu_link_active_background":"","ocean_menu_social_links_bg":"","ocean_menu_social_hover_links_bg":"","ocean_menu_social_links_color":"","ocean_menu_social_hover_links_color":"","ocean_disable_title":"on","ocean_disable_heading":"default","ocean_post_title":"","ocean_post_subheading":"","ocean_post_title_style":"","ocean_post_title_background_color":"","ocean_post_title_background":0,"ocean_post_title_bg_image_position":"","ocean_post_title_bg_image_attachment":"","ocean_post_title_bg_image_repeat":"","ocean_post_title_bg_image_size":"","ocean_post_title_height":0,"ocean_post_title_bg_overlay":0.5,"ocean_post_title_bg_overlay_color":"","ocean_disable_breadcrumbs":"default","ocean_breadcrumbs_color":"","ocean_breadcrumbs_separator_color":"","ocean_breadcrumbs_links_color":"","ocean_breadcrumbs_links_hover_color":"","ocean_display_footer_widgets":"on","ocean_display_footer_bottom":"off","ocean_custom_footer_template":"1074","footnotes":""},"class_list":["post-667","page","type-page","status-publish","hentry","entry","owp-thumbs-layout-horizontal","owp-btn-normal","owp-tabs-layout-horizontal","has-no-thumbnails","has-product-nav"],"jetpack_sharing_enabled":true,"_links":{"self":[{"href":"https:\/\/www.gerharddeim.at\/en\/wp-json\/wp\/v2\/pages\/667","targetHints":{"allow":["GET"]}}],"collection":[{"href":"https:\/\/www.gerharddeim.at\/en\/wp-json\/wp\/v2\/pages"}],"about":[{"href":"https:\/\/www.gerharddeim.at\/en\/wp-json\/wp\/v2\/types\/page"}],"author":[{"embeddable":true,"href":"https:\/\/www.gerharddeim.at\/en\/wp-json\/wp\/v2\/users\/1"}],"replies":[{"embeddable":true,"href":"https:\/\/www.gerharddeim.at\/en\/wp-json\/wp\/v2\/comments?post=667"}],"version-history":[{"count":4,"href":"https:\/\/www.gerharddeim.at\/en\/wp-json\/wp\/v2\/pages\/667\/revisions"}],"predecessor-version":[{"id":23439,"href":"https:\/\/www.gerharddeim.at\/en\/wp-json\/wp\/v2\/pages\/667\/revisions\/23439"}],"wp:attachment":[{"href":"https:\/\/www.gerharddeim.at\/en\/wp-json\/wp\/v2\/media?parent=667"}],"curies":[{"name":"wp","href":"https:\/\/api.w.org\/{rel}","templated":true}]}}