{"id":679,"date":"2020-01-20T09:31:55","date_gmt":"2020-01-20T08:31:55","guid":{"rendered":"https:\/\/www.gerharddeim.at\/?page_id=679"},"modified":"2024-10-20T16:43:44","modified_gmt":"2024-10-20T14:43:44","slug":"schoenbergrr","status":"publish","type":"page","link":"https:\/\/www.gerharddeim.at\/en\/schoenbergrr\/","title":{"rendered":"Sch\u00f6nberg RR"},"content":{"rendered":"<div data-elementor-type=\"wp-page\" data-elementor-id=\"679\" class=\"elementor elementor-679\" data-elementor-post-type=\"page\">\n\t\t\t\t\t\t<section class=\"elementor-section elementor-top-section elementor-element elementor-element-147edecb elementor-section-height-min-height elementor-section-boxed elementor-section-height-default elementor-section-items-middle\" data-id=\"147edecb\" data-element_type=\"section\" data-settings=\"{&quot;background_background&quot;:&quot;classic&quot;}\">\n\t\t\t\t\t\t<div class=\"elementor-container elementor-column-gap-wider\">\n\t\t\t\t\t<div class=\"elementor-column elementor-col-50 elementor-top-column elementor-element elementor-element-59d0f6ae\" data-id=\"59d0f6ae\" data-element_type=\"column\">\n\t\t\t<div class=\"elementor-widget-wrap elementor-element-populated\">\n\t\t\t\t\t\t<div class=\"elementor-element elementor-element-5bf905a1 elementor-widget elementor-widget-image\" data-id=\"5bf905a1\" data-element_type=\"widget\" data-widget_type=\"image.default\">\n\t\t\t\t<div class=\"elementor-widget-container\">\n\t\t\t\t\t\t\t\t\t\t\t\t\t\t\t<img fetchpriority=\"high\" decoding=\"async\" width=\"768\" height=\"3404\" src=\"https:\/\/www.gerharddeim.at\/wp-content\/uploads\/2021\/04\/SCHo\u0302NBERG-Riesling-comp-768x3404.png\" class=\"elementor-animation-grow attachment-medium_large size-medium_large wp-image-2471\" alt=\"\" srcset=\"https:\/\/www.gerharddeim.at\/wp-content\/uploads\/2021\/04\/SCHo\u0302NBERG-Riesling-comp-768x3404.png 768w, https:\/\/www.gerharddeim.at\/wp-content\/uploads\/2021\/04\/SCHo\u0302NBERG-Riesling-comp-300x1330.png 300w, https:\/\/www.gerharddeim.at\/wp-content\/uploads\/2021\/04\/SCHo\u0302NBERG-Riesling-comp-68x300.png 68w, https:\/\/www.gerharddeim.at\/wp-content\/uploads\/2021\/04\/SCHo\u0302NBERG-Riesling-comp-231x1024.png 231w, https:\/\/www.gerharddeim.at\/wp-content\/uploads\/2021\/04\/SCHo\u0302NBERG-Riesling-comp-462x2048.png 462w, https:\/\/www.gerharddeim.at\/wp-content\/uploads\/2021\/04\/SCHo\u0302NBERG-Riesling-comp-3x12.png 3w, https:\/\/www.gerharddeim.at\/wp-content\/uploads\/2021\/04\/SCHo\u0302NBERG-Riesling-comp-600x2659.png 600w, https:\/\/www.gerharddeim.at\/wp-content\/uploads\/2021\/04\/SCHo\u0302NBERG-Riesling-comp.png 1051w\" sizes=\"(max-width: 768px) 100vw, 768px\" \/>\t\t\t\t\t\t\t\t\t\t\t\t\t\t\t<\/div>\n\t\t\t\t<\/div>\n\t\t\t\t\t<\/div>\n\t\t<\/div>\n\t\t\t\t<div class=\"elementor-column elementor-col-50 elementor-top-column elementor-element elementor-element-60d5a6b1\" data-id=\"60d5a6b1\" data-element_type=\"column\" data-settings=\"{&quot;background_background&quot;:&quot;classic&quot;}\">\n\t\t\t<div class=\"elementor-widget-wrap elementor-element-populated\">\n\t\t\t\t\t<div class=\"elementor-background-overlay\"><\/div>\n\t\t\t\t\t\t<div class=\"elementor-element elementor-element-492f7e7 elementor-widget elementor-widget-heading\" data-id=\"492f7e7\" data-element_type=\"widget\" data-widget_type=\"heading.default\">\n\t\t\t\t<div class=\"elementor-widget-container\">\n\t\t\t\t\t<h2 class=\"elementor-heading-title elementor-size-default\">SCH\u00d6NBERG RIESLING<\/h2>\t\t\t\t<\/div>\n\t\t\t\t<\/div>\n\t\t\t\t<div class=\"elementor-element elementor-element-39f055d9 elementor-widget elementor-widget-text-editor\" data-id=\"39f055d9\" data-element_type=\"widget\" data-widget_type=\"text-editor.default\">\n\t\t\t\t<div class=\"elementor-widget-container\">\n\t\t\t\t\t\t\t\t\t<p>Appellation: Kamptal DAC Ortswein<br \/>Village: Sch\u00f6nberg<br \/>Rieden: Kalvarienberg, Irbling<br \/>Grape variety: Riesling<\/p><p class=\"translation-block\">Sch\u00f6nberg, situated in a valley basin at the northern end of the wine growing region Kamptal, is characterized by a microclimate with hot days and especially cool nights. Riesling grapes sourced from vineyards surrounding the village guarantee for delicate and elegant stone fruit aromatic.<\/p>\t\t\t\t\t\t\t\t<\/div>\n\t\t\t\t<\/div>\n\t\t\t\t<div class=\"elementor-element elementor-element-7fe8fa27 elementor-widget elementor-widget-toggle\" data-id=\"7fe8fa27\" data-element_type=\"widget\" data-widget_type=\"toggle.default\">\n\t\t\t\t<div class=\"elementor-widget-container\">\n\t\t\t\t\t\t\t<div class=\"elementor-toggle\">\n\t\t\t\t\t\t\t<div class=\"elementor-toggle-item\">\n\t\t\t\t\t<div id=\"elementor-tab-title-2141\" class=\"elementor-tab-title\" data-tab=\"1\" role=\"button\" aria-controls=\"elementor-tab-content-2141\" aria-expanded=\"false\">\n\t\t\t\t\t\t\t\t\t\t\t\t<span class=\"elementor-toggle-icon elementor-toggle-icon-left\" aria-hidden=\"true\">\n\t\t\t\t\t\t\t\t\t\t\t\t\t\t\t<span class=\"elementor-toggle-icon-closed\"><i class=\"fas fa-angle-double-down\"><\/i><\/span>\n\t\t\t\t\t\t\t\t<span class=\"elementor-toggle-icon-opened\"><i class=\"elementor-toggle-icon-opened fas fa-angle-down\"><\/i><\/span>\n\t\t\t\t\t\t\t\t\t\t\t\t\t<\/span>\n\t\t\t\t\t\t\t\t\t\t\t\t<a class=\"elementor-toggle-title\" tabindex=\"0\">Vineyards<\/a>\n\t\t\t\t\t<\/div>\n\n\t\t\t\t\t<div id=\"elementor-tab-content-2141\" class=\"elementor-tab-content elementor-clearfix\" data-tab=\"1\" role=\"region\" aria-labelledby=\"elementor-tab-title-2141\"><p>Soil: weathered primary rock soil, gneiss, granite<span style=\"font-size: 16px; background-color: rgba(255, 255, 255, 0);\">, Granit, Gneiss<br \/><\/span><span style=\"font-size: 16px; background-color: rgba(255, 255, 255, 0);\">Altitude: 280-380 Meters\u00a0<br \/><\/span><span style=\"font-size: 16px; background-color: rgba(255, 255, 255, 0);\">Age of vines: 15-50 years<br \/><\/span><span style=\"font-size: 16px; background-color: rgba(255, 255, 255, 0);\">Planting density: 3000-4000 vines per hectar<br \/><\/span><span style=\"font-size: 16px; background-color: rgba(255, 255, 255, 0);\">Training system: Guyot<\/span><\/p><\/div>\n\t\t\t\t<\/div>\n\t\t\t\t\t\t\t<div class=\"elementor-toggle-item\">\n\t\t\t\t\t<div id=\"elementor-tab-title-2142\" class=\"elementor-tab-title\" data-tab=\"2\" role=\"button\" aria-controls=\"elementor-tab-content-2142\" aria-expanded=\"false\">\n\t\t\t\t\t\t\t\t\t\t\t\t<span class=\"elementor-toggle-icon elementor-toggle-icon-left\" aria-hidden=\"true\">\n\t\t\t\t\t\t\t\t\t\t\t\t\t\t\t<span class=\"elementor-toggle-icon-closed\"><i class=\"fas fa-angle-double-down\"><\/i><\/span>\n\t\t\t\t\t\t\t\t<span class=\"elementor-toggle-icon-opened\"><i class=\"elementor-toggle-icon-opened fas fa-angle-down\"><\/i><\/span>\n\t\t\t\t\t\t\t\t\t\t\t\t\t<\/span>\n\t\t\t\t\t\t\t\t\t\t\t\t<a class=\"elementor-toggle-title\" tabindex=\"0\">Vinification<\/a>\n\t\t\t\t\t<\/div>\n\n\t\t\t\t\t<div id=\"elementor-tab-content-2142\" class=\"elementor-tab-content elementor-clearfix\" data-tab=\"2\" role=\"region\" aria-labelledby=\"elementor-tab-title-2142\"><p>Harvest yield: 3000 litres per hectar<br \/>Harvest: Beginning of October<br \/>Maceration: short skin contact<br \/>Maturation: steel tank<br \/>Bottling: 6 months after harvest<\/p><\/div>\n\t\t\t\t<\/div>\n\t\t\t\t\t\t\t<div class=\"elementor-toggle-item\">\n\t\t\t\t\t<div id=\"elementor-tab-title-2143\" class=\"elementor-tab-title\" data-tab=\"3\" role=\"button\" aria-controls=\"elementor-tab-content-2143\" aria-expanded=\"false\">\n\t\t\t\t\t\t\t\t\t\t\t\t<span class=\"elementor-toggle-icon elementor-toggle-icon-left\" aria-hidden=\"true\">\n\t\t\t\t\t\t\t\t\t\t\t\t\t\t\t<span class=\"elementor-toggle-icon-closed\"><i class=\"fas fa-angle-double-down\"><\/i><\/span>\n\t\t\t\t\t\t\t\t<span class=\"elementor-toggle-icon-opened\"><i class=\"elementor-toggle-icon-opened fas fa-angle-down\"><\/i><\/span>\n\t\t\t\t\t\t\t\t\t\t\t\t\t<\/span>\n\t\t\t\t\t\t\t\t\t\t\t\t<a class=\"elementor-toggle-title\" tabindex=\"0\">Drinking recommendation<\/a>\n\t\t\t\t\t<\/div>\n\n\t\t\t\t\t<div id=\"elementor-tab-content-2143\" class=\"elementor-tab-content elementor-clearfix\" data-tab=\"3\" role=\"region\" aria-labelledby=\"elementor-tab-title-2143\"><p>Serving temperature: 10\u00b0C<br \/>Food pairing:\u00a0<span style=\"background-color: rgba(255, 255, 255, 0); font-family: 'Playfair Display', sans-serif; font-size: 16px; font-weight: 500;\">fish, seafood, wide diversity of traditional Austrian recipes<\/span><\/p><\/div>\n\t\t\t\t<\/div>\n\t\t\t\t\t\t\t<div class=\"elementor-toggle-item\">\n\t\t\t\t\t<div id=\"elementor-tab-title-2144\" class=\"elementor-tab-title\" data-tab=\"4\" role=\"button\" aria-controls=\"elementor-tab-content-2144\" aria-expanded=\"false\">\n\t\t\t\t\t\t\t\t\t\t\t\t<span class=\"elementor-toggle-icon elementor-toggle-icon-left\" aria-hidden=\"true\">\n\t\t\t\t\t\t\t\t\t\t\t\t\t\t\t<span class=\"elementor-toggle-icon-closed\"><i class=\"fas fa-angle-double-down\"><\/i><\/span>\n\t\t\t\t\t\t\t\t<span class=\"elementor-toggle-icon-opened\"><i class=\"elementor-toggle-icon-opened fas fa-angle-down\"><\/i><\/span>\n\t\t\t\t\t\t\t\t\t\t\t\t\t<\/span>\n\t\t\t\t\t\t\t\t\t\t\t\t<a class=\"elementor-toggle-title\" tabindex=\"0\">Rewards<\/a>\n\t\t\t\t\t<\/div>\n\n\t\t\t\t\t<div id=\"elementor-tab-content-2144\" class=\"elementor-tab-content elementor-clearfix\" data-tab=\"4\" role=\"region\" aria-labelledby=\"elementor-tab-title-2144\"><p>Jahrgang 2023:<br \/>92+ Punkte A la Carte<br \/>92 points Falstaff<br \/>3 stars Vinaria<\/p><p>Vintage 2022:<br \/>92 points Falstaff<br \/>92 points A la Carte<br \/>4 glasses wein.pur<br \/>3 stars Vinaria<\/p><p>Vintage 2021:<br \/>92 points A la Carte<br \/>91 points Falstaff<br \/>4 glasses wein.pur<br \/>3 stars Vinaria<br \/>Toplist Austrian Riesling 12,5% Vinaria<\/p><p>Vintage 2020:<br \/>92 points Falstaff<br \/>91 points A la Carte<br \/>Top 6 Austrian Riesling 12,5% Vinaria<br \/>3 stars Vinaria<\/p><p>Vintage 2019:<br \/>91 points Falstaff<br \/>3 stars Vinaria\u00a0<\/p><p>Vintage 2018:<br \/>3rd best of Austria - Vinaria Riesling up to 12.5%\u00a0<br \/>4 glasses wein.pur<br \/>91 points Falstaff<br \/>2nd place Kamptal Village Wine - Kamptaler Weinnacht\u00a0<\/p><p>Jahrgang 2015:<br \/>91 points Falstaff<br \/>2. Platz Ortswein Falstaff Kamptal Cup<\/p><\/div>\n\t\t\t\t<\/div>\n\t\t\t\t\t\t\t<div class=\"elementor-toggle-item\">\n\t\t\t\t\t<div id=\"elementor-tab-title-2145\" class=\"elementor-tab-title\" data-tab=\"5\" role=\"button\" aria-controls=\"elementor-tab-content-2145\" aria-expanded=\"false\">\n\t\t\t\t\t\t\t\t\t\t\t\t<span class=\"elementor-toggle-icon elementor-toggle-icon-left\" aria-hidden=\"true\">\n\t\t\t\t\t\t\t\t\t\t\t\t\t\t\t<span class=\"elementor-toggle-icon-closed\"><i class=\"fas fa-angle-double-down\"><\/i><\/span>\n\t\t\t\t\t\t\t\t<span class=\"elementor-toggle-icon-opened\"><i class=\"elementor-toggle-icon-opened fas fa-angle-down\"><\/i><\/span>\n\t\t\t\t\t\t\t\t\t\t\t\t\t<\/span>\n\t\t\t\t\t\t\t\t\t\t\t\t<a class=\"elementor-toggle-title\" tabindex=\"0\">Tasting notes<\/a>\n\t\t\t\t\t<\/div>\n\n\t\t\t\t\t<div id=\"elementor-tab-content-2145\" class=\"elementor-tab-content elementor-clearfix\" data-tab=\"5\" role=\"region\" aria-labelledby=\"elementor-tab-title-2145\"><p>Vintage 2022:<br \/><span style=\"text-decoration: underline;\"><strong>Adi Schmid, Vinaria:<\/strong><\/span> Mandarinen, Steinobst, k\u00fchl, voller Rasse, gibt Gas, erinnert an Nadelwald, geradlinig, zeigt Biss am Gaumen, immer zur\u00fcckhaltend, niemals aromatisch, zeigt Charakter, ernsthaft, ein Riesling Ortswein mit salziger Mineralit\u00e4t.<br \/><span style=\"text-decoration: underline;\"><strong>Peter Moser, Falstaff:<\/strong><\/span> Mittleres Gelbgr\u00fcn, Silberreflexe. Zart nach Orangenzesten, gelber Pfirsich, ein Hauch von Mango, einladendes Bukett. Straff, mineralisch, wei\u00dfer Apfel, frisch strukturiert, Limetten im Abgang, animierend und pikant, leichtf\u00fc\u00dfiger Stil.<br \/><strong><span style=\"text-decoration: underline;\">Andreas Hubmann, wein.pur:<\/span><\/strong> Wei\u00dfer Pfirsich, fruchtbetont, straff, lebendige S\u00e4ure, gute L\u00e4nge.<br \/><span style=\"text-decoration: underline;\"><strong>Vinaria:<\/strong><\/span> K\u00fchle Frucht, etwas Mandelbl\u00fcten und Kiwibeeren, nach gr\u00fcnen Pfirsichen, leicht hefig untermalt, viel Charme und verlockende Frucht; saftiger Biss, knackig, sehr erfrischende Frucht, lebhaft, eher leichtgewichtig, saftige Mitte, bisschen spritzig.<\/p><p>Vintage 2021:<br \/><span style=\"text-decoration: underline;\"><strong>Peter Moser, Falstaff:<\/strong> <\/span>Mittleres Gr\u00fcngelb, silberfarbene Reflexe. Wiesenkr\u00e4uter, etwas nach Kumquats, ein Hauch von Quittengelee, reife Tropenfrucht. Saftig, mineralisch, leichtf\u00fc\u00dfig, extrakts\u00fc\u00df nach Ringlotten, bleibt gut haften, frisches Finish.<span style=\"text-decoration: underline;\"><br \/><strong>Andreas Hubmann, wein.pur:<\/strong><\/span> Feine Marille, etwas Mineralik, straffe S\u00e4ure, trinkanimierend.<br \/><strong><span style=\"text-decoration: underline;\">Wolfgang Wachter, Vinaria:<\/span><\/strong> Freundlich, Wiesenblumen, knackige Pfirsiche, Hauch Fichtennadeln; Pfirsiche, bisschen Zitrus, ungemein lebhaft, mittleres Gewicht, pr\u00e4zise, animierend.<br \/><strong><span style=\"text-decoration: underline;\">Vinaria:<\/span><\/strong> Noch etwas Hefeschleier, k\u00fchle Frucht, ausgereift, viele gelbfruchtige Noten, dichte Frucht, auch exotische Noten, getrocknete Ananas, Maracuja; saftig, leichter bis mittlerer K\u00f6rper, recht zitrusbetont, saftige Mitte, ausgereift, viel Steinobst, bisschen Grapefruits, knackig, mittellang.<\/p><p>Vintage 2020:<br \/><strong><u>Peter Moser, Falstaff: <\/u><\/strong>Floral, Nuancen von wei\u00dfem Weingartenpfirsich, zitroniger Touch. Mittlerer K\u00f6rper, feines Steinobst, finessenreich strukturiert, dezente Fruchts\u00fc\u00dfe, mineralisch-salzig im Abgang, vielseitig einsetzbar.<u style=\"font-variant-ligatures: normal; font-variant-caps: normal; font-family: 'Playfair Display', sans-serif; font-size: 16px; font-style: normal; font-weight: 500;\"><br \/><\/u><strong><span style=\"text-decoration: underline;\">Peter Schleimer, Vinaria:<\/span><\/strong> Dezent cremig-mollige F\u00fclle zu Beginn, recht viel Gelbfrucht, etwas tropische Noten, Gr\u00fcntee, Kr\u00e4uter, geht zusehends auf, Nektarinen, einnehmend; saftig, Unmengen Frucht, auch Ananas, viel Biss, saftig, viel Frucht extraktreich, rasig, fruchts\u00fc\u00df, lang, kernig, Punch.<br \/><strong><u>Wolfgang Wachter, Vinaria:<\/u><\/strong> Glockenklar, sortenaffin, Weingartenpfirsiche; saftig, Zug, S\u00e4urer\u00fcckgrat, lebhaft, viel Frucht, mittleres Gewicht.<\/p><p>Vintage 2019:<br \/><strong><u>Wolfgang Wachter, Vinaria:<\/u><\/strong> Frisch, sortentypisch, Pfirische und Marillen, Kr\u00e4uter, feiner S\u00e4urebiss, knackiges Steinobst, etwas Zitrus, trinkanimierend, mittlere L\u00e4nge.<\/p><p>Vintage 2018:<br \/>Steinobst, reifer Pfirsich, Marille, frische Kr\u00e4uter, Wacholder, kernige Mineralik<\/p><\/div>\n\t\t\t\t<\/div>\n\t\t\t\t\t\t\t<div class=\"elementor-toggle-item\">\n\t\t\t\t\t<div id=\"elementor-tab-title-2146\" class=\"elementor-tab-title\" data-tab=\"6\" role=\"button\" aria-controls=\"elementor-tab-content-2146\" aria-expanded=\"false\">\n\t\t\t\t\t\t\t\t\t\t\t\t<span class=\"elementor-toggle-icon elementor-toggle-icon-left\" aria-hidden=\"true\">\n\t\t\t\t\t\t\t\t\t\t\t\t\t\t\t<span class=\"elementor-toggle-icon-closed\"><i class=\"fas fa-angle-double-down\"><\/i><\/span>\n\t\t\t\t\t\t\t\t<span class=\"elementor-toggle-icon-opened\"><i class=\"elementor-toggle-icon-opened fas fa-angle-down\"><\/i><\/span>\n\t\t\t\t\t\t\t\t\t\t\t\t\t<\/span>\n\t\t\t\t\t\t\t\t\t\t\t\t<a class=\"elementor-toggle-title\" tabindex=\"0\">Downloads<\/a>\n\t\t\t\t\t<\/div>\n\n\t\t\t\t\t<div id=\"elementor-tab-content-2146\" class=\"elementor-tab-content elementor-clearfix\" data-tab=\"6\" role=\"region\" aria-labelledby=\"elementor-tab-title-2146\"><p>Weindatenblatt<br \/>Flaschenfoto<\/p><\/div>\n\t\t\t\t<\/div>\n\t\t\t\t\t\t\t\t<\/div>\n\t\t\t\t\t\t<\/div>\n\t\t\t\t<\/div>\n\t\t\t\t<div class=\"elementor-element elementor-element-7fe8f10c elementor-align-center elementor-widget elementor-widget-button\" data-id=\"7fe8f10c\" data-element_type=\"widget\" data-widget_type=\"button.default\">\n\t\t\t\t<div class=\"elementor-widget-container\">\n\t\t\t\t\t\t\t\t\t<div class=\"elementor-button-wrapper\">\n\t\t\t\t\t<a class=\"elementor-button elementor-button-link elementor-size-sm\" href=\"https:\/\/www.gerharddeim.at\/en\/weine\/\">\n\t\t\t\t\t\t<span class=\"elementor-button-content-wrapper\">\n\t\t\t\t\t\t\t\t\t<span class=\"elementor-button-text\">&lt;&lt; Weine<\/span>\n\t\t\t\t\t<\/span>\n\t\t\t\t\t<\/a>\n\t\t\t\t<\/div>\n\t\t\t\t\t\t\t\t<\/div>\n\t\t\t\t<\/div>\n\t\t\t\t\t<\/div>\n\t\t<\/div>\n\t\t\t\t\t<\/div>\n\t\t<\/section>\n\t\t\t\t<\/div>","protected":false},"excerpt":{"rendered":"<p>SCH\u00d6NBERG RIESLING Appellation: Kamptal DAC OrtsweinOrt: Sch\u00f6nbergRieden: Kalvarienberg, IrblingRebsorte: Riesling Sch\u00f6nberg, gelegen in einem Talkessel im n\u00f6rdlichenKamptal, zeichnet sich durch ein Kleinklima mitbesonders hei\u00dfen Tagen und k\u00fchlen N\u00e4chten aus.Auf den Urgesteinsterrassen rund um den Ortentwickelt unser Riesling eine feine undvielschichtige Eleganz.\u00a0 Rieden Boden: Verwitterungsboden, Granit, GneissSeeh\u00f6he: 280-380 Meter\u00a0Alter der Reben: 15 bis 50 JahrePflanzdichte: 3000 [&hellip;]<\/p>","protected":false},"author":1,"featured_media":0,"parent":0,"menu_order":0,"comment_status":"closed","ping_status":"closed","template":"","meta":{"ocean_post_layout":"full-screen","ocean_both_sidebars_style":"","ocean_both_sidebars_content_width":0,"ocean_both_sidebars_sidebars_width":0,"ocean_sidebar":"0","ocean_second_sidebar":"0","ocean_disable_margins":"enable","ocean_add_body_class":"","ocean_shortcode_before_top_bar":"","ocean_shortcode_after_top_bar":"","ocean_shortcode_before_header":"","ocean_shortcode_after_header":"","ocean_has_shortcode":"","ocean_shortcode_after_title":"","ocean_shortcode_before_footer_widgets":"","ocean_shortcode_after_footer_widgets":"","ocean_shortcode_before_footer_bottom":"","ocean_shortcode_after_footer_bottom":"","ocean_display_top_bar":"off","ocean_display_header":"on","ocean_header_style":"","ocean_center_header_left_menu":"0","ocean_custom_header_template":"0","ocean_custom_logo":0,"ocean_custom_retina_logo":0,"ocean_custom_logo_max_width":0,"ocean_custom_logo_tablet_max_width":0,"ocean_custom_logo_mobile_max_width":0,"ocean_custom_logo_max_height":0,"ocean_custom_logo_tablet_max_height":0,"ocean_custom_logo_mobile_max_height":0,"ocean_header_custom_menu":"0","ocean_menu_typo_font_family":"0","ocean_menu_typo_font_subset":"","ocean_menu_typo_font_size":0,"ocean_menu_typo_font_size_tablet":0,"ocean_menu_typo_font_size_mobile":0,"ocean_menu_typo_font_size_unit":"px","ocean_menu_typo_font_weight":"","ocean_menu_typo_font_weight_tablet":"","ocean_menu_typo_font_weight_mobile":"","ocean_menu_typo_transform":"","ocean_menu_typo_transform_tablet":"","ocean_menu_typo_transform_mobile":"","ocean_menu_typo_line_height":0,"ocean_menu_typo_line_height_tablet":0,"ocean_menu_typo_line_height_mobile":0,"ocean_menu_typo_line_height_unit":"","ocean_menu_typo_spacing":0,"ocean_menu_typo_spacing_tablet":0,"ocean_menu_typo_spacing_mobile":0,"ocean_menu_typo_spacing_unit":"","ocean_menu_link_color":"","ocean_menu_link_color_hover":"","ocean_menu_link_color_active":"","ocean_menu_link_background":"","ocean_menu_link_hover_background":"","ocean_menu_link_active_background":"","ocean_menu_social_links_bg":"","ocean_menu_social_hover_links_bg":"","ocean_menu_social_links_color":"","ocean_menu_social_hover_links_color":"","ocean_disable_title":"on","ocean_disable_heading":"default","ocean_post_title":"","ocean_post_subheading":"","ocean_post_title_style":"","ocean_post_title_background_color":"","ocean_post_title_background":0,"ocean_post_title_bg_image_position":"","ocean_post_title_bg_image_attachment":"","ocean_post_title_bg_image_repeat":"","ocean_post_title_bg_image_size":"","ocean_post_title_height":0,"ocean_post_title_bg_overlay":0.5,"ocean_post_title_bg_overlay_color":"","ocean_disable_breadcrumbs":"default","ocean_breadcrumbs_color":"","ocean_breadcrumbs_separator_color":"","ocean_breadcrumbs_links_color":"","ocean_breadcrumbs_links_hover_color":"","ocean_display_footer_widgets":"on","ocean_display_footer_bottom":"off","ocean_custom_footer_template":"1074","footnotes":""},"class_list":["post-679","page","type-page","status-publish","hentry","entry","owp-thumbs-layout-horizontal","owp-btn-normal","owp-tabs-layout-horizontal","has-no-thumbnails","has-product-nav"],"jetpack_sharing_enabled":true,"_links":{"self":[{"href":"https:\/\/www.gerharddeim.at\/en\/wp-json\/wp\/v2\/pages\/679","targetHints":{"allow":["GET"]}}],"collection":[{"href":"https:\/\/www.gerharddeim.at\/en\/wp-json\/wp\/v2\/pages"}],"about":[{"href":"https:\/\/www.gerharddeim.at\/en\/wp-json\/wp\/v2\/types\/page"}],"author":[{"embeddable":true,"href":"https:\/\/www.gerharddeim.at\/en\/wp-json\/wp\/v2\/users\/1"}],"replies":[{"embeddable":true,"href":"https:\/\/www.gerharddeim.at\/en\/wp-json\/wp\/v2\/comments?post=679"}],"version-history":[{"count":0,"href":"https:\/\/www.gerharddeim.at\/en\/wp-json\/wp\/v2\/pages\/679\/revisions"}],"wp:attachment":[{"href":"https:\/\/www.gerharddeim.at\/en\/wp-json\/wp\/v2\/media?parent=679"}],"curies":[{"name":"wp","href":"https:\/\/api.w.org\/{rel}","templated":true}]}}