{"id":697,"date":"2020-01-20T10:27:57","date_gmt":"2020-01-20T09:27:57","guid":{"rendered":"https:\/\/www.gerharddeim.at\/?page_id=697"},"modified":"2024-07-27T12:06:23","modified_gmt":"2024-07-27T10:06:23","slug":"kamptalgv","status":"publish","type":"page","link":"https:\/\/www.gerharddeim.at\/en\/kamptalgv\/","title":{"rendered":"Kamptal GV"},"content":{"rendered":"<div data-elementor-type=\"wp-page\" data-elementor-id=\"697\" class=\"elementor elementor-697\" data-elementor-post-type=\"page\">\n\t\t\t\t\t\t<section class=\"elementor-section elementor-top-section elementor-element elementor-element-41a11ee2 elementor-section-height-min-height elementor-section-boxed elementor-section-height-default elementor-section-items-middle\" data-id=\"41a11ee2\" data-element_type=\"section\" data-settings=\"{&quot;background_background&quot;:&quot;classic&quot;}\">\n\t\t\t\t\t\t<div class=\"elementor-container elementor-column-gap-wider\">\n\t\t\t\t\t<div class=\"elementor-column elementor-col-50 elementor-top-column elementor-element elementor-element-334f47a2\" data-id=\"334f47a2\" data-element_type=\"column\">\n\t\t\t<div class=\"elementor-widget-wrap elementor-element-populated\">\n\t\t\t\t\t\t<div class=\"elementor-element elementor-element-1766f2f4 elementor-widget elementor-widget-image\" data-id=\"1766f2f4\" data-element_type=\"widget\" data-widget_type=\"image.default\">\n\t\t\t\t<div class=\"elementor-widget-container\">\n\t\t\t\t\t\t\t\t\t\t\t\t\t\t\t<img fetchpriority=\"high\" decoding=\"async\" width=\"768\" height=\"3387\" src=\"https:\/\/www.gerharddeim.at\/wp-content\/uploads\/2021\/04\/KAMPTAL-GV-comp-768x3387.png\" class=\"elementor-animation-grow attachment-medium_large size-medium_large wp-image-2469\" alt=\"\" srcset=\"https:\/\/www.gerharddeim.at\/wp-content\/uploads\/2021\/04\/KAMPTAL-GV-comp-768x3387.png 768w, https:\/\/www.gerharddeim.at\/wp-content\/uploads\/2021\/04\/KAMPTAL-GV-comp-300x1323.png 300w, https:\/\/www.gerharddeim.at\/wp-content\/uploads\/2021\/04\/KAMPTAL-GV-comp-68x300.png 68w, https:\/\/www.gerharddeim.at\/wp-content\/uploads\/2021\/04\/KAMPTAL-GV-comp-232x1024.png 232w, https:\/\/www.gerharddeim.at\/wp-content\/uploads\/2021\/04\/KAMPTAL-GV-comp-348x1536.png 348w, https:\/\/www.gerharddeim.at\/wp-content\/uploads\/2021\/04\/KAMPTAL-GV-comp-3x12.png 3w, https:\/\/www.gerharddeim.at\/wp-content\/uploads\/2021\/04\/KAMPTAL-GV-comp-600x2646.png 600w, https:\/\/www.gerharddeim.at\/wp-content\/uploads\/2021\/04\/KAMPTAL-GV-comp.png 1060w\" sizes=\"(max-width: 768px) 100vw, 768px\" \/>\t\t\t\t\t\t\t\t\t\t\t\t\t\t\t<\/div>\n\t\t\t\t<\/div>\n\t\t\t\t\t<\/div>\n\t\t<\/div>\n\t\t\t\t<div class=\"elementor-column elementor-col-50 elementor-top-column elementor-element elementor-element-65473f8e\" data-id=\"65473f8e\" data-element_type=\"column\" data-settings=\"{&quot;background_background&quot;:&quot;classic&quot;}\">\n\t\t\t<div class=\"elementor-widget-wrap elementor-element-populated\">\n\t\t\t\t\t<div class=\"elementor-background-overlay\"><\/div>\n\t\t\t\t\t\t<div class=\"elementor-element elementor-element-3093f2ed elementor-widget elementor-widget-heading\" data-id=\"3093f2ed\" data-element_type=\"widget\" data-widget_type=\"heading.default\">\n\t\t\t\t<div class=\"elementor-widget-container\">\n\t\t\t\t\t<h2 class=\"elementor-heading-title elementor-size-default\">Kamptal Gr\u00fcner Veltliner<\/h2>\t\t\t\t<\/div>\n\t\t\t\t<\/div>\n\t\t\t\t<div class=\"elementor-element elementor-element-6b29ee71 elementor-widget elementor-widget-text-editor\" data-id=\"6b29ee71\" data-element_type=\"widget\" data-widget_type=\"text-editor.default\">\n\t\t\t\t<div class=\"elementor-widget-container\">\n\t\t\t\t\t\t\t\t\t<p>Appellation: Kamptal DAC Gebietswein<br \/>Villages: Sch\u00f6nberg, Langenlois<br \/>Single vineyards: Im Renner, Bernthal, Kalvarienberg, Loisium, Loiserberg<br \/>Grape Variety: Gr\u00fcner Veltliner<\/p><p>Gr\u00fcner Veltliner feels very comfortable especially on the terraces surrounding the river Kamp and develops a fresh and wide aroma spectrum with a characteristic spicy flavour.<\/p>\t\t\t\t\t\t\t\t<\/div>\n\t\t\t\t<\/div>\n\t\t\t\t<div class=\"elementor-element elementor-element-369fba38 elementor-widget elementor-widget-toggle\" data-id=\"369fba38\" data-element_type=\"widget\" data-widget_type=\"toggle.default\">\n\t\t\t\t<div class=\"elementor-widget-container\">\n\t\t\t\t\t\t\t<div class=\"elementor-toggle\">\n\t\t\t\t\t\t\t<div class=\"elementor-toggle-item\">\n\t\t\t\t\t<div id=\"elementor-tab-title-9161\" class=\"elementor-tab-title\" data-tab=\"1\" role=\"button\" aria-controls=\"elementor-tab-content-9161\" aria-expanded=\"false\">\n\t\t\t\t\t\t\t\t\t\t\t\t<span class=\"elementor-toggle-icon elementor-toggle-icon-left\" aria-hidden=\"true\">\n\t\t\t\t\t\t\t\t\t\t\t\t\t\t\t<span class=\"elementor-toggle-icon-closed\"><i class=\"fas fa-angle-double-down\"><\/i><\/span>\n\t\t\t\t\t\t\t\t<span class=\"elementor-toggle-icon-opened\"><i class=\"elementor-toggle-icon-opened fas fa-angle-down\"><\/i><\/span>\n\t\t\t\t\t\t\t\t\t\t\t\t\t<\/span>\n\t\t\t\t\t\t\t\t\t\t\t\t<a class=\"elementor-toggle-title\" tabindex=\"0\">Vineyards<\/a>\n\t\t\t\t\t<\/div>\n\n\t\t\t\t\t<div id=\"elementor-tab-content-9161\" class=\"elementor-tab-content elementor-clearfix\" data-tab=\"1\" role=\"region\" aria-labelledby=\"elementor-tab-title-9161\"><p>Soil: loess, loam, weathered primary rock soil<br \/>Altitude: 230-380 Meters<br \/>Age of vines: 15-60 years<br \/>Planting density: 3000-4000 vines per hectar<br \/>Training system: Guyot<\/p><\/div>\n\t\t\t\t<\/div>\n\t\t\t\t\t\t\t<div class=\"elementor-toggle-item\">\n\t\t\t\t\t<div id=\"elementor-tab-title-9162\" class=\"elementor-tab-title\" data-tab=\"2\" role=\"button\" aria-controls=\"elementor-tab-content-9162\" aria-expanded=\"false\">\n\t\t\t\t\t\t\t\t\t\t\t\t<span class=\"elementor-toggle-icon elementor-toggle-icon-left\" aria-hidden=\"true\">\n\t\t\t\t\t\t\t\t\t\t\t\t\t\t\t<span class=\"elementor-toggle-icon-closed\"><i class=\"fas fa-angle-double-down\"><\/i><\/span>\n\t\t\t\t\t\t\t\t<span class=\"elementor-toggle-icon-opened\"><i class=\"elementor-toggle-icon-opened fas fa-angle-down\"><\/i><\/span>\n\t\t\t\t\t\t\t\t\t\t\t\t\t<\/span>\n\t\t\t\t\t\t\t\t\t\t\t\t<a class=\"elementor-toggle-title\" tabindex=\"0\">Vinification<\/a>\n\t\t\t\t\t<\/div>\n\n\t\t\t\t\t<div id=\"elementor-tab-content-9162\" class=\"elementor-tab-content elementor-clearfix\" data-tab=\"2\" role=\"region\" aria-labelledby=\"elementor-tab-title-9162\"><p>Harvest yield: 3500 litres per hectar<br \/>Harvest date: mid September to October<br \/>Maceration: whole cluster pressing<br \/>Maturation: steel tank<br \/>Bottling: 6 months after harvest<\/p><\/div>\n\t\t\t\t<\/div>\n\t\t\t\t\t\t\t<div class=\"elementor-toggle-item\">\n\t\t\t\t\t<div id=\"elementor-tab-title-9163\" class=\"elementor-tab-title\" data-tab=\"3\" role=\"button\" aria-controls=\"elementor-tab-content-9163\" aria-expanded=\"false\">\n\t\t\t\t\t\t\t\t\t\t\t\t<span class=\"elementor-toggle-icon elementor-toggle-icon-left\" aria-hidden=\"true\">\n\t\t\t\t\t\t\t\t\t\t\t\t\t\t\t<span class=\"elementor-toggle-icon-closed\"><i class=\"fas fa-angle-double-down\"><\/i><\/span>\n\t\t\t\t\t\t\t\t<span class=\"elementor-toggle-icon-opened\"><i class=\"elementor-toggle-icon-opened fas fa-angle-down\"><\/i><\/span>\n\t\t\t\t\t\t\t\t\t\t\t\t\t<\/span>\n\t\t\t\t\t\t\t\t\t\t\t\t<a class=\"elementor-toggle-title\" tabindex=\"0\">Drinking recommendation<\/a>\n\t\t\t\t\t<\/div>\n\n\t\t\t\t\t<div id=\"elementor-tab-content-9163\" class=\"elementor-tab-content elementor-clearfix\" data-tab=\"3\" role=\"region\" aria-labelledby=\"elementor-tab-title-9163\"><p>Serving temperature: 10\u00b0C<br>Food pairing: appetizer, light food, salads, asian cuisine, wide diversity of traditional Austrian recipes<\/p><\/div>\n\t\t\t\t<\/div>\n\t\t\t\t\t\t\t<div class=\"elementor-toggle-item\">\n\t\t\t\t\t<div id=\"elementor-tab-title-9164\" class=\"elementor-tab-title\" data-tab=\"4\" role=\"button\" aria-controls=\"elementor-tab-content-9164\" aria-expanded=\"false\">\n\t\t\t\t\t\t\t\t\t\t\t\t<span class=\"elementor-toggle-icon elementor-toggle-icon-left\" aria-hidden=\"true\">\n\t\t\t\t\t\t\t\t\t\t\t\t\t\t\t<span class=\"elementor-toggle-icon-closed\"><i class=\"fas fa-angle-double-down\"><\/i><\/span>\n\t\t\t\t\t\t\t\t<span class=\"elementor-toggle-icon-opened\"><i class=\"elementor-toggle-icon-opened fas fa-angle-down\"><\/i><\/span>\n\t\t\t\t\t\t\t\t\t\t\t\t\t<\/span>\n\t\t\t\t\t\t\t\t\t\t\t\t<a class=\"elementor-toggle-title\" tabindex=\"0\">Rewards<\/a>\n\t\t\t\t\t<\/div>\n\n\t\t\t\t\t<div id=\"elementor-tab-content-9164\" class=\"elementor-tab-content elementor-clearfix\" data-tab=\"4\" role=\"region\" aria-labelledby=\"elementor-tab-title-9164\"><p>Jahrgang 2023:<br \/>91+ Punkte A la Carte<br \/>90 points Falstaff<br \/>2. Place Kamptal Wine Trophy<\/p><p>Vintage 2022:<br \/>91 points Falstaff<br \/>91 points A la Carte<br \/>3 glasses wein.pur<\/p><p>Vintage 2021:<br \/>91 points A la Carte<br \/>90 points Falstaff<br \/>3. Place Kamptal Wine Trophy<br \/>1. Place Allerhand Alte Schmiede<br \/>3 stars Vinaria<br \/>3 glasses wein.pur<\/p><p>Vintage 2020:<br \/>State Winner (best Gr\u00fcner Veltliner of Lower Austria)<br \/>Salon 2021 Austrian Wine<br \/>92 points Falstaff<br \/>90+ Punkte A la Carte<br \/>3 stars Vinaria<\/p><p>Vintage 2019:<br \/>90 points A la Carte<br \/>89 points Falstaff<br \/>3 stars &amp; toplist | \"very good value for money\" Vinaria<\/p><p><span style=\"font-size: 16px; background-color: rgba(255, 255, 255, 0);\">Vintage 2018:<br \/><\/span>90 points A la Carte<br \/>3 glasses wein.pur<\/p><\/div>\n\t\t\t\t<\/div>\n\t\t\t\t\t\t\t<div class=\"elementor-toggle-item\">\n\t\t\t\t\t<div id=\"elementor-tab-title-9165\" class=\"elementor-tab-title\" data-tab=\"5\" role=\"button\" aria-controls=\"elementor-tab-content-9165\" aria-expanded=\"false\">\n\t\t\t\t\t\t\t\t\t\t\t\t<span class=\"elementor-toggle-icon elementor-toggle-icon-left\" aria-hidden=\"true\">\n\t\t\t\t\t\t\t\t\t\t\t\t\t\t\t<span class=\"elementor-toggle-icon-closed\"><i class=\"fas fa-angle-double-down\"><\/i><\/span>\n\t\t\t\t\t\t\t\t<span class=\"elementor-toggle-icon-opened\"><i class=\"elementor-toggle-icon-opened fas fa-angle-down\"><\/i><\/span>\n\t\t\t\t\t\t\t\t\t\t\t\t\t<\/span>\n\t\t\t\t\t\t\t\t\t\t\t\t<a class=\"elementor-toggle-title\" tabindex=\"0\">Tasting notes<\/a>\n\t\t\t\t\t<\/div>\n\n\t\t\t\t\t<div id=\"elementor-tab-content-9165\" class=\"elementor-tab-content elementor-clearfix\" data-tab=\"5\" role=\"region\" aria-labelledby=\"elementor-tab-title-9165\"><p>Jahrgang 2023:<br \/><span style=\"text-decoration: underline;\"><strong>Willi Balanjuk, A la Carte:<\/strong><\/span> Helle Farbe, nuanciertes Bukett, Pomelo, Mandarine, lebendige Struktur, pikantes Finish, gute L\u00e4nge.<\/p><p>Vintage 2022:<br \/><span style=\"text-decoration: underline;\"><strong>Adi Schmid, Vinaria:<\/strong><\/span> L\u00f6ss, Exotik, Pfeffer, Kamptal und Gr\u00fcner Veltliner in Personalunion, \u00fcberaus typisch, Apfelnoten, frisch und dezent w\u00fcrzig, trinklustig, unkompliziert auf hohem Niveau.<br \/><span style=\"text-decoration: underline;\"><strong>Peter Moser, Falstaff:<\/strong><\/span> Helles Gelbgr\u00fcn, Silberreflexe. Zart floral unterlegte frische Apfelfrucht, zart nach Wiesenkr\u00e4utern, einladendes Bukett, ein Hauch von Birne. Mittlerer K\u00f6rper, wei\u00dfes Kernobst, feiner S\u00e4urebogen, mineralisch, ein vielseitiger Speisenbegleiter.<br \/><span style=\"text-decoration: underline;\"><strong>Andreas Hubmann, wein.pur:<\/strong><\/span> Gelbfruchtig, etwas mineralisch, spritzig, trinkanimierend.<\/p><p>Vintage 2021:<br \/><strong><span style=\"text-decoration: underline;\">Peter Moser, Falstaff: <\/span><\/strong>Mittleres Gelbgr\u00fcn. Feine Kr\u00e4uternoten, wei\u00dfes Kernobst, zart nach Wiesenblumen, Grapefruitnoten. Saftig, elegant, feine S\u00e4urestruktur, leichtf\u00fc\u00dfig, wei\u00dfe Fruchtnoten, zitroniger Nachhall, unkomplizierter Trinkfluss.<span style=\"text-decoration: underline;\"><br \/><strong>Wolfgang Wachter, Vinaria:<\/strong><\/span>\u00a0Fruchtbetont, \u00c4pfel, Pfirsiche, zartestes Pfefferl; schlie\u00dft nahtlos an, feines S\u00e4urer\u00fcckgrat, gelbfruchtig-w\u00fcrzig im Abgang und im Nachhall.<br \/><strong><span style=\"text-decoration: underline;\">Vinaria:<\/span><\/strong> Mandarinen, rosa Pfeffer, bisschen Kr\u00e4uteranflug, Birnen, klassisch; lebhaftes Zitrus, einiges Kernobst, angenehmer Grip, trinkvergn\u00fcglicher Terrassenwein.<br \/><strong><span style=\"text-decoration: underline;\">Andreas Hubmann, wein.pur:<\/span><\/strong> Feine Mineralik, strahlig elegant, Struktur, guter Trinkfluss.<\/p><p>Vintage 2020:<br \/><strong><span style=\"text-decoration: underline;\">N\u00d6 Landesweinpr\u00e4mierung:<\/span><\/strong> Kernobstfrucht und nussige W\u00fcrze gleiten ineinander; mit finessenreicher Fruchts\u00e4ure wird ein echter Klassiker inszeniert.<br \/><span style=\"font-size: 16px; background-color: rgba(255, 255, 255, 0);\"><strong><u>Peter Moser, Falstaff:<\/u><\/strong> Frischer gelber Apfel, ein Hauch von Honigmelone, Nuancen von Orangenzesten. Mittlerer K\u00f6rper, wei\u00dfe Kernobstnuancen, frisch strukturiert, vielseitig einsetzbar.\u00a0\u00a0<br \/><strong><u>Willi Balanjuk, A la Carte:<\/u><\/strong><\/span><span style=\"font-size: 16px; background-color: rgba(255, 255, 255, 0);\">\u00a0nuancierte Frucht, Grapefruit, Verbene, leichte W\u00fcrze, kr\u00e4ftiger Wein, straff, dicht und lebendiger Trinkfluss, pikantes Finish, gute L\u00e4nge<br \/><\/span><strong><u style=\"font-size: 16px; background-color: rgba(255, 255, 255, 0);\">Wolfgang Wachter, Vinaria: <\/u><\/strong><span style=\"font-size: 16px; background-color: rgba(255, 255, 255, 0);\">Hell get\u00f6nt, Prise wei\u00dfer Pfeffer, \u00c4pfel; schlie\u00dft aromatisch an, hinten ein Spritzer hochreife Zitronen, zug\u00e4ngliche S\u00e4ure preiswert.<\/span><\/p><p>Vintage 2019:<br \/><strong><u>Vinaria: <\/u><\/strong>Helle W\u00fcrze, leicht rauchig, gr\u00fcne Birnen, Litschi, Gr\u00fcner Tee; fest, w\u00fcrzig, H\u00fclsenfr\u00fcchte, viel Kernobst, harmonisch und saftig, ansprechendes Finish mit straffer S\u00e4ure, gute L\u00e4nge.<br \/><strong><span style=\"text-decoration: underline;\">Willi Balanjuk, A la Carte:<\/span><\/strong> helle Farbe, jugendliches Fruchtspiel, Marille, Mandarine, zarte W\u00fcrze, saftiger Wein, balancierte Textur, fruchtig-w\u00fcrziger Abgang, gute L\u00e4nge<br \/><strong><u>Wolfgang Wachter, Vinaria:<\/u><\/strong> Schwarzer Pfeffer, Fichtennadeln, reife \u00c4pfel; gleicher Aromenmix, ausgewogen, beschwingt, feine S\u00e4ure, mittleres Gewicht, \u00c4pfel und zarte W\u00fcrze im Nachhall.<\/p><p>Vintage 2018:<br \/>Pfeffer, W\u00fcrze, reifer Apfel, saftige Birne, dezenter Tabak, ein Hauch von Ananas und Mango<\/p><\/div>\n\t\t\t\t<\/div>\n\t\t\t\t\t\t\t<div class=\"elementor-toggle-item\">\n\t\t\t\t\t<div id=\"elementor-tab-title-9166\" class=\"elementor-tab-title\" data-tab=\"6\" role=\"button\" aria-controls=\"elementor-tab-content-9166\" aria-expanded=\"false\">\n\t\t\t\t\t\t\t\t\t\t\t\t<span class=\"elementor-toggle-icon elementor-toggle-icon-left\" aria-hidden=\"true\">\n\t\t\t\t\t\t\t\t\t\t\t\t\t\t\t<span class=\"elementor-toggle-icon-closed\"><i class=\"fas fa-angle-double-down\"><\/i><\/span>\n\t\t\t\t\t\t\t\t<span class=\"elementor-toggle-icon-opened\"><i class=\"elementor-toggle-icon-opened fas fa-angle-down\"><\/i><\/span>\n\t\t\t\t\t\t\t\t\t\t\t\t\t<\/span>\n\t\t\t\t\t\t\t\t\t\t\t\t<a class=\"elementor-toggle-title\" tabindex=\"0\">Downloads<\/a>\n\t\t\t\t\t<\/div>\n\n\t\t\t\t\t<div id=\"elementor-tab-content-9166\" class=\"elementor-tab-content elementor-clearfix\" data-tab=\"6\" role=\"region\" aria-labelledby=\"elementor-tab-title-9166\"><p>Weindatenblatt<br \/>Flaschenfoto<\/p><\/div>\n\t\t\t\t<\/div>\n\t\t\t\t\t\t\t\t<\/div>\n\t\t\t\t\t\t<\/div>\n\t\t\t\t<\/div>\n\t\t\t\t<div class=\"elementor-element elementor-element-697cdf7e elementor-align-center elementor-widget elementor-widget-button\" data-id=\"697cdf7e\" data-element_type=\"widget\" data-widget_type=\"button.default\">\n\t\t\t\t<div class=\"elementor-widget-container\">\n\t\t\t\t\t\t\t\t\t<div class=\"elementor-button-wrapper\">\n\t\t\t\t\t<a class=\"elementor-button elementor-button-link elementor-size-sm\" href=\"https:\/\/www.gerharddeim.at\/en\/weine\/\">\n\t\t\t\t\t\t<span class=\"elementor-button-content-wrapper\">\n\t\t\t\t\t\t\t\t\t<span class=\"elementor-button-text\">&lt;&lt; Weine<\/span>\n\t\t\t\t\t<\/span>\n\t\t\t\t\t<\/a>\n\t\t\t\t<\/div>\n\t\t\t\t\t\t\t\t<\/div>\n\t\t\t\t<\/div>\n\t\t\t\t\t<\/div>\n\t\t<\/div>\n\t\t\t\t\t<\/div>\n\t\t<\/section>\n\t\t\t\t<\/div>","protected":false},"excerpt":{"rendered":"<p>Kamptal Gr\u00fcner Veltliner Appellation: Kamptal DAC GebietsweinOrte: Sch\u00f6nberg, LangenloisRieden: Im Renner, Bernthal, Kalvarienberg, Loisium, LoiserbergRebsorte: Gr\u00fcner Veltliner Das Kamptal, ein Tal gepr\u00e4gt vom Wein und seinen L\u00f6ss-, Lehm- und Urgesteinsterrassen.\u00a0Gr\u00fcner Veltliner f\u00fchlt sich hier besonders wohl und entwickelt ein frisches Aromenspektrum\u00a0und pfeffrige W\u00fcrze. Rieden B\u00f6den: L\u00f6ss, Lehm, VerwitterungsbodenSeeh\u00f6he: 230-380 MeterAlter der Reben: 15 bis 60 [&hellip;]<\/p>","protected":false},"author":1,"featured_media":0,"parent":0,"menu_order":0,"comment_status":"closed","ping_status":"closed","template":"","meta":{"ocean_post_layout":"full-screen","ocean_both_sidebars_style":"","ocean_both_sidebars_content_width":0,"ocean_both_sidebars_sidebars_width":0,"ocean_sidebar":"0","ocean_second_sidebar":"0","ocean_disable_margins":"enable","ocean_add_body_class":"","ocean_shortcode_before_top_bar":"","ocean_shortcode_after_top_bar":"","ocean_shortcode_before_header":"","ocean_shortcode_after_header":"","ocean_has_shortcode":"","ocean_shortcode_after_title":"","ocean_shortcode_before_footer_widgets":"","ocean_shortcode_after_footer_widgets":"","ocean_shortcode_before_footer_bottom":"","ocean_shortcode_after_footer_bottom":"","ocean_display_top_bar":"off","ocean_display_header":"on","ocean_header_style":"","ocean_center_header_left_menu":"0","ocean_custom_header_template":"","ocean_custom_logo":0,"ocean_custom_retina_logo":0,"ocean_custom_logo_max_width":0,"ocean_custom_logo_tablet_max_width":0,"ocean_custom_logo_mobile_max_width":0,"ocean_custom_logo_max_height":0,"ocean_custom_logo_tablet_max_height":0,"ocean_custom_logo_mobile_max_height":0,"ocean_header_custom_menu":"0","ocean_menu_typo_font_family":"0","ocean_menu_typo_font_subset":"","ocean_menu_typo_font_size":0,"ocean_menu_typo_font_size_tablet":0,"ocean_menu_typo_font_size_mobile":0,"ocean_menu_typo_font_size_unit":"px","ocean_menu_typo_font_weight":"","ocean_menu_typo_font_weight_tablet":"","ocean_menu_typo_font_weight_mobile":"","ocean_menu_typo_transform":"","ocean_menu_typo_transform_tablet":"","ocean_menu_typo_transform_mobile":"","ocean_menu_typo_line_height":0,"ocean_menu_typo_line_height_tablet":0,"ocean_menu_typo_line_height_mobile":0,"ocean_menu_typo_line_height_unit":"","ocean_menu_typo_spacing":0,"ocean_menu_typo_spacing_tablet":0,"ocean_menu_typo_spacing_mobile":0,"ocean_menu_typo_spacing_unit":"","ocean_menu_link_color":"","ocean_menu_link_color_hover":"","ocean_menu_link_color_active":"","ocean_menu_link_background":"","ocean_menu_link_hover_background":"","ocean_menu_link_active_background":"","ocean_menu_social_links_bg":"","ocean_menu_social_hover_links_bg":"","ocean_menu_social_links_color":"","ocean_menu_social_hover_links_color":"","ocean_disable_title":"on","ocean_disable_heading":"default","ocean_post_title":"","ocean_post_subheading":"","ocean_post_title_style":"","ocean_post_title_background_color":"","ocean_post_title_background":0,"ocean_post_title_bg_image_position":"","ocean_post_title_bg_image_attachment":"","ocean_post_title_bg_image_repeat":"","ocean_post_title_bg_image_size":"","ocean_post_title_height":0,"ocean_post_title_bg_overlay":0.5,"ocean_post_title_bg_overlay_color":"","ocean_disable_breadcrumbs":"default","ocean_breadcrumbs_color":"","ocean_breadcrumbs_separator_color":"","ocean_breadcrumbs_links_color":"","ocean_breadcrumbs_links_hover_color":"","ocean_display_footer_widgets":"on","ocean_display_footer_bottom":"off","ocean_custom_footer_template":"1074","footnotes":""},"class_list":["post-697","page","type-page","status-publish","hentry","entry","owp-thumbs-layout-horizontal","owp-btn-normal","owp-tabs-layout-horizontal","has-no-thumbnails","has-product-nav"],"jetpack_sharing_enabled":true,"_links":{"self":[{"href":"https:\/\/www.gerharddeim.at\/en\/wp-json\/wp\/v2\/pages\/697","targetHints":{"allow":["GET"]}}],"collection":[{"href":"https:\/\/www.gerharddeim.at\/en\/wp-json\/wp\/v2\/pages"}],"about":[{"href":"https:\/\/www.gerharddeim.at\/en\/wp-json\/wp\/v2\/types\/page"}],"author":[{"embeddable":true,"href":"https:\/\/www.gerharddeim.at\/en\/wp-json\/wp\/v2\/users\/1"}],"replies":[{"embeddable":true,"href":"https:\/\/www.gerharddeim.at\/en\/wp-json\/wp\/v2\/comments?post=697"}],"version-history":[{"count":0,"href":"https:\/\/www.gerharddeim.at\/en\/wp-json\/wp\/v2\/pages\/697\/revisions"}],"wp:attachment":[{"href":"https:\/\/www.gerharddeim.at\/en\/wp-json\/wp\/v2\/media?parent=697"}],"curies":[{"name":"wp","href":"https:\/\/api.w.org\/{rel}","templated":true}]}}