{"id":814,"date":"2020-01-21T12:55:27","date_gmt":"2020-01-21T11:55:27","guid":{"rendered":"https:\/\/www.gerharddeim.at\/?page_id=814"},"modified":"2025-11-24T19:52:37","modified_gmt":"2025-11-24T18:52:37","slug":"zweigeltreserve","status":"publish","type":"page","link":"https:\/\/www.gerharddeim.at\/en\/zweigeltreserve\/","title":{"rendered":"Zweigelt Reserve"},"content":{"rendered":"<div data-elementor-type=\"wp-page\" data-elementor-id=\"814\" class=\"elementor elementor-814\" data-elementor-post-type=\"page\">\n\t\t\t\t\t\t<section class=\"elementor-section elementor-top-section elementor-element elementor-element-7a684512 elementor-section-height-min-height elementor-section-boxed elementor-section-height-default elementor-section-items-middle\" data-id=\"7a684512\" data-element_type=\"section\" data-settings=\"{&quot;background_background&quot;:&quot;classic&quot;}\">\n\t\t\t\t\t\t<div class=\"elementor-container elementor-column-gap-wider\">\n\t\t\t\t\t<div class=\"elementor-column elementor-col-50 elementor-top-column elementor-element elementor-element-39346d51\" data-id=\"39346d51\" data-element_type=\"column\">\n\t\t\t<div class=\"elementor-widget-wrap elementor-element-populated\">\n\t\t\t\t\t\t<div class=\"elementor-element elementor-element-5380ce3e elementor-widget elementor-widget-image\" data-id=\"5380ce3e\" data-element_type=\"widget\" data-widget_type=\"image.default\">\n\t\t\t\t<div class=\"elementor-widget-container\">\n\t\t\t\t\t\t\t\t\t\t\t\t\t\t\t<img fetchpriority=\"high\" decoding=\"async\" width=\"768\" height=\"1152\" src=\"https:\/\/www.gerharddeim.at\/wp-content\/uploads\/2024\/01\/ZW-Reserve-2018_FINAL-768x1152.jpg\" class=\"elementor-animation-grow attachment-medium_large size-medium_large wp-image-22310\" alt=\"\" srcset=\"https:\/\/www.gerharddeim.at\/wp-content\/uploads\/2024\/01\/ZW-Reserve-2018_FINAL-768x1152.jpg 768w, https:\/\/www.gerharddeim.at\/wp-content\/uploads\/2024\/01\/ZW-Reserve-2018_FINAL-1365x2048.jpg 1365w\" sizes=\"(max-width: 768px) 100vw, 768px\" \/>\t\t\t\t\t\t\t\t\t\t\t\t\t\t\t<\/div>\n\t\t\t\t<\/div>\n\t\t\t\t\t<\/div>\n\t\t<\/div>\n\t\t\t\t<div class=\"elementor-column elementor-col-50 elementor-top-column elementor-element elementor-element-3de8d21c\" data-id=\"3de8d21c\" data-element_type=\"column\" data-settings=\"{&quot;background_background&quot;:&quot;classic&quot;}\">\n\t\t\t<div class=\"elementor-widget-wrap elementor-element-populated\">\n\t\t\t\t\t<div class=\"elementor-background-overlay\"><\/div>\n\t\t\t\t\t\t<div class=\"elementor-element elementor-element-705fca32 elementor-widget elementor-widget-heading\" data-id=\"705fca32\" data-element_type=\"widget\" data-widget_type=\"heading.default\">\n\t\t\t\t<div class=\"elementor-widget-container\">\n\t\t\t\t\t<h2 class=\"elementor-heading-title elementor-size-default\">Zweigelt Reserve<\/h2>\t\t\t\t<\/div>\n\t\t\t\t<\/div>\n\t\t\t\t<div class=\"elementor-element elementor-element-6a2975ec elementor-widget elementor-widget-text-editor\" data-id=\"6a2975ec\" data-element_type=\"widget\" data-widget_type=\"text-editor.default\">\n\t\t\t\t<div class=\"elementor-widget-container\">\n\t\t\t\t\t\t\t\t\t<p>Appellation: Nieder\u00f6sterreich<br \/>Grape Variety: Zweigelt<\/p><p>Auf L\u00f6ss-und Lehmterassen steht ein Gro\u00dfteil unserer Zweigelt-Weing\u00e4rten. F\u00fcr die Reserve selektieren wir ausschlie\u00dflich kleinbeerige Trauben unserer \u00e4ltesten Rebst\u00f6cke und geben ihr 12 Monate Reife in kleinen Eichenholzf\u00e4ssern. Hierdurch entwickelt sich eine besonders elegante Kirsch-, Zwetschken- und Beerenkompottaromatik.\u00a0<\/p>\t\t\t\t\t\t\t\t<\/div>\n\t\t\t\t<\/div>\n\t\t\t\t<div class=\"elementor-element elementor-element-5e7ef88 elementor-widget elementor-widget-toggle\" data-id=\"5e7ef88\" data-element_type=\"widget\" data-widget_type=\"toggle.default\">\n\t\t\t\t<div class=\"elementor-widget-container\">\n\t\t\t\t\t\t\t<div class=\"elementor-toggle\">\n\t\t\t\t\t\t\t<div class=\"elementor-toggle-item\">\n\t\t\t\t\t<div id=\"elementor-tab-title-9901\" class=\"elementor-tab-title\" data-tab=\"1\" role=\"button\" aria-controls=\"elementor-tab-content-9901\" aria-expanded=\"false\">\n\t\t\t\t\t\t\t\t\t\t\t\t<span class=\"elementor-toggle-icon elementor-toggle-icon-left\" aria-hidden=\"true\">\n\t\t\t\t\t\t\t\t\t\t\t\t\t\t\t<span class=\"elementor-toggle-icon-closed\"><i class=\"fas fa-angle-double-down\"><\/i><\/span>\n\t\t\t\t\t\t\t\t<span class=\"elementor-toggle-icon-opened\"><i class=\"elementor-toggle-icon-opened fas fa-angle-down\"><\/i><\/span>\n\t\t\t\t\t\t\t\t\t\t\t\t\t<\/span>\n\t\t\t\t\t\t\t\t\t\t\t\t<a class=\"elementor-toggle-title\" tabindex=\"0\">Vineyards<\/a>\n\t\t\t\t\t<\/div>\n\n\t\t\t\t\t<div id=\"elementor-tab-content-9901\" class=\"elementor-tab-content elementor-clearfix\" data-tab=\"1\" role=\"region\" aria-labelledby=\"elementor-tab-title-9901\"><p>Soil: loess-loam terraces<br \/>Altitude: 240-310 Meters<br \/>Orientation: South-East<br \/>Age of vines: up to 60 years<br \/>Planting density: 3000-4000 vines per hectar<br \/>Training system: Guyot<\/p><\/div>\n\t\t\t\t<\/div>\n\t\t\t\t\t\t\t<div class=\"elementor-toggle-item\">\n\t\t\t\t\t<div id=\"elementor-tab-title-9902\" class=\"elementor-tab-title\" data-tab=\"2\" role=\"button\" aria-controls=\"elementor-tab-content-9902\" aria-expanded=\"false\">\n\t\t\t\t\t\t\t\t\t\t\t\t<span class=\"elementor-toggle-icon elementor-toggle-icon-left\" aria-hidden=\"true\">\n\t\t\t\t\t\t\t\t\t\t\t\t\t\t\t<span class=\"elementor-toggle-icon-closed\"><i class=\"fas fa-angle-double-down\"><\/i><\/span>\n\t\t\t\t\t\t\t\t<span class=\"elementor-toggle-icon-opened\"><i class=\"elementor-toggle-icon-opened fas fa-angle-down\"><\/i><\/span>\n\t\t\t\t\t\t\t\t\t\t\t\t\t<\/span>\n\t\t\t\t\t\t\t\t\t\t\t\t<a class=\"elementor-toggle-title\" tabindex=\"0\">Vinification<\/a>\n\t\t\t\t\t<\/div>\n\n\t\t\t\t\t<div id=\"elementor-tab-content-9902\" class=\"elementor-tab-content elementor-clearfix\" data-tab=\"2\" role=\"region\" aria-labelledby=\"elementor-tab-title-9902\"><p>Harvest yield: 2500 litres per hectar<br \/>Harvest date: mid-October<br \/>Fermentation: open mash fermentation for 14 days<br \/>Maturation: 225 litre barrels<br \/>Abf\u00fcllung: 18 Monate nach der Ernte<\/p><\/div>\n\t\t\t\t<\/div>\n\t\t\t\t\t\t\t<div class=\"elementor-toggle-item\">\n\t\t\t\t\t<div id=\"elementor-tab-title-9903\" class=\"elementor-tab-title\" data-tab=\"3\" role=\"button\" aria-controls=\"elementor-tab-content-9903\" aria-expanded=\"false\">\n\t\t\t\t\t\t\t\t\t\t\t\t<span class=\"elementor-toggle-icon elementor-toggle-icon-left\" aria-hidden=\"true\">\n\t\t\t\t\t\t\t\t\t\t\t\t\t\t\t<span class=\"elementor-toggle-icon-closed\"><i class=\"fas fa-angle-double-down\"><\/i><\/span>\n\t\t\t\t\t\t\t\t<span class=\"elementor-toggle-icon-opened\"><i class=\"elementor-toggle-icon-opened fas fa-angle-down\"><\/i><\/span>\n\t\t\t\t\t\t\t\t\t\t\t\t\t<\/span>\n\t\t\t\t\t\t\t\t\t\t\t\t<a class=\"elementor-toggle-title\" tabindex=\"0\">Drinking recommendation<\/a>\n\t\t\t\t\t<\/div>\n\n\t\t\t\t\t<div id=\"elementor-tab-content-9903\" class=\"elementor-tab-content elementor-clearfix\" data-tab=\"3\" role=\"region\" aria-labelledby=\"elementor-tab-title-9903\"><p>Serving temperature: 16\u00b0C<br \/>Food pairing: spicy and mature cheese, gratinated vegetables, grilled meat, roast pork, venison<\/p><\/div>\n\t\t\t\t<\/div>\n\t\t\t\t\t\t\t<div class=\"elementor-toggle-item\">\n\t\t\t\t\t<div id=\"elementor-tab-title-9904\" class=\"elementor-tab-title\" data-tab=\"4\" role=\"button\" aria-controls=\"elementor-tab-content-9904\" aria-expanded=\"false\">\n\t\t\t\t\t\t\t\t\t\t\t\t<span class=\"elementor-toggle-icon elementor-toggle-icon-left\" aria-hidden=\"true\">\n\t\t\t\t\t\t\t\t\t\t\t\t\t\t\t<span class=\"elementor-toggle-icon-closed\"><i class=\"fas fa-angle-double-down\"><\/i><\/span>\n\t\t\t\t\t\t\t\t<span class=\"elementor-toggle-icon-opened\"><i class=\"elementor-toggle-icon-opened fas fa-angle-down\"><\/i><\/span>\n\t\t\t\t\t\t\t\t\t\t\t\t\t<\/span>\n\t\t\t\t\t\t\t\t\t\t\t\t<a class=\"elementor-toggle-title\" tabindex=\"0\">Rewards<\/a>\n\t\t\t\t\t<\/div>\n\n\t\t\t\t\t<div id=\"elementor-tab-content-9904\" class=\"elementor-tab-content elementor-clearfix\" data-tab=\"4\" role=\"region\" aria-labelledby=\"elementor-tab-title-9904\"><p>Jahrgang 2023:<br \/>92+ Punkte A la Carte<br \/>91 points Falstaff<br \/>Rotweinsieger Gro\u00dfe H\u00e4mmer Alte Schmiede<\/p><p>Vintage 2022:<br \/>92 points A la Carte<br \/>91 points Falstaff<br \/>2. Platz &amp; Finalist N\u00d6 Landesweinpr\u00e4mierung<\/p><p>Vintage 2021:<br \/>91 points Falstaff<br \/>4 glasses wein.pur<\/p><p>Vintage 2019:<br \/>91 points Falstaff<br \/>Finalist Gro\u00dfe H\u00e4mmer Alte Schmiede<\/p><p>Vintage 2018:<br \/>91 points Falstaff<br \/>4 glasses wein.pur<br \/>3 stars Vinaria<br \/>Rotweinsieger Gro\u00dfe H\u00e4mmer Alte Schmiede<\/p><p>Vintage 2017:<br \/>3 stars Vinaria<\/p><p>Vintage 2016:<br \/>3 glasses wein.pur<\/p><\/div>\n\t\t\t\t<\/div>\n\t\t\t\t\t\t\t<div class=\"elementor-toggle-item\">\n\t\t\t\t\t<div id=\"elementor-tab-title-9905\" class=\"elementor-tab-title\" data-tab=\"5\" role=\"button\" aria-controls=\"elementor-tab-content-9905\" aria-expanded=\"false\">\n\t\t\t\t\t\t\t\t\t\t\t\t<span class=\"elementor-toggle-icon elementor-toggle-icon-left\" aria-hidden=\"true\">\n\t\t\t\t\t\t\t\t\t\t\t\t\t\t\t<span class=\"elementor-toggle-icon-closed\"><i class=\"fas fa-angle-double-down\"><\/i><\/span>\n\t\t\t\t\t\t\t\t<span class=\"elementor-toggle-icon-opened\"><i class=\"elementor-toggle-icon-opened fas fa-angle-down\"><\/i><\/span>\n\t\t\t\t\t\t\t\t\t\t\t\t\t<\/span>\n\t\t\t\t\t\t\t\t\t\t\t\t<a class=\"elementor-toggle-title\" tabindex=\"0\">Tasting notes<\/a>\n\t\t\t\t\t<\/div>\n\n\t\t\t\t\t<div id=\"elementor-tab-content-9905\" class=\"elementor-tab-content elementor-clearfix\" data-tab=\"5\" role=\"region\" aria-labelledby=\"elementor-tab-title-9905\"><p>Jahrgang 2023:<br \/><strong><span style=\"text-decoration: underline;\">Peter Moser, Falstaff:<\/span><\/strong> Kr\u00e4ftiges Rubingranat, violette Reflexe, zarte Ockerrandaufhellung. Frische Zwetschken und Kr\u00e4uterw\u00fcrze, mit einem Hauch von Brombeerkonfit unterlegt, kandierte Mandarinenzesten. Saftig, elegant, angenehme Extrakts\u00fc\u00dfe, rotbeeriger Touch, etwas Nougat im Abgang, ein Speisenbegleiter mit Entwicklungspotenzial.<\/p><p>Vintage 2022:<br \/><span style=\"text-decoration: underline;\"><strong>Peter Moser, Falstaff:<\/strong><\/span> Kr\u00e4ftiges Rubingranat, violette Reflexe, zarte Randaufhellung. Florales Bukett, ein Hauch von Holzw\u00fcrze, Brombeernuancen, zart nussiger Touch. Mittlere Komplexit\u00e4t, feinw\u00fcrzig, balancierte Tanninstruktur, mineralisch, Nougattouch im Abgang, kraftvoller Speisenbegleiter.<\/p><p>Vintage 2021:<br \/><strong><span style=\"text-decoration: underline;\">Andreas Hubmann, wein.pur:<\/span><\/strong> Amarenakirschen, feine R\u00f6stnoten, samtige Tannine, sehr harmonisch<br \/><strong><span style=\"text-decoration: underline;\">Peter Moser, Falstaff: <\/span><\/strong>Kr\u00e4ftiges Rubingranat, violette Reflexe, dezente Randaufhellung. Zarte Brombeernoten, etwas nach Gew\u00fcrzen, feines rotes Waldbeerenkonfit, floraler Touch. Saftig, elegant, samtiges Tannin, feinw\u00fcrzig, Nougat im Abgang, dunkle Beerenfrucht im Nachhall, guter Speisenbegleiter.<\/p><p>Vintage 2019:<br \/><strong><u>Peter Moser, Falstaff:<\/u><\/strong> Kr\u00e4ftiges Rubingranat, violette Reflexe, breitere Ockerrandaufhellung. Zarte Note von frischen Zwetschken, rote Herzkirschen, Nuancen von Orangenzesten. Mittlerer K\u00f6rper, feine Fruchts\u00fc\u00dfe, gut integrierte Tannine, balanciert und harmonisch, salziger Touch im Abgang, ein vielseitiger Speisenbegleiter.<\/p><p>Vintage 2018:<br \/><strong><span style=\"text-decoration: underline;\">Andreas Hubmann, wein.pur:<\/span> <\/strong>Dunkle Kirschen, feine Vanille, sch\u00f6ne Tannine, harmonisch, lang.<br \/><strong><span style=\"text-decoration: underline;\">Wolfgang Wachter, Vinaria:<\/span><\/strong> Sauerkirschen, Kr\u00e4uter, gr\u00fcner Pfeffer; feingliedrig, dunkle Frucht, Kirschen, zartes S\u00e4urespiel, fein gekn\u00fcpftes Gerbstoffnetz, im mittellangen Nachhall elegante Gew\u00fcrznoten und dunkle Frucht, Orangen angedeutet. Braucht Luft.<\/p><p>Vintage 2017:<br \/><strong><u>Wolfgang Wachter, Vinaria:<\/u><\/strong> Fein, zarteste Gew\u00fcrznoten, Kirschen, Brombeeren und Heidelbeeren; fruchtbetont, feink\u00f6rnige Gew\u00fcrze, reifes Gerbstoffnetz, feines S\u00e4urespiel, gute L\u00e4nge, dunkle Frucht und Nelken klingen nach.<\/p><p>Vintage 2016:<br \/>Weichsel, Kirschen, Waldbeeren, gut eingebundene Tannine, angenehmer Trinkfluss, dezente W\u00fcrze, toller Speisebegleiter<\/p><\/div>\n\t\t\t\t<\/div>\n\t\t\t\t\t\t\t<div class=\"elementor-toggle-item\">\n\t\t\t\t\t<div id=\"elementor-tab-title-9906\" class=\"elementor-tab-title\" data-tab=\"6\" role=\"button\" aria-controls=\"elementor-tab-content-9906\" aria-expanded=\"false\">\n\t\t\t\t\t\t\t\t\t\t\t\t<span class=\"elementor-toggle-icon elementor-toggle-icon-left\" aria-hidden=\"true\">\n\t\t\t\t\t\t\t\t\t\t\t\t\t\t\t<span class=\"elementor-toggle-icon-closed\"><i class=\"fas fa-angle-double-down\"><\/i><\/span>\n\t\t\t\t\t\t\t\t<span class=\"elementor-toggle-icon-opened\"><i class=\"elementor-toggle-icon-opened fas fa-angle-down\"><\/i><\/span>\n\t\t\t\t\t\t\t\t\t\t\t\t\t<\/span>\n\t\t\t\t\t\t\t\t\t\t\t\t<a class=\"elementor-toggle-title\" tabindex=\"0\">Downloads<\/a>\n\t\t\t\t\t<\/div>\n\n\t\t\t\t\t<div id=\"elementor-tab-content-9906\" class=\"elementor-tab-content elementor-clearfix\" data-tab=\"6\" role=\"region\" aria-labelledby=\"elementor-tab-title-9906\"><p>Weindatenblatt<br \/>Flaschenfoto<\/p><\/div>\n\t\t\t\t<\/div>\n\t\t\t\t\t\t\t\t<\/div>\n\t\t\t\t\t\t<\/div>\n\t\t\t\t<\/div>\n\t\t\t\t<div class=\"elementor-element elementor-element-728612e0 elementor-align-center elementor-widget elementor-widget-button\" data-id=\"728612e0\" data-element_type=\"widget\" data-widget_type=\"button.default\">\n\t\t\t\t<div class=\"elementor-widget-container\">\n\t\t\t\t\t\t\t\t\t<div class=\"elementor-button-wrapper\">\n\t\t\t\t\t<a class=\"elementor-button elementor-button-link elementor-size-sm\" href=\"https:\/\/www.gerharddeim.at\/en\/weine\/\">\n\t\t\t\t\t\t<span class=\"elementor-button-content-wrapper\">\n\t\t\t\t\t\t\t\t\t<span class=\"elementor-button-text\">&lt;&lt; Weine<\/span>\n\t\t\t\t\t<\/span>\n\t\t\t\t\t<\/a>\n\t\t\t\t<\/div>\n\t\t\t\t\t\t\t\t<\/div>\n\t\t\t\t<\/div>\n\t\t\t\t\t<\/div>\n\t\t<\/div>\n\t\t\t\t\t<\/div>\n\t\t<\/section>\n\t\t\t\t<\/div>","protected":false},"excerpt":{"rendered":"<p>Zweigelt Reserve Appellation: Nieder\u00f6sterreichRebsorte: Blauer Zweigelt Auf L\u00f6ss-und Lehmterassen steht ein Gro\u00dfteil unserer Zweigelt-Weing\u00e4rten. F\u00fcr die Reserve selektieren wir ausschlie\u00dflich kleinbeerige Trauben unserer \u00e4ltesten Rebst\u00f6cke und geben ihr 12 Monate Reife in kleinen Eichenholzf\u00e4ssern. Hierdurch entwickelt sich eine besonders elegante Kirsch-, Zwetschken- und Beerenkompottaromatik.\u00a0 Rieden Boden: L\u00f6ss-, LehmterrassenSeeh\u00f6he: 240-310 MeterAusrichtung: S\u00fcdostAlter der Reben: bis 60 [&hellip;]<\/p>","protected":false},"author":1,"featured_media":0,"parent":0,"menu_order":0,"comment_status":"closed","ping_status":"closed","template":"","meta":{"ocean_post_layout":"full-screen","ocean_both_sidebars_style":"","ocean_both_sidebars_content_width":0,"ocean_both_sidebars_sidebars_width":0,"ocean_sidebar":"0","ocean_second_sidebar":"0","ocean_disable_margins":"enable","ocean_add_body_class":"","ocean_shortcode_before_top_bar":"","ocean_shortcode_after_top_bar":"","ocean_shortcode_before_header":"","ocean_shortcode_after_header":"","ocean_has_shortcode":"","ocean_shortcode_after_title":"","ocean_shortcode_before_footer_widgets":"","ocean_shortcode_after_footer_widgets":"","ocean_shortcode_before_footer_bottom":"","ocean_shortcode_after_footer_bottom":"","ocean_display_top_bar":"off","ocean_display_header":"on","ocean_header_style":"","ocean_center_header_left_menu":"0","ocean_custom_header_template":"","ocean_custom_logo":0,"ocean_custom_retina_logo":0,"ocean_custom_logo_max_width":0,"ocean_custom_logo_tablet_max_width":0,"ocean_custom_logo_mobile_max_width":0,"ocean_custom_logo_max_height":0,"ocean_custom_logo_tablet_max_height":0,"ocean_custom_logo_mobile_max_height":0,"ocean_header_custom_menu":"0","ocean_menu_typo_font_family":"0","ocean_menu_typo_font_subset":"","ocean_menu_typo_font_size":0,"ocean_menu_typo_font_size_tablet":0,"ocean_menu_typo_font_size_mobile":0,"ocean_menu_typo_font_size_unit":"px","ocean_menu_typo_font_weight":"","ocean_menu_typo_font_weight_tablet":"","ocean_menu_typo_font_weight_mobile":"","ocean_menu_typo_transform":"","ocean_menu_typo_transform_tablet":"","ocean_menu_typo_transform_mobile":"","ocean_menu_typo_line_height":0,"ocean_menu_typo_line_height_tablet":0,"ocean_menu_typo_line_height_mobile":0,"ocean_menu_typo_line_height_unit":"","ocean_menu_typo_spacing":0,"ocean_menu_typo_spacing_tablet":0,"ocean_menu_typo_spacing_mobile":0,"ocean_menu_typo_spacing_unit":"","ocean_menu_link_color":"","ocean_menu_link_color_hover":"","ocean_menu_link_color_active":"","ocean_menu_link_background":"","ocean_menu_link_hover_background":"","ocean_menu_link_active_background":"","ocean_menu_social_links_bg":"","ocean_menu_social_hover_links_bg":"","ocean_menu_social_links_color":"","ocean_menu_social_hover_links_color":"","ocean_disable_title":"on","ocean_disable_heading":"default","ocean_post_title":"","ocean_post_subheading":"","ocean_post_title_style":"","ocean_post_title_background_color":"","ocean_post_title_background":0,"ocean_post_title_bg_image_position":"","ocean_post_title_bg_image_attachment":"","ocean_post_title_bg_image_repeat":"","ocean_post_title_bg_image_size":"","ocean_post_title_height":0,"ocean_post_title_bg_overlay":0.5,"ocean_post_title_bg_overlay_color":"","ocean_disable_breadcrumbs":"default","ocean_breadcrumbs_color":"","ocean_breadcrumbs_separator_color":"","ocean_breadcrumbs_links_color":"","ocean_breadcrumbs_links_hover_color":"","ocean_display_footer_widgets":"on","ocean_display_footer_bottom":"off","ocean_custom_footer_template":"1074","footnotes":""},"class_list":["post-814","page","type-page","status-publish","hentry","entry","owp-thumbs-layout-horizontal","owp-btn-normal","owp-tabs-layout-horizontal","has-no-thumbnails","has-product-nav"],"jetpack_sharing_enabled":true,"_links":{"self":[{"href":"https:\/\/www.gerharddeim.at\/en\/wp-json\/wp\/v2\/pages\/814","targetHints":{"allow":["GET"]}}],"collection":[{"href":"https:\/\/www.gerharddeim.at\/en\/wp-json\/wp\/v2\/pages"}],"about":[{"href":"https:\/\/www.gerharddeim.at\/en\/wp-json\/wp\/v2\/types\/page"}],"author":[{"embeddable":true,"href":"https:\/\/www.gerharddeim.at\/en\/wp-json\/wp\/v2\/users\/1"}],"replies":[{"embeddable":true,"href":"https:\/\/www.gerharddeim.at\/en\/wp-json\/wp\/v2\/comments?post=814"}],"version-history":[{"count":12,"href":"https:\/\/www.gerharddeim.at\/en\/wp-json\/wp\/v2\/pages\/814\/revisions"}],"predecessor-version":[{"id":23429,"href":"https:\/\/www.gerharddeim.at\/en\/wp-json\/wp\/v2\/pages\/814\/revisions\/23429"}],"wp:attachment":[{"href":"https:\/\/www.gerharddeim.at\/en\/wp-json\/wp\/v2\/media?parent=814"}],"curies":[{"name":"wp","href":"https:\/\/api.w.org\/{rel}","templated":true}]}}