{"id":95,"date":"2020-01-05T15:38:49","date_gmt":"2020-01-05T14:38:49","guid":{"rendered":"https:\/\/www.gerharddeim.at\/?page_id=95"},"modified":"2025-11-09T16:25:54","modified_gmt":"2025-11-09T15:25:54","slug":"kalvarienberggv","status":"publish","type":"page","link":"https:\/\/www.gerharddeim.at\/en\/kalvarienberggv\/","title":{"rendered":"Kalvarienberg GV"},"content":{"rendered":"<div data-elementor-type=\"wp-page\" data-elementor-id=\"95\" class=\"elementor elementor-95\" data-elementor-post-type=\"page\">\n\t\t\t\t\t\t<section class=\"elementor-section elementor-top-section elementor-element elementor-element-29f69b28 elementor-section-height-min-height elementor-section-boxed elementor-section-height-default elementor-section-items-middle\" data-id=\"29f69b28\" data-element_type=\"section\" data-settings=\"{&quot;background_background&quot;:&quot;classic&quot;}\">\n\t\t\t\t\t\t<div class=\"elementor-container elementor-column-gap-wider\">\n\t\t\t\t\t<div class=\"elementor-column elementor-col-50 elementor-top-column elementor-element elementor-element-500beb7d\" data-id=\"500beb7d\" data-element_type=\"column\">\n\t\t\t<div class=\"elementor-widget-wrap elementor-element-populated\">\n\t\t\t\t\t\t<div class=\"elementor-element elementor-element-52c681ec elementor-widget elementor-widget-image\" data-id=\"52c681ec\" data-element_type=\"widget\" data-widget_type=\"image.default\">\n\t\t\t\t<div class=\"elementor-widget-container\">\n\t\t\t\t\t\t\t\t\t\t\t\t\t\t\t<img fetchpriority=\"high\" decoding=\"async\" width=\"768\" height=\"2869\" src=\"https:\/\/www.gerharddeim.at\/wp-content\/uploads\/2021\/04\/Ried-KALVARIENBERG-GV-comp-768x2869.png\" class=\"elementor-animation-grow attachment-medium_large size-medium_large wp-image-2473\" alt=\"\" srcset=\"https:\/\/www.gerharddeim.at\/wp-content\/uploads\/2021\/04\/Ried-KALVARIENBERG-GV-comp-768x2869.png 768w, https:\/\/www.gerharddeim.at\/wp-content\/uploads\/2021\/04\/Ried-KALVARIENBERG-GV-comp-300x1121.png 300w, https:\/\/www.gerharddeim.at\/wp-content\/uploads\/2021\/04\/Ried-KALVARIENBERG-GV-comp-80x300.png 80w, https:\/\/www.gerharddeim.at\/wp-content\/uploads\/2021\/04\/Ried-KALVARIENBERG-GV-comp-274x1024.png 274w, https:\/\/www.gerharddeim.at\/wp-content\/uploads\/2021\/04\/Ried-KALVARIENBERG-GV-comp-411x1536.png 411w, https:\/\/www.gerharddeim.at\/wp-content\/uploads\/2021\/04\/Ried-KALVARIENBERG-GV-comp-548x2048.png 548w, https:\/\/www.gerharddeim.at\/wp-content\/uploads\/2021\/04\/Ried-KALVARIENBERG-GV-comp-3x12.png 3w, https:\/\/www.gerharddeim.at\/wp-content\/uploads\/2021\/04\/Ried-KALVARIENBERG-GV-comp-600x2241.png 600w, https:\/\/www.gerharddeim.at\/wp-content\/uploads\/2021\/04\/Ried-KALVARIENBERG-GV-comp.png 1124w\" sizes=\"(max-width: 768px) 100vw, 768px\" \/>\t\t\t\t\t\t\t\t\t\t\t\t\t\t\t<\/div>\n\t\t\t\t<\/div>\n\t\t\t\t\t<\/div>\n\t\t<\/div>\n\t\t\t\t<div class=\"elementor-column elementor-col-50 elementor-top-column elementor-element elementor-element-470f78b7\" data-id=\"470f78b7\" data-element_type=\"column\" data-settings=\"{&quot;background_background&quot;:&quot;classic&quot;}\">\n\t\t\t<div class=\"elementor-widget-wrap elementor-element-populated\">\n\t\t\t\t\t<div class=\"elementor-background-overlay\"><\/div>\n\t\t\t\t\t\t<div class=\"elementor-element elementor-element-4aa08a5e elementor-widget elementor-widget-heading\" data-id=\"4aa08a5e\" data-element_type=\"widget\" data-widget_type=\"heading.default\">\n\t\t\t\t<div class=\"elementor-widget-container\">\n\t\t\t\t\t<h2 class=\"elementor-heading-title elementor-size-default\">Ried Kalvarienberg<\/h2>\t\t\t\t<\/div>\n\t\t\t\t<\/div>\n\t\t\t\t<div class=\"elementor-element elementor-element-18e28cfb elementor-widget elementor-widget-text-editor\" data-id=\"18e28cfb\" data-element_type=\"widget\" data-widget_type=\"text-editor.default\">\n\t\t\t\t<div class=\"elementor-widget-container\">\n\t\t\t\t\t\t\t\t\t<p>Appellation: Kamptal DAC Riedenwein<br \/>Village &amp; vineyard name: Sch\u00f6nberger Kalvarienberg<br \/>Grape Variety: Gr\u00fcner Veltliner<\/p><p>The Kalvarienberg closes the valley bassin of Sch\u00f6nberg to the north. Different soil formations of granite, gneiss and a thin layer of loess on top help us to produce very ripe and powerful wines.<\/p>\t\t\t\t\t\t\t\t<\/div>\n\t\t\t\t<\/div>\n\t\t\t\t<div class=\"elementor-element elementor-element-437da824 elementor-widget elementor-widget-toggle\" data-id=\"437da824\" data-element_type=\"widget\" data-widget_type=\"toggle.default\">\n\t\t\t\t<div class=\"elementor-widget-container\">\n\t\t\t\t\t\t\t<div class=\"elementor-toggle\">\n\t\t\t\t\t\t\t<div class=\"elementor-toggle-item\">\n\t\t\t\t\t<div id=\"elementor-tab-title-1131\" class=\"elementor-tab-title\" data-tab=\"1\" role=\"button\" aria-controls=\"elementor-tab-content-1131\" aria-expanded=\"false\">\n\t\t\t\t\t\t\t\t\t\t\t\t<span class=\"elementor-toggle-icon elementor-toggle-icon-left\" aria-hidden=\"true\">\n\t\t\t\t\t\t\t\t\t\t\t\t\t\t\t<span class=\"elementor-toggle-icon-closed\"><i class=\"fas fa-angle-double-down\"><\/i><\/span>\n\t\t\t\t\t\t\t\t<span class=\"elementor-toggle-icon-opened\"><i class=\"elementor-toggle-icon-opened fas fa-angle-down\"><\/i><\/span>\n\t\t\t\t\t\t\t\t\t\t\t\t\t<\/span>\n\t\t\t\t\t\t\t\t\t\t\t\t<a class=\"elementor-toggle-title\" tabindex=\"0\">Ried Kalvarienberg<\/a>\n\t\t\t\t\t<\/div>\n\n\t\t\t\t\t<div id=\"elementor-tab-content-1131\" class=\"elementor-tab-content elementor-clearfix\" data-tab=\"1\" role=\"region\" aria-labelledby=\"elementor-tab-title-1131\"><p>Soil: mica schist, silicate stone, thin layer of loess-loam<br \/>Altitude: 240-310 Meters<br \/>Orientation: South<br \/>Age of vines: 50-60 years<br \/>Planting density: 3000-4000 vines per hectar<br \/>Training system: Guyot<\/p><\/div>\n\t\t\t\t<\/div>\n\t\t\t\t\t\t\t<div class=\"elementor-toggle-item\">\n\t\t\t\t\t<div id=\"elementor-tab-title-1132\" class=\"elementor-tab-title\" data-tab=\"2\" role=\"button\" aria-controls=\"elementor-tab-content-1132\" aria-expanded=\"false\">\n\t\t\t\t\t\t\t\t\t\t\t\t<span class=\"elementor-toggle-icon elementor-toggle-icon-left\" aria-hidden=\"true\">\n\t\t\t\t\t\t\t\t\t\t\t\t\t\t\t<span class=\"elementor-toggle-icon-closed\"><i class=\"fas fa-angle-double-down\"><\/i><\/span>\n\t\t\t\t\t\t\t\t<span class=\"elementor-toggle-icon-opened\"><i class=\"elementor-toggle-icon-opened fas fa-angle-down\"><\/i><\/span>\n\t\t\t\t\t\t\t\t\t\t\t\t\t<\/span>\n\t\t\t\t\t\t\t\t\t\t\t\t<a class=\"elementor-toggle-title\" tabindex=\"0\">Vinification<\/a>\n\t\t\t\t\t<\/div>\n\n\t\t\t\t\t<div id=\"elementor-tab-content-1132\" class=\"elementor-tab-content elementor-clearfix\" data-tab=\"2\" role=\"region\" aria-labelledby=\"elementor-tab-title-1132\"><p>Harvest yield: 2500 litres per hectar<br \/>Harvest date: mid-October<br \/>Maceration: whole cluster pressing<br \/>Maturation: 500 litre oak and acacia barrels<br \/>Abf\u00fcllung: 18 Monate nach der Ernte<\/p><\/div>\n\t\t\t\t<\/div>\n\t\t\t\t\t\t\t<div class=\"elementor-toggle-item\">\n\t\t\t\t\t<div id=\"elementor-tab-title-1133\" class=\"elementor-tab-title\" data-tab=\"3\" role=\"button\" aria-controls=\"elementor-tab-content-1133\" aria-expanded=\"false\">\n\t\t\t\t\t\t\t\t\t\t\t\t<span class=\"elementor-toggle-icon elementor-toggle-icon-left\" aria-hidden=\"true\">\n\t\t\t\t\t\t\t\t\t\t\t\t\t\t\t<span class=\"elementor-toggle-icon-closed\"><i class=\"fas fa-angle-double-down\"><\/i><\/span>\n\t\t\t\t\t\t\t\t<span class=\"elementor-toggle-icon-opened\"><i class=\"elementor-toggle-icon-opened fas fa-angle-down\"><\/i><\/span>\n\t\t\t\t\t\t\t\t\t\t\t\t\t<\/span>\n\t\t\t\t\t\t\t\t\t\t\t\t<a class=\"elementor-toggle-title\" tabindex=\"0\">Drinking recommendation<\/a>\n\t\t\t\t\t<\/div>\n\n\t\t\t\t\t<div id=\"elementor-tab-content-1133\" class=\"elementor-tab-content elementor-clearfix\" data-tab=\"3\" role=\"region\" aria-labelledby=\"elementor-tab-title-1133\"><p>Serving temperature: 12\u00b0C<br \/>Food pairing: fish, seafood, wide diversity of traditional Austrian recipes<\/p><\/div>\n\t\t\t\t<\/div>\n\t\t\t\t\t\t\t<div class=\"elementor-toggle-item\">\n\t\t\t\t\t<div id=\"elementor-tab-title-1134\" class=\"elementor-tab-title\" data-tab=\"4\" role=\"button\" aria-controls=\"elementor-tab-content-1134\" aria-expanded=\"false\">\n\t\t\t\t\t\t\t\t\t\t\t\t<span class=\"elementor-toggle-icon elementor-toggle-icon-left\" aria-hidden=\"true\">\n\t\t\t\t\t\t\t\t\t\t\t\t\t\t\t<span class=\"elementor-toggle-icon-closed\"><i class=\"fas fa-angle-double-down\"><\/i><\/span>\n\t\t\t\t\t\t\t\t<span class=\"elementor-toggle-icon-opened\"><i class=\"elementor-toggle-icon-opened fas fa-angle-down\"><\/i><\/span>\n\t\t\t\t\t\t\t\t\t\t\t\t\t<\/span>\n\t\t\t\t\t\t\t\t\t\t\t\t<a class=\"elementor-toggle-title\" tabindex=\"0\">Rewards<\/a>\n\t\t\t\t\t<\/div>\n\n\t\t\t\t\t<div id=\"elementor-tab-content-1134\" class=\"elementor-tab-content elementor-clearfix\" data-tab=\"4\" role=\"region\" aria-labelledby=\"elementor-tab-title-1134\"><p>Jahrgang 2023:<br \/>93 points Falstaff<br \/>4 Sterne Vinaria<\/p><p>Vintage 2022:<br \/>95 points International Wine &amp; Spirit Competition<br \/>93+ Punkte A la Carte<br \/>93 points Falstaff<br \/>5 glasses wein.pur<br \/>4 Sterne Vinaria<br \/>1. Place Kamptal Wine Trophy<\/p><p>Vintage 2021:<br \/>5 Sterne + 1. Platz Jahrgangsverkostung 2021 vs 2019 Vinaria<br \/>94 points A la Carte<br \/>93 points Falstaff<br \/>5 glasses wein.pur<br \/>1. Place \"Gro\u00dfe H\u00e4mmer\" Vinothek Alte Schmiede in Sch\u00f6nberg<\/p><p>Vintage 2020:<br \/>94 points A la Carte<br \/>93 points Falstaff<br \/>5 glasses wein.pur<br \/>4 stars + toplist Vinaria<\/p><p>Vintage 2019:<br \/>93 points Falstaff<br \/>93 points A la Carte<br \/>4 stars + toplist Vinaria\u00a0<br \/>90 points Meininger Weinwirtschaft<\/p><p>Vintage 2018:<br \/>2nd best Gr\u00fcner Veltliner worldwide - Vinaria and Winestate Magazine<br \/>Salon 2020 Austrian Wine<br \/>5 glasses (95 to 100 points) wein.pur 2018\/2019<br \/>92 points Falstaff<br \/>91 points A la Carte<br \/>1. Place \"Gro\u00dfe H\u00e4mmer\" Vinothek Alte Schmiede in Sch\u00f6nberg<\/p><p>Vintage 2017:<br \/>92 points Falstaff<br \/>92 points A la Carte<br \/>1. Place \"Gro\u00dfe H\u00e4mmer\" Vinothek Alte Schmiede in Sch\u00f6nberg<\/p><p>Jahrgang 2015:<br \/>1. Place Kamptal Wine Trophy<br \/>91 points Falstaff<\/p><p>Vintage 2011:<br \/>1. Place Kamptal Wine Trophy<br \/>Kreis der Besten \"N\u00d6 Landesweinmesse\" (among the best in Lower Austria)<\/p><\/div>\n\t\t\t\t<\/div>\n\t\t\t\t\t\t\t<div class=\"elementor-toggle-item\">\n\t\t\t\t\t<div id=\"elementor-tab-title-1135\" class=\"elementor-tab-title\" data-tab=\"5\" role=\"button\" aria-controls=\"elementor-tab-content-1135\" aria-expanded=\"false\">\n\t\t\t\t\t\t\t\t\t\t\t\t<span class=\"elementor-toggle-icon elementor-toggle-icon-left\" aria-hidden=\"true\">\n\t\t\t\t\t\t\t\t\t\t\t\t\t\t\t<span class=\"elementor-toggle-icon-closed\"><i class=\"fas fa-angle-double-down\"><\/i><\/span>\n\t\t\t\t\t\t\t\t<span class=\"elementor-toggle-icon-opened\"><i class=\"elementor-toggle-icon-opened fas fa-angle-down\"><\/i><\/span>\n\t\t\t\t\t\t\t\t\t\t\t\t\t<\/span>\n\t\t\t\t\t\t\t\t\t\t\t\t<a class=\"elementor-toggle-title\" tabindex=\"0\">Tasting notes<\/a>\n\t\t\t\t\t<\/div>\n\n\t\t\t\t\t<div id=\"elementor-tab-content-1135\" class=\"elementor-tab-content elementor-clearfix\" data-tab=\"5\" role=\"region\" aria-labelledby=\"elementor-tab-title-1135\"><p>Vintage 2022:<br \/><span style=\"text-decoration: underline;\"><strong>Willi Balanjuk, A la Carte:<\/strong><\/span> Jugendliche Farbe, vielschichtige Aromatik, Papaya, Gew\u00fcrznelke, Antipasti-Noten, k\u00f6rperreich, harmonische Textur, feiner Gerbstoff, fruchtiger Nachhall, Potenzial.<\/p><p>Vintage 2021:<br \/><strong><span style=\"text-decoration: underline;\">Adi Schmid, Vinaria: <\/span><\/strong>Gelber Apfel, reife Marille, Waldhonig, Quitten, gelbe Fr\u00fcchte, immer k\u00fchl, Nadelwald, frische Kr\u00e4uter, fruchtige W\u00fcrze, Birnentouch, wunderbare &#8211; cremige &#8211; Frucht, immer elegant, balanciert, integrierte S\u00e4ure. Ein hervorragender Gr\u00fcner Veltliner, der seine Klasse zeigt.<br \/><strong><span style=\"text-decoration: underline;\">Peter Moser, Falstaff: <\/span><\/strong>Leuchtendes Gr\u00fcngelb, silberfarbene Reflexe. Mit einem zarten Toffeetouch unterlegte reife Tropenfrucht, etwas nach Honigmelone, ein Hauch von Babyananas, w\u00fcrzige Noten. Saftig, gute Komplexit\u00e4t, kraftvoll, cremig, Marillentouch im Abgang, zitroniger Nachhall, vielseitiger Speisenbegleiter mit Potenzial.<span style=\"text-decoration: underline;\"><br \/><strong>Wolfgang Wachter, Vinaria:<\/strong><\/span> Druckvolles Sortenbukett, cremiger Touch, reife \u00c4pfel, Hauch Quitten, Bodent\u00f6ne; schlie\u00dft nahtlos an, Schmelz, kraftvoll, belebende S\u00e4ure sorgt f\u00fcr Balance, an Fichtennadeln erinnernde W\u00fcrze und helles Steinobst im Abgang und im langen Nachhall.<br \/><span style=\"text-decoration: underline;\"><strong>Andreas Hubmann, wein.pur:<\/strong><\/span> Mango, reife \u00c4pfel, Vanille, vielschichtig, druckvoll, enormes Potenzial.<\/p><p>Vintage 2020:<br \/><strong><span style=\"text-decoration: underline;\">Peter Moser, Falstaff:<\/span><\/strong>\u00a0Mittleres Gelbgr\u00fcn, Silberreflexe. Zart rauchig, ein Hauch von K\u00fcmmel, Golden-Delicious-Apfel, w\u00fcrziges Bukett. Saftig, reife gelbe Frucht, nach Mango und Banane, gut eingebundener S\u00e4urebogen, mineralisch, feine salzige Nuancen im Abgang, ein stoffiger Speisenbegleiter.<br \/><strong><span style=\"text-decoration: underline;\">Willi Balanjuk, A la Carte:<\/span>\u00a0<\/strong>jugendliche Farbe, vielschichtige Nase, kandierte Orange, Gew\u00fcrznelke, Papaya, feine W\u00fcrze, k\u00f6rperreich, balancierte Struktur, feiner Gerbstoff und Grapefruit im Finish, langer Nachhall<br \/><strong><span style=\"text-decoration: underline;\">Wolfgang Wachter, Vinaria:<\/span><\/strong> Druckvoll, der Boden kommt durch, fokussiert, zun\u00e4chst exotische Frucht, dann reife Marillen, \u00e4therische Noten; schlie\u00dft nahtlos an, k\u00f6rperreich, Berge von Frucht, die sich bis in den langen Nachhall hinein h\u00e4lt, klare Struktur, Zitrus im Finish gibt Leben.<br \/><strong><span style=\"text-decoration: underline;\">Andreas Hubmann, wein.pur:<\/span><\/strong> Exotische Fr\u00fcchte, Hauch Vanille, sehr vielschichtig, sehr lang.<\/p><p>Vintage 2019:<br \/><strong><u>Vinaria (Gr\u00fcner Veltliner vs. Chardonnay im Februar 2023):<\/u><\/strong> Rauchig und dicht, D\u00f6rrfruchtbrot und Kletztenbrot, recht cremig, bisschen traubig, Kokosnoten, reichhaltig, Honigmelonen, opulent; ungemein saftig, tolle Frucht, zarter Marzipanhauch, Mango, Honigmelone s\u00fc\u00dfe Orangen, kraftvoll, ausgereift, Power, lang.\u00a0<br \/><strong><u>Willi Balanjuk, A la Carte: <\/u><\/strong>helle Farbe, intensive Nase, Einlegegew\u00fcrze, kandierte Orange und Grapefruit, opulenter Wein, lebendige, balancierte Textur, fruchtiger, feiner Schmelz im Abgang, gute L\u00e4nge, Kumquats im R\u00fcckaroma, Potenzial<br \/><strong><u>Wolfgang Wachter, Vinaria:<\/u><\/strong> Ruhig, Druck, viel Frucht, \u00e4therisch-w\u00fcrzig, viele Facetten, druckvoll, lebendig, gelbe Fr\u00fcchte, F\u00f6hrennadeln, S\u00e4urer\u00fcckgrat, steinig im Abgang und im langen Nachhall, auch reife gelbe Pflaumen.<br \/><strong><span style=\"text-decoration: underline;\">Meininger Weinwirtschaft:<\/span><\/strong> exotische Frucht mit Mango und Ananas; enorme Kraft, balsamische W\u00fcrze, cremige F\u00fclle, Alkohol gut verpackt, nussig<\/p><p>Vintage 2018:<br \/><strong><u>Willi Balanjuk, A la Carte:<\/u><\/strong> jugendliche Farbe, intensive Nase, Gew\u00fcrznelken, Kr\u00e4uter, kandierte Birne, Tabak, gehaltvoll, harmonische Textur, fruchtiger Abgang, gute L\u00e4nge<br \/><strong><u>Wolfgang Wachter, Vinaria:<\/u><\/strong> Dicht, k\u00fcndigt Kraft an, Fichtennadeln, dunkle Bl\u00fcten, Beerenfrucht, gelber Apfel, mit Luft Ananas; auch im Geschmack \u00e4therische Ader, kraftvoll, Schmelz, anf\u00e4nglich fast barocke Formen, gewinnt mit Luft an Pr\u00e4zision, gro\u00dfe L\u00e4nge, getragen von W\u00fcrze und dunkler Frucht, W\u00fcrze klingt lange nach, der schwere Boden pr\u00e4gt den Wein. Reserven!<br \/><strong><u>Peter Moser, Falstaff:<\/u><\/strong> Mittleres Gelbgold, Silberreflexe. Zarte Holzw\u00fcrze, reife gelbe Tropenfrucht unterlegt, dezentes Karamell, floraler Touch unterlegt. Komplex, sehr kraftvoll, extrakts\u00fc\u00dfe Textur, feine gelbe Tropenfrucht, w\u00fcrzig im Abgang, mineralischer Nachhall, gutes Enwicklungspotenzial, zarter Kokostouch im R\u00fcckgeschmack.<\/p><p>Vintage 2017:<br \/><strong><u>Willi Balanjuk, A la Carte:<\/u><\/strong> jugendliche Farbe, nuanciertes Bukett, kandierte Orange und Birne, Antipasti-Noten, Kr\u00e4uter, k\u00f6rperreich, harmonischer Trinkfluss, fruchtig-pikanter Abgang, lang anhaltend, Physalis und Grapefruit im Nachhall<br \/><strong><u>Peter Moser, Falstaff:<\/u><\/strong> Mittleres Gelbgr\u00fcn, Silberreflexe. Mit etwas Bl\u00fctenhonig unterlegte reife Tropenfrucht, dezent nach Mango, kandierte Orangenzesten. Saftig, elegant, zarter Vanilletouch, gelbe Tropenfrucht im Abgang, bereits gut antrinkbar, guter Speisenbegleiter.<\/p><\/div>\n\t\t\t\t<\/div>\n\t\t\t\t\t\t\t<div class=\"elementor-toggle-item\">\n\t\t\t\t\t<div id=\"elementor-tab-title-1136\" class=\"elementor-tab-title\" data-tab=\"6\" role=\"button\" aria-controls=\"elementor-tab-content-1136\" aria-expanded=\"false\">\n\t\t\t\t\t\t\t\t\t\t\t\t<span class=\"elementor-toggle-icon elementor-toggle-icon-left\" aria-hidden=\"true\">\n\t\t\t\t\t\t\t\t\t\t\t\t\t\t\t<span class=\"elementor-toggle-icon-closed\"><i class=\"fas fa-angle-double-down\"><\/i><\/span>\n\t\t\t\t\t\t\t\t<span class=\"elementor-toggle-icon-opened\"><i class=\"elementor-toggle-icon-opened fas fa-angle-down\"><\/i><\/span>\n\t\t\t\t\t\t\t\t\t\t\t\t\t<\/span>\n\t\t\t\t\t\t\t\t\t\t\t\t<a class=\"elementor-toggle-title\" tabindex=\"0\">Downloads<\/a>\n\t\t\t\t\t<\/div>\n\n\t\t\t\t\t<div id=\"elementor-tab-content-1136\" class=\"elementor-tab-content elementor-clearfix\" data-tab=\"6\" role=\"region\" aria-labelledby=\"elementor-tab-title-1136\"><p>Weindatenblatt<br \/>Flaschenfoto<\/p><\/div>\n\t\t\t\t<\/div>\n\t\t\t\t\t\t\t\t<\/div>\n\t\t\t\t\t\t<\/div>\n\t\t\t\t<\/div>\n\t\t\t\t<div class=\"elementor-element elementor-element-57dfaaf elementor-align-center elementor-widget elementor-widget-button\" data-id=\"57dfaaf\" data-element_type=\"widget\" data-widget_type=\"button.default\">\n\t\t\t\t<div class=\"elementor-widget-container\">\n\t\t\t\t\t\t\t\t\t<div class=\"elementor-button-wrapper\">\n\t\t\t\t\t<a class=\"elementor-button elementor-button-link elementor-size-sm\" href=\"https:\/\/www.gerharddeim.at\/en\/weine\/\">\n\t\t\t\t\t\t<span class=\"elementor-button-content-wrapper\">\n\t\t\t\t\t\t\t\t\t<span class=\"elementor-button-text\">&lt;&lt; Weine<\/span>\n\t\t\t\t\t<\/span>\n\t\t\t\t\t<\/a>\n\t\t\t\t<\/div>\n\t\t\t\t\t\t\t\t<\/div>\n\t\t\t\t<\/div>\n\t\t\t\t\t<\/div>\n\t\t<\/div>\n\t\t\t\t\t<\/div>\n\t\t<\/section>\n\t\t\t\t<\/div>","protected":false},"excerpt":{"rendered":"<p>Ried Kalvarienberg Appellation: Kamptal DAC RiedenweinRied: Sch\u00f6nberger KalvarienbergRebsorte: Gr\u00fcner Veltliner Der weit in das Tal ragende Bergkegel Kalvarienberg beeintr\u00e4chtigt nicht nur den Flusslauf des Kamps, sondern schlie\u00dft auch die Kessellage des Ortes Sch\u00f6nberg nach Norden hin ab. Diese Schutzwirkung vor k\u00fchlen Winden resultiert in einer einzigartigen Auspr\u00e4gung des pannonisch beeinflussten Kleinklimas und somit hoher Temperaturen [&hellip;]<\/p>","protected":false},"author":1,"featured_media":0,"parent":0,"menu_order":0,"comment_status":"closed","ping_status":"closed","template":"","meta":{"ocean_post_layout":"full-screen","ocean_both_sidebars_style":"","ocean_both_sidebars_content_width":0,"ocean_both_sidebars_sidebars_width":0,"ocean_sidebar":"0","ocean_second_sidebar":"0","ocean_disable_margins":"enable","ocean_add_body_class":"","ocean_shortcode_before_top_bar":"","ocean_shortcode_after_top_bar":"","ocean_shortcode_before_header":"","ocean_shortcode_after_header":"","ocean_has_shortcode":"","ocean_shortcode_after_title":"","ocean_shortcode_before_footer_widgets":"","ocean_shortcode_after_footer_widgets":"","ocean_shortcode_before_footer_bottom":"","ocean_shortcode_after_footer_bottom":"","ocean_display_top_bar":"off","ocean_display_header":"on","ocean_header_style":"","ocean_center_header_left_menu":"0","ocean_custom_header_template":"0","ocean_custom_logo":0,"ocean_custom_retina_logo":0,"ocean_custom_logo_max_width":0,"ocean_custom_logo_tablet_max_width":0,"ocean_custom_logo_mobile_max_width":0,"ocean_custom_logo_max_height":0,"ocean_custom_logo_tablet_max_height":0,"ocean_custom_logo_mobile_max_height":0,"ocean_header_custom_menu":"0","ocean_menu_typo_font_family":"0","ocean_menu_typo_font_subset":"","ocean_menu_typo_font_size":0,"ocean_menu_typo_font_size_tablet":0,"ocean_menu_typo_font_size_mobile":0,"ocean_menu_typo_font_size_unit":"px","ocean_menu_typo_font_weight":"","ocean_menu_typo_font_weight_tablet":"","ocean_menu_typo_font_weight_mobile":"","ocean_menu_typo_transform":"","ocean_menu_typo_transform_tablet":"","ocean_menu_typo_transform_mobile":"","ocean_menu_typo_line_height":0,"ocean_menu_typo_line_height_tablet":0,"ocean_menu_typo_line_height_mobile":0,"ocean_menu_typo_line_height_unit":"","ocean_menu_typo_spacing":0,"ocean_menu_typo_spacing_tablet":0,"ocean_menu_typo_spacing_mobile":0,"ocean_menu_typo_spacing_unit":"","ocean_menu_link_color":"","ocean_menu_link_color_hover":"","ocean_menu_link_color_active":"","ocean_menu_link_background":"","ocean_menu_link_hover_background":"","ocean_menu_link_active_background":"","ocean_menu_social_links_bg":"","ocean_menu_social_hover_links_bg":"","ocean_menu_social_links_color":"","ocean_menu_social_hover_links_color":"","ocean_disable_title":"on","ocean_disable_heading":"default","ocean_post_title":"","ocean_post_subheading":"","ocean_post_title_style":"","ocean_post_title_background_color":"","ocean_post_title_background":0,"ocean_post_title_bg_image_position":"","ocean_post_title_bg_image_attachment":"","ocean_post_title_bg_image_repeat":"","ocean_post_title_bg_image_size":"","ocean_post_title_height":0,"ocean_post_title_bg_overlay":0.5,"ocean_post_title_bg_overlay_color":"","ocean_disable_breadcrumbs":"default","ocean_breadcrumbs_color":"","ocean_breadcrumbs_separator_color":"","ocean_breadcrumbs_links_color":"","ocean_breadcrumbs_links_hover_color":"","ocean_display_footer_widgets":"on","ocean_display_footer_bottom":"off","ocean_custom_footer_template":"1074","footnotes":""},"class_list":["post-95","page","type-page","status-publish","hentry","entry","owp-thumbs-layout-horizontal","owp-btn-normal","owp-tabs-layout-horizontal","has-no-thumbnails","has-product-nav"],"jetpack_sharing_enabled":true,"_links":{"self":[{"href":"https:\/\/www.gerharddeim.at\/en\/wp-json\/wp\/v2\/pages\/95","targetHints":{"allow":["GET"]}}],"collection":[{"href":"https:\/\/www.gerharddeim.at\/en\/wp-json\/wp\/v2\/pages"}],"about":[{"href":"https:\/\/www.gerharddeim.at\/en\/wp-json\/wp\/v2\/types\/page"}],"author":[{"embeddable":true,"href":"https:\/\/www.gerharddeim.at\/en\/wp-json\/wp\/v2\/users\/1"}],"replies":[{"embeddable":true,"href":"https:\/\/www.gerharddeim.at\/en\/wp-json\/wp\/v2\/comments?post=95"}],"version-history":[{"count":12,"href":"https:\/\/www.gerharddeim.at\/en\/wp-json\/wp\/v2\/pages\/95\/revisions"}],"predecessor-version":[{"id":23409,"href":"https:\/\/www.gerharddeim.at\/en\/wp-json\/wp\/v2\/pages\/95\/revisions\/23409"}],"wp:attachment":[{"href":"https:\/\/www.gerharddeim.at\/en\/wp-json\/wp\/v2\/media?parent=95"}],"curies":[{"name":"wp","href":"https:\/\/api.w.org\/{rel}","templated":true}]}}