{"id":968,"date":"2020-01-23T14:22:58","date_gmt":"2020-01-23T13:22:58","guid":{"rendered":"https:\/\/www.gerharddeim.at\/?page_id=968"},"modified":"2021-01-16T17:56:07","modified_gmt":"2021-01-16T16:56:07","slug":"weinpurguide","status":"publish","type":"page","link":"https:\/\/www.gerharddeim.at\/en\/weinpurguide\/","title":{"rendered":"wein.pur Guide"},"content":{"rendered":"<div data-elementor-type=\"wp-page\" data-elementor-id=\"968\" class=\"elementor elementor-968\" data-elementor-post-type=\"page\">\n\t\t\t\t\t\t<section class=\"elementor-section elementor-top-section elementor-element elementor-element-47233117 elementor-section-boxed elementor-section-height-default elementor-section-height-default\" data-id=\"47233117\" data-element_type=\"section\" data-settings=\"{&quot;background_background&quot;:&quot;classic&quot;}\">\n\t\t\t\t\t\t\t<div class=\"elementor-background-overlay\"><\/div>\n\t\t\t\t\t\t\t<div class=\"elementor-container elementor-column-gap-default\">\n\t\t\t\t\t<div class=\"elementor-column elementor-col-100 elementor-top-column elementor-element elementor-element-2a043358\" data-id=\"2a043358\" data-element_type=\"column\">\n\t\t\t<div class=\"elementor-widget-wrap elementor-element-populated\">\n\t\t\t\t\t\t<div class=\"elementor-element elementor-element-412cd959 elementor-widget elementor-widget-heading\" data-id=\"412cd959\" data-element_type=\"widget\" data-widget_type=\"heading.default\">\n\t\t\t\t<div class=\"elementor-widget-container\">\n\t\t\t\t\t<h2 class=\"elementor-heading-title elementor-size-default\">wein.pur GUIDE 2019\/20<\/h2>\t\t\t\t<\/div>\n\t\t\t\t<\/div>\n\t\t\t\t<div class=\"elementor-element elementor-element-18ad4fd2 elementor-widget elementor-widget-text-editor\" data-id=\"18ad4fd2\" data-element_type=\"widget\" data-widget_type=\"text-editor.default\">\n\t\t\t\t<div class=\"elementor-widget-container\">\n\t\t\t\t\t\t\t\t\t<p>The year 2018 brought the winery an early harvest. As a result, the \"lighter\" white wines have a beautiful, elegant play of acidity. The Muskateller, for example (comes from two vineyards with a vegetation difference of seven to ten days!) beguiles with its typical aromatics and a perfectly balanced fruit-acid-sugar play. The Gr\u00fcner Veltliner series leaves nothing to be desired: from peppery-fresh \"light\" to dense, multi-layered \"strong\" wines with an abundance of exotic scents, everything is present. The two Rieslings also behave in this way. The \"smaller\" one - Sch\u00f6nberg - impresses with its apricot aroma and its freshness, and the \"bigger\" one - Ried Rosenberg - has a wonderful peach aroma and great minerality with an elegant endless length. Also very convincing are the two Zweigelt (classic and \"Reserve\") and the seductive sparkling wine \"Fifty:Fifty\". A great assortment!<\/p>\t\t\t\t\t\t\t\t<\/div>\n\t\t\t\t<\/div>\n\t\t\t\t<div class=\"elementor-element elementor-element-5d96e6f elementor-widget elementor-widget-text-editor\" data-id=\"5d96e6f\" data-element_type=\"widget\" data-widget_type=\"text-editor.default\">\n\t\t\t\t<div class=\"elementor-widget-container\">\n\t\t\t\t\t\t\t\t\t<p><u><b>5 Glasses (95 to 100 points)<\/b><\/u><\/p><p><i><em>Absolutely world-class wine for a lasting, unforgettable wine experience.<\/em><\/i><b><strong>\u00a0<\/strong><\/b><\/p><p>Ried Kalvarienberg Gr\u00fcner Veltliner\u00a02018<\/p><p><u><b>4 glasses (90 to 94 points)<\/b><\/u><\/p><p class=\"translation-block\">Wine with outstanding varietal and area character, striking harmony, finesse and clear length. It provides great drinking pleasure with ageing potential.<\/p><p>Ried Bernthal Gr\u00fcner Veltliner\u00a02018<br \/>Sch\u00f6nberg Gr\u00fcner Veltliner\u00a02018<br \/>Sch\u00f6nberg Riesling\u00a02018<br \/>Ried Rosenberg Riesling\u00a02017<br \/>Zweigelt Reserve\u00a02017<br \/>Auslese Ried Kalvarienberg\u00a02017<br \/>Fifty:Fifty (SB\/MU)\u00a02018<\/p><p><b><strong>\u00a0<\/strong><\/b><b><strong>\u00a0<\/strong><\/b><u style=\"font-size: 14px; letter-spacing: 0px;\"><b>3 glasses<\/b><\/u><\/p><p class=\"translation-block\">Multifaceted representative of its variety and origin. This wine is great fun to drink at a very high level.<\/p><p>Muskateller Zwei G\u00e4rten\u00a02018<br \/>Kamptal Gr\u00fcner Veltliner\u00a02018<\/p><p><u><b>2 glasses<\/b><\/u><\/p><p class=\"translation-block\">Wine typical of the variety and region for everyday consumption with a lasting presence on the palate.<\/p><p>Weinzapfl Gr\u00fcner Veltliner\u00a02018<br \/>Ros\u00e9 (ZW)\u00a02018<br \/>Zweigelt\u00a02017<\/p>\t\t\t\t\t\t\t\t<\/div>\n\t\t\t\t<\/div>\n\t\t\t\t<div class=\"elementor-element elementor-element-a2e4f6b elementor-align-center elementor-widget elementor-widget-button\" data-id=\"a2e4f6b\" data-element_type=\"widget\" data-widget_type=\"button.default\">\n\t\t\t\t<div class=\"elementor-widget-container\">\n\t\t\t\t\t\t\t\t\t<div class=\"elementor-button-wrapper\">\n\t\t\t\t\t<a class=\"elementor-button elementor-button-link elementor-size-sm\" href=\"https:\/\/www.gerharddeim.at\/en\/weinblog\/\">\n\t\t\t\t\t\t<span class=\"elementor-button-content-wrapper\">\n\t\t\t\t\t\t\t\t\t<span class=\"elementor-button-text\">&lt;&lt; Weinblog<\/span>\n\t\t\t\t\t<\/span>\n\t\t\t\t\t<\/a>\n\t\t\t\t<\/div>\n\t\t\t\t\t\t\t\t<\/div>\n\t\t\t\t<\/div>\n\t\t\t\t\t<\/div>\n\t\t<\/div>\n\t\t\t\t\t<\/div>\n\t\t<\/section>\n\t\t\t\t<\/div>","protected":false},"excerpt":{"rendered":"<p>wein.pur GUIDE 2019\/20 Das Jahr 2018 hat dem Weingut eine fr\u00fche Lese beschert. Dadurch weisen die \u201eleichteren&#8220; Wei\u00dfweine ein sch\u00f6nes, elegantes S\u00e4urespiel auf. Der Muskateller zum Beispiel (stammt aus zwei Weing\u00e4rten mit einem Vegetationsunterschied von sieben bis zehn Tagen!) bet\u00f6rt durch eine typische Aromatik und ein perfekt ausbalanciertes Frucht-S\u00e4ure-Zucker-Spiel. Die Gr\u00fcne Veltliner Serie l\u00e4sst keine [&hellip;]<\/p>","protected":false},"author":1,"featured_media":0,"parent":0,"menu_order":0,"comment_status":"closed","ping_status":"closed","template":"","meta":{"ocean_post_layout":"full-screen","ocean_both_sidebars_style":"","ocean_both_sidebars_content_width":0,"ocean_both_sidebars_sidebars_width":0,"ocean_sidebar":"0","ocean_second_sidebar":"0","ocean_disable_margins":"enable","ocean_add_body_class":"","ocean_shortcode_before_top_bar":"","ocean_shortcode_after_top_bar":"","ocean_shortcode_before_header":"","ocean_shortcode_after_header":"","ocean_has_shortcode":"","ocean_shortcode_after_title":"","ocean_shortcode_before_footer_widgets":"","ocean_shortcode_after_footer_widgets":"","ocean_shortcode_before_footer_bottom":"","ocean_shortcode_after_footer_bottom":"","ocean_display_top_bar":"off","ocean_display_header":"on","ocean_header_style":"","ocean_center_header_left_menu":"0","ocean_custom_header_template":"","ocean_custom_logo":0,"ocean_custom_retina_logo":0,"ocean_custom_logo_max_width":0,"ocean_custom_logo_tablet_max_width":0,"ocean_custom_logo_mobile_max_width":0,"ocean_custom_logo_max_height":0,"ocean_custom_logo_tablet_max_height":0,"ocean_custom_logo_mobile_max_height":0,"ocean_header_custom_menu":"0","ocean_menu_typo_font_family":"0","ocean_menu_typo_font_subset":"","ocean_menu_typo_font_size":0,"ocean_menu_typo_font_size_tablet":0,"ocean_menu_typo_font_size_mobile":0,"ocean_menu_typo_font_size_unit":"px","ocean_menu_typo_font_weight":"","ocean_menu_typo_font_weight_tablet":"","ocean_menu_typo_font_weight_mobile":"","ocean_menu_typo_transform":"","ocean_menu_typo_transform_tablet":"","ocean_menu_typo_transform_mobile":"","ocean_menu_typo_line_height":0,"ocean_menu_typo_line_height_tablet":0,"ocean_menu_typo_line_height_mobile":0,"ocean_menu_typo_line_height_unit":"","ocean_menu_typo_spacing":0,"ocean_menu_typo_spacing_tablet":0,"ocean_menu_typo_spacing_mobile":0,"ocean_menu_typo_spacing_unit":"","ocean_menu_link_color":"","ocean_menu_link_color_hover":"","ocean_menu_link_color_active":"","ocean_menu_link_background":"","ocean_menu_link_hover_background":"","ocean_menu_link_active_background":"","ocean_menu_social_links_bg":"","ocean_menu_social_hover_links_bg":"","ocean_menu_social_links_color":"","ocean_menu_social_hover_links_color":"","ocean_disable_title":"on","ocean_disable_heading":"default","ocean_post_title":"","ocean_post_subheading":"","ocean_post_title_style":"","ocean_post_title_background_color":"","ocean_post_title_background":0,"ocean_post_title_bg_image_position":"","ocean_post_title_bg_image_attachment":"","ocean_post_title_bg_image_repeat":"","ocean_post_title_bg_image_size":"","ocean_post_title_height":0,"ocean_post_title_bg_overlay":0.5,"ocean_post_title_bg_overlay_color":"","ocean_disable_breadcrumbs":"default","ocean_breadcrumbs_color":"","ocean_breadcrumbs_separator_color":"","ocean_breadcrumbs_links_color":"","ocean_breadcrumbs_links_hover_color":"","ocean_display_footer_widgets":"on","ocean_display_footer_bottom":"off","ocean_custom_footer_template":"1156","footnotes":""},"class_list":["post-968","page","type-page","status-publish","hentry","entry","owp-thumbs-layout-horizontal","owp-btn-normal","owp-tabs-layout-horizontal","has-no-thumbnails","has-product-nav"],"jetpack_sharing_enabled":true,"_links":{"self":[{"href":"https:\/\/www.gerharddeim.at\/en\/wp-json\/wp\/v2\/pages\/968","targetHints":{"allow":["GET"]}}],"collection":[{"href":"https:\/\/www.gerharddeim.at\/en\/wp-json\/wp\/v2\/pages"}],"about":[{"href":"https:\/\/www.gerharddeim.at\/en\/wp-json\/wp\/v2\/types\/page"}],"author":[{"embeddable":true,"href":"https:\/\/www.gerharddeim.at\/en\/wp-json\/wp\/v2\/users\/1"}],"replies":[{"embeddable":true,"href":"https:\/\/www.gerharddeim.at\/en\/wp-json\/wp\/v2\/comments?post=968"}],"version-history":[{"count":0,"href":"https:\/\/www.gerharddeim.at\/en\/wp-json\/wp\/v2\/pages\/968\/revisions"}],"wp:attachment":[{"href":"https:\/\/www.gerharddeim.at\/en\/wp-json\/wp\/v2\/media?parent=968"}],"curies":[{"name":"wp","href":"https:\/\/api.w.org\/{rel}","templated":true}]}}