{"id":22962,"date":"2024-12-03T16:56:32","date_gmt":"2024-12-03T15:56:32","guid":{"rendered":"https:\/\/www.gerharddeim.at\/?post_type=product&#038;p=22962"},"modified":"2025-11-10T20:00:29","modified_gmt":"2025-11-10T19:00:29","slug":"ried-irbling-2023","status":"publish","type":"product","link":"https:\/\/www.gerharddeim.at\/en\/product\/ried-irbling-2023\/","title":{"rendered":"Ried Irbling 2024"},"content":{"rendered":"<p>Appellation: Kamptal DAC Riedenwein<br \/>\nVillage &amp; vineyard name: Sch\u00f6nberger Irbling<br \/>\nGrape variety: Riesling<\/p>\n<p>Soil: gneiss, slate<br \/>\nSeeh\u00f6he: 350-400 Meter<br \/>\nOrientation: South<br \/>\nAge of vines: up to 60 years<br \/>\nPlanting density: 3000-4000 vines per hectar<br \/>\nTraining system: Guyot<\/p>\n<p>Harvest yield: 2500 litres per hectar<br \/>\nHarvest date: mid-October<br \/>\nMaceration: short skin contact<br \/>\nMaturation: steel tank<br \/>\nBottling: 10 months after harvest<\/p>","protected":false},"excerpt":{"rendered":"<p>Der Irbling erstreckt sich von 350 bis 400 H\u00f6henmeter und liegt an den Ausl\u00e4ufern der Waldviertler Gneis-Schiefer-Platte, welche pr\u00e4gend f\u00fcr das Terroir ist. Das klimatische Spannungsfeld zwischen extremer Bodenerw\u00e4rmung und n\u00e4chtlichen Kaltluftstr\u00f6men bietet Voraussetzungen, die f\u00fcr feingliedrige Rieslinge optimal sind. Auf dem kargen Gesteinsboden entwickeln die 60 Jahre alten Rebst\u00f6cke nur noch sehr wenige Trauben und kleine Beeren, die jedoch hervorragend vom Rebstock versorgt werden und somit eine besonders reife und konzentrierte Aromatik aufweisen.<\/p>","protected":false},"featured_media":22963,"template":"","meta":{"ocean_post_layout":"","ocean_both_sidebars_style":"","ocean_both_sidebars_content_width":0,"ocean_both_sidebars_sidebars_width":0,"ocean_sidebar":"0","ocean_second_sidebar":"0","ocean_disable_margins":"enable","ocean_add_body_class":"","ocean_shortcode_before_top_bar":"","ocean_shortcode_after_top_bar":"","ocean_shortcode_before_header":"","ocean_shortcode_after_header":"","ocean_has_shortcode":"","ocean_shortcode_after_title":"","ocean_shortcode_before_footer_widgets":"","ocean_shortcode_after_footer_widgets":"","ocean_shortcode_before_footer_bottom":"","ocean_shortcode_after_footer_bottom":"","ocean_display_top_bar":"default","ocean_display_header":"default","ocean_header_style":"","ocean_center_header_left_menu":"0","ocean_custom_header_template":"0","ocean_custom_logo":0,"ocean_custom_retina_logo":0,"ocean_custom_logo_max_width":0,"ocean_custom_logo_tablet_max_width":0,"ocean_custom_logo_mobile_max_width":0,"ocean_custom_logo_max_height":0,"ocean_custom_logo_tablet_max_height":0,"ocean_custom_logo_mobile_max_height":0,"ocean_header_custom_menu":"0","ocean_menu_typo_font_family":"0","ocean_menu_typo_font_subset":"","ocean_menu_typo_font_size":0,"ocean_menu_typo_font_size_tablet":0,"ocean_menu_typo_font_size_mobile":0,"ocean_menu_typo_font_size_unit":"px","ocean_menu_typo_font_weight":"","ocean_menu_typo_font_weight_tablet":"","ocean_menu_typo_font_weight_mobile":"","ocean_menu_typo_transform":"","ocean_menu_typo_transform_tablet":"","ocean_menu_typo_transform_mobile":"","ocean_menu_typo_line_height":0,"ocean_menu_typo_line_height_tablet":0,"ocean_menu_typo_line_height_mobile":0,"ocean_menu_typo_line_height_unit":"","ocean_menu_typo_spacing":0,"ocean_menu_typo_spacing_tablet":0,"ocean_menu_typo_spacing_mobile":0,"ocean_menu_typo_spacing_unit":"","ocean_menu_link_color":"","ocean_menu_link_color_hover":"","ocean_menu_link_color_active":"","ocean_menu_link_background":"","ocean_menu_link_hover_background":"","ocean_menu_link_active_background":"","ocean_menu_social_links_bg":"","ocean_menu_social_hover_links_bg":"","ocean_menu_social_links_color":"","ocean_menu_social_hover_links_color":"","ocean_disable_title":"default","ocean_disable_heading":"default","ocean_post_title":"","ocean_post_subheading":"","ocean_post_title_style":"","ocean_post_title_background_color":"","ocean_post_title_background":0,"ocean_post_title_bg_image_position":"","ocean_post_title_bg_image_attachment":"","ocean_post_title_bg_image_repeat":"","ocean_post_title_bg_image_size":"","ocean_post_title_height":0,"ocean_post_title_bg_overlay":0.5,"ocean_post_title_bg_overlay_color":"","ocean_disable_breadcrumbs":"default","ocean_breadcrumbs_color":"","ocean_breadcrumbs_separator_color":"","ocean_breadcrumbs_links_color":"","ocean_breadcrumbs_links_hover_color":"","ocean_display_footer_widgets":"default","ocean_display_footer_bottom":"default","ocean_custom_footer_template":"0"},"product_brand":[],"product_cat":[61],"product_tag":[67,47,62,48,60],"class_list":{"0":"post-22962","1":"product","2":"type-product","3":"status-publish","4":"has-post-thumbnail","6":"product_cat-kamptal-riedenwein","7":"product_tag-irbling","8":"product_tag-kamptal","9":"product_tag-ried","10":"product_tag-riesling","11":"product_tag-schoenberg","13":"entry","14":"has-media","16":"first","17":"instock","18":"taxable","19":"shipping-taxable","20":"purchasable","21":"product-type-simple","22":"has-product-nav","23":"col","24":"span_1_of_3","25":"owp-content-center","26":"owp-thumbs-layout-horizontal","27":"owp-btn-normal","28":"owp-tabs-layout-horizontal","29":"has-no-thumbnails"},"jetpack_sharing_enabled":true,"_links":{"self":[{"href":"https:\/\/www.gerharddeim.at\/en\/wp-json\/wp\/v2\/product\/22962","targetHints":{"allow":["GET"]}}],"collection":[{"href":"https:\/\/www.gerharddeim.at\/en\/wp-json\/wp\/v2\/product"}],"about":[{"href":"https:\/\/www.gerharddeim.at\/en\/wp-json\/wp\/v2\/types\/product"}],"wp:featuredmedia":[{"embeddable":true,"href":"https:\/\/www.gerharddeim.at\/en\/wp-json\/wp\/v2\/media\/22963"}],"wp:attachment":[{"href":"https:\/\/www.gerharddeim.at\/en\/wp-json\/wp\/v2\/media?parent=22962"}],"wp:term":[{"taxonomy":"product_brand","embeddable":true,"href":"https:\/\/www.gerharddeim.at\/en\/wp-json\/wp\/v2\/product_brand?post=22962"},{"taxonomy":"product_cat","embeddable":true,"href":"https:\/\/www.gerharddeim.at\/en\/wp-json\/wp\/v2\/product_cat?post=22962"},{"taxonomy":"product_tag","embeddable":true,"href":"https:\/\/www.gerharddeim.at\/en\/wp-json\/wp\/v2\/product_tag?post=22962"}],"curies":[{"name":"wp","href":"https:\/\/api.w.org\/{rel}","templated":true}]}}